{"id":37953,"date":"2025-04-10T12:10:07","date_gmt":"2025-04-10T10:10:07","guid":{"rendered":"https:\/\/myspainfood.com\/producto\/valikoima-iberialaisia-pasteijoita-gourmet-cazorlaa\/"},"modified":"2025-04-10T12:10:07","modified_gmt":"2025-04-10T10:10:07","slug":"valikoima-iberialaisia-pasteijoita-gourmet-cazorlaa","status":"publish","type":"product","link":"https:\/\/myspainfood.com\/fi\/producto\/valikoima-iberialaisia-pasteijoita-gourmet-cazorlaa\/","title":{"rendered":"Valikoima iberialaisia pasteijoita Gourmet Cazorlaa"},"content":{"rendered":"<p>T\u00e4m\u00e4 laatikko sis\u00e4lt\u00e4\u00e4 6 perinteist\u00e4 Gourmet Cazorla -pateeta.<\/p>\n<p> T\u00e4ydellinen lahja l\u00e4heisillesi&#8230; syntym\u00e4p\u00e4iv\u00e4ksi, jouluksi, kiitokseksi vaivann\u00e4\u00f6st\u00e4 tai ihan vain siksi, ja my\u00f6s sinulle, koska olet sen ansainnut.<\/p>\n","protected":false},"excerpt":{"rendered":"<p>T\u00e4m\u00e4 laatikko sis\u00e4lt\u00e4\u00e4 6 perinteist\u00e4 Gourmet Cazorla -pateeta. T\u00e4ydellinen lahja l\u00e4heisillesi&#8230; syntym\u00e4p\u00e4iv\u00e4ksi, jouluksi, kiitokseksi vaivann\u00e4\u00f6st\u00e4 tai ihan vain siksi, ja my\u00f6s sinulle, koska olet sen ansainnut.<\/p>\n","protected":false},"featured_media":37954,"template":"","meta":{"_et_pb_use_builder":"","_et_pb_old_content":"","_et_gb_content_width":""},"product_brand":[],"product_cat":[8192,1945],"product_tag":[],"class_list":{"0":"post-37953","1":"product","2":"type-product","3":"status-publish","4":"has-post-thumbnail","6":"product_cat-pate-fi","7":"product_cat-sailyttaa","9":"first","10":"instock","11":"taxable","12":"shipping-taxable","13":"purchasable","14":"product-type-simple"},"_links":{"self":[{"href":"https:\/\/myspainfood.com\/fi\/wp-json\/wp\/v2\/product\/37953","targetHints":{"allow":["GET"]}}],"collection":[{"href":"https:\/\/myspainfood.com\/fi\/wp-json\/wp\/v2\/product"}],"about":[{"href":"https:\/\/myspainfood.com\/fi\/wp-json\/wp\/v2\/types\/product"}],"wp:featuredmedia":[{"embeddable":true,"href":"https:\/\/myspainfood.com\/fi\/wp-json\/wp\/v2\/media\/37954"}],"wp:attachment":[{"href":"https:\/\/myspainfood.com\/fi\/wp-json\/wp\/v2\/media?parent=37953"}],"wp:term":[{"taxonomy":"product_brand","embeddable":true,"href":"https:\/\/myspainfood.com\/fi\/wp-json\/wp\/v2\/product_brand?post=37953"},{"taxonomy":"product_cat","embeddable":true,"href":"https:\/\/myspainfood.com\/fi\/wp-json\/wp\/v2\/product_cat?post=37953"},{"taxonomy":"product_tag","embeddable":true,"href":"https:\/\/myspainfood.com\/fi\/wp-json\/wp\/v2\/product_tag?post=37953"}],"curies":[{"name":"wp","href":"https:\/\/api.w.org\/{rel}","templated":true}]}}