{"id":38266,"date":"2025-04-10T12:14:40","date_gmt":"2025-04-10T10:14:40","guid":{"rendered":"https:\/\/myspainfood.com\/producto\/chilen-escabeche-simpukat-10-15-kpl-marevento\/"},"modified":"2026-01-30T14:30:58","modified_gmt":"2026-01-30T13:30:58","slug":"chilen-escabeche-simpukat-10-15-kpl-marevento","status":"publish","type":"product","link":"https:\/\/myspainfood.com\/fi\/producto\/chilen-escabeche-simpukat-10-15-kpl-marevento\/","title":{"rendered":"Chile escabeche-simpukat 10-15 kpl Marevento"},"content":{"rendered":"<p>Keitet\u00e4\u00e4n ja paistetaan auringonkukka\u00f6ljyss\u00e4. Byssus poistetaan k\u00e4sin ja pakataan yksitellen. Mukana on ainutlaatuinen marinadi, joka on valmistettu t\u00e4ysin luonnollisista ainesosista. Ainesosat: Chilel\u00e4iset simpukat, escabeche (auringonkukka\u00f6ljy, punaviinietikka, vesi, luontaiset aromit, mausteet ja suola).<\/p>\n","protected":false},"excerpt":{"rendered":"<p>Keitet\u00e4\u00e4n ja paistetaan auringonkukka\u00f6ljyss\u00e4. Byssus poistetaan k\u00e4sin ja pakataan yksitellen. Mukana on ainutlaatuinen marinadi, joka on valmistettu t\u00e4ysin luonnollisista ainesosista. Ainesosat: Chilel\u00e4iset simpukat, escabeche (auringonkukka\u00f6ljy, punaviinietikka, vesi, luontaiset aromit, mausteet ja suola).<\/p>\n","protected":false},"featured_media":38269,"template":"","meta":{"_et_pb_use_builder":"","_et_pb_old_content":"","_et_gb_content_width":""},"product_brand":[1428],"product_cat":[1945,4070],"product_tag":[],"class_list":{"0":"post-38266","1":"product","2":"type-product","3":"status-publish","4":"has-post-thumbnail","6":"product_brand-portonovo","7":"product_cat-sailyttaa","8":"product_cat-sinisimpukat-fi","10":"first","11":"instock","12":"taxable","13":"shipping-taxable","14":"purchasable","15":"product-type-variable"},"_links":{"self":[{"href":"https:\/\/myspainfood.com\/fi\/wp-json\/wp\/v2\/product\/38266","targetHints":{"allow":["GET"]}}],"collection":[{"href":"https:\/\/myspainfood.com\/fi\/wp-json\/wp\/v2\/product"}],"about":[{"href":"https:\/\/myspainfood.com\/fi\/wp-json\/wp\/v2\/types\/product"}],"wp:featuredmedia":[{"embeddable":true,"href":"https:\/\/myspainfood.com\/fi\/wp-json\/wp\/v2\/media\/38269"}],"wp:attachment":[{"href":"https:\/\/myspainfood.com\/fi\/wp-json\/wp\/v2\/media?parent=38266"}],"wp:term":[{"taxonomy":"product_brand","embeddable":true,"href":"https:\/\/myspainfood.com\/fi\/wp-json\/wp\/v2\/product_brand?post=38266"},{"taxonomy":"product_cat","embeddable":true,"href":"https:\/\/myspainfood.com\/fi\/wp-json\/wp\/v2\/product_cat?post=38266"},{"taxonomy":"product_tag","embeddable":true,"href":"https:\/\/myspainfood.com\/fi\/wp-json\/wp\/v2\/product_tag?post=38266"}],"curies":[{"name":"wp","href":"https:\/\/api.w.org\/{rel}","templated":true}]}}