{"id":38314,"date":"2025-04-10T12:14:40","date_gmt":"2025-04-10T10:14:40","guid":{"rendered":"https:\/\/myspainfood.com\/producto\/uuden-seelannin-simpukat-marinoituun-kastikkeeseen-4-6-kappaletta-giant-portonovo-115-gr\/"},"modified":"2026-01-30T14:32:20","modified_gmt":"2026-01-30T13:32:20","slug":"uuden-seelannin-simpukat-marinoituun-kastikkeeseen-4-6-kappaletta-giant-portonovo-115-gr","status":"publish","type":"product","link":"https:\/\/myspainfood.com\/fi\/producto\/uuden-seelannin-simpukat-marinoituun-kastikkeeseen-4-6-kappaletta-giant-portonovo-115-gr\/","title":{"rendered":"Uuden-Seelannin simpukat marinoituun kastikkeeseen 4-6 kappaletta Giant Portonovo - 115 Gr"},"content":{"rendered":"<p>Tutustu <strong>Gigante Portonovon<\/strong> <strong>Uuden-Seelannin sinisimpukoiden<\/strong> makuun ja laatuun <strong>marinoidussa kastikkeessa<\/strong>. T\u00e4m\u00e4 ensiluokkainen tuote sis\u00e4lt\u00e4\u00e4 4-6 valittua palaa isoja simpukoita 115 gramman pakkauksessa, jotka sopivat erinomaisesti tapaksiksi, salaatteihin tai gourmet-alkupalaksi. <\/p>\n<p>Uuden-Seelannin kristallinkirkkaissa vesiss\u00e4 kasvatetut simpukat erottuvat edukseen lihaisan rakenteensa ja vertaansa vailla olevan makunsa ansiosta, jota korostaa niiden tuoreutta ja laatua korostava hell\u00e4varainen marinadi. Niiss\u00e4 on my\u00f6s runsaasti proteiinia, omega-3-rasvahappoja ja t\u00e4rkeit\u00e4 kivenn\u00e4isaineita, joten ne ovat terveellinen ja herkullinen valinta mihin tahansa ruokavalioon. <\/p>\n<p>Jos haluat lis\u00e4\u00e4 \u00e4yri\u00e4isruokavaihtoehtoja, k\u00e4y <a href=\"https:\/\/latiendadesami.com\/categoria-producto\/conservas\/\" target=\"_new\" rel=\"noopener noreferrer nofollow\" target=\"_blank\">s\u00e4ilykkeiden osiossamme<\/a> ja tutustu <strong>marinoidun uusiseelantilaisen simpukan<\/strong> hy\u00f6tyihin tasapainoisessa ruokavaliossa. Maista laatua ja aitoutta, jota vain Portonovo voi tarjota!<\/p>\n","protected":false},"excerpt":{"rendered":"<p>Tutustu Gigante Portonovon Uuden-Seelannin sinisimpukoiden makuun ja laatuun marinoidussa kastikkeessa. T\u00e4m\u00e4 ensiluokkainen tuote sis\u00e4lt\u00e4\u00e4 4-6 valittua palaa isoja simpukoita 115 gramman pakkauksessa, jotka sopivat erinomaisesti tapaksiksi, salaatteihin tai gourmet-alkupalaksi. Uuden-Seelannin kristallinkirkkaissa vesiss\u00e4 kasvatetut simpukat erottuvat edukseen lihaisan rakenteensa ja vertaansa vailla olevan makunsa ansiosta, jota korostaa niiden tuoreutta ja laatua korostava hell\u00e4varainen marinadi. Niiss\u00e4 on [&hellip;]<\/p>\n","protected":false},"featured_media":38315,"template":"","meta":{"_et_pb_use_builder":"","_et_pb_old_content":"","_et_gb_content_width":""},"product_brand":[1428],"product_cat":[1945,4070],"product_tag":[],"class_list":{"0":"post-38314","1":"product","2":"type-product","3":"status-publish","4":"has-post-thumbnail","6":"product_brand-portonovo","7":"product_cat-sailyttaa","8":"product_cat-sinisimpukat-fi","10":"first","11":"outofstock","12":"taxable","13":"shipping-taxable","14":"product-type-variable"},"_links":{"self":[{"href":"https:\/\/myspainfood.com\/fi\/wp-json\/wp\/v2\/product\/38314","targetHints":{"allow":["GET"]}}],"collection":[{"href":"https:\/\/myspainfood.com\/fi\/wp-json\/wp\/v2\/product"}],"about":[{"href":"https:\/\/myspainfood.com\/fi\/wp-json\/wp\/v2\/types\/product"}],"wp:featuredmedia":[{"embeddable":true,"href":"https:\/\/myspainfood.com\/fi\/wp-json\/wp\/v2\/media\/38315"}],"wp:attachment":[{"href":"https:\/\/myspainfood.com\/fi\/wp-json\/wp\/v2\/media?parent=38314"}],"wp:term":[{"taxonomy":"product_brand","embeddable":true,"href":"https:\/\/myspainfood.com\/fi\/wp-json\/wp\/v2\/product_brand?post=38314"},{"taxonomy":"product_cat","embeddable":true,"href":"https:\/\/myspainfood.com\/fi\/wp-json\/wp\/v2\/product_cat?post=38314"},{"taxonomy":"product_tag","embeddable":true,"href":"https:\/\/myspainfood.com\/fi\/wp-json\/wp\/v2\/product_tag?post=38314"}],"curies":[{"name":"wp","href":"https:\/\/api.w.org\/{rel}","templated":true}]}}