{"id":38583,"date":"2025-04-10T12:09:10","date_gmt":"2025-04-10T10:09:10","guid":{"rendered":"https:\/\/myspainfood.com\/producto\/vuohen-ja-lehmajuusto-ribera-del-duero-viini-el-gran-cardenal\/"},"modified":"2025-06-24T16:15:47","modified_gmt":"2025-06-24T14:15:47","slug":"vuohen-ja-lehmajuusto-ribera-del-duero-viini-el-gran-cardenal","status":"publish","type":"product","link":"https:\/\/myspainfood.com\/fi\/producto\/vuohen-ja-lehmajuusto-ribera-del-duero-viini-el-gran-cardenal\/","title":{"rendered":"Vuohen- ja lehm\u00e4juusto Ribera del Duero Viini El Gran Cardenal"},"content":{"rendered":"<div class=\"et_pb_blurb_container\">\n<div class=\"et_pb_blurb_container\">\n<h4 class=\"et_pb_module_header\">Vuohi ja Ribera de Duero -viini<\/h4>\n<div class=\"et_pb_blurb_description\">Vuohen- ja lehm\u00e4nmaidosta valmistettu kermainen juusto, jonka seurana on yksi Espanjassa tuotetuista erinomaisista viineist\u00e4, Ribera del Duero -viini (nimitys, joka k\u00e4sitt\u00e4\u00e4 Castilla y Le\u00f3nissa sijaitsevat viinitarhat).<\/p>\n<p>Viinin v\u00e4ri n\u00e4kyy juuston sis\u00e4ll\u00e4, kun sit\u00e4 lis\u00e4t\u00e4\u00e4n valmistuksen yhteydess\u00e4.<\/p><\/div>\n<\/div>\n<\/div>\n","protected":false},"excerpt":{"rendered":"<p>Vuohi ja Ribera de Duero -viini Vuohen- ja lehm\u00e4nmaidosta valmistettu kermainen juusto, jonka seurana on yksi Espanjassa tuotetuista erinomaisista viineist\u00e4, Ribera del Duero -viini (nimitys, joka k\u00e4sitt\u00e4\u00e4 Castilla y Le\u00f3nissa sijaitsevat viinitarhat). Viinin v\u00e4ri n\u00e4kyy juuston sis\u00e4ll\u00e4, kun sit\u00e4 lis\u00e4t\u00e4\u00e4n valmistuksen yhteydess\u00e4.<\/p>\n","protected":false},"featured_media":38589,"template":"","meta":{"_et_pb_use_builder":"","_et_pb_old_content":"","_et_gb_content_width":""},"product_brand":[1319],"product_cat":[2301,2738,1872],"product_tag":[],"class_list":{"0":"post-38583","1":"product","2":"type-product","3":"status-publish","4":"has-post-thumbnail","6":"product_brand-el-gran-cardenal","7":"product_cat-juustoa-ja-makkaraa","8":"product_cat-kovettuminen","9":"product_cat-kylma","10":"product_shipping_class-kylmalahetys","12":"first","13":"instock","14":"taxable","15":"shipping-taxable","16":"purchasable","17":"product-type-variable"},"_links":{"self":[{"href":"https:\/\/myspainfood.com\/fi\/wp-json\/wp\/v2\/product\/38583","targetHints":{"allow":["GET"]}}],"collection":[{"href":"https:\/\/myspainfood.com\/fi\/wp-json\/wp\/v2\/product"}],"about":[{"href":"https:\/\/myspainfood.com\/fi\/wp-json\/wp\/v2\/types\/product"}],"wp:featuredmedia":[{"embeddable":true,"href":"https:\/\/myspainfood.com\/fi\/wp-json\/wp\/v2\/media\/38589"}],"wp:attachment":[{"href":"https:\/\/myspainfood.com\/fi\/wp-json\/wp\/v2\/media?parent=38583"}],"wp:term":[{"taxonomy":"product_brand","embeddable":true,"href":"https:\/\/myspainfood.com\/fi\/wp-json\/wp\/v2\/product_brand?post=38583"},{"taxonomy":"product_cat","embeddable":true,"href":"https:\/\/myspainfood.com\/fi\/wp-json\/wp\/v2\/product_cat?post=38583"},{"taxonomy":"product_tag","embeddable":true,"href":"https:\/\/myspainfood.com\/fi\/wp-json\/wp\/v2\/product_tag?post=38583"}],"curies":[{"name":"wp","href":"https:\/\/api.w.org\/{rel}","templated":true}]}}