{"id":38804,"date":"2025-04-10T12:09:16","date_gmt":"2025-04-10T10:09:16","guid":{"rendered":"https:\/\/myspainfood.com\/producto\/kantabrianmeren-platinasarjan-sardelli-oliivioljyssa\/"},"modified":"2025-06-24T13:40:01","modified_gmt":"2025-06-24T11:40:01","slug":"kantabrianmeren-platinasarjan-sardelli-oliivioljyssa","status":"publish","type":"product","link":"https:\/\/myspainfood.com\/fi\/producto\/kantabrianmeren-platinasarjan-sardelli-oliivioljyssa\/","title":{"rendered":"Kantabrianmeren platinasarjan sardelli oliivi\u00f6ljyss\u00e4"},"content":{"rendered":"<p><a href=\"https:\/\/conservasarlequin.com\/serie-oro\/\" target=\"_blank\" rel=\"noopener noreferrer nofollow\">Arlequin<\/a> Platinum Series Anjovis oliivi\u00f6ljyss\u00e4 on k\u00e4sity\u00f6n\u00e4 valmistettu s\u00e4ilykkeiden tuote.<\/p>\n<p><strong>E. A. N.:<\/strong> 8421993910985<\/p>\n<p><strong>Koodi:<\/strong> 10010044<\/p>\n<p><strong>Nettopaino: <\/strong>110g \/ 70g<\/p>\n<p><strong>Fileiden lukum\u00e4\u00e4r\u00e4 \/ kappalem\u00e4\u00e4r\u00e4:<\/strong> 12<\/p>\n<p>Conservas <a href=\"https:\/\/latiendadesami.com\/marca\/arlequin\/\" target=\"_blank\" rel=\"noopener noreferrer nofollow\">Arlequ\u00ednin<\/a> teht\u00e4v\u00e4n\u00e4 on tarjota erinomaisia tuotteita, parasta palvelua ja laaja valikoima kalas\u00e4ilykkeit\u00e4 parhaaseen hintaan.<\/p>\n<p>He ovat my\u00f6s erikoistuneet sardellien, Anchoa Arlequin Serie Oro 00, Serie Platinum oliivi\u00f6ljyss\u00e4, anjoviksen, Boniton, keltaev\u00e4tonnikalan, simpukoiden, makrillien ja sardiinien valmistukseen.<\/p>\n<p>Esimerkiksi El Pa\u00eds -sanomalehden Comidista sanoi ventrescasta: &#8221;Se on niin hentoa, melkein kermaista, ett\u00e4 sen kanssa tekee mieli menn\u00e4 naimisiin ja el\u00e4\u00e4 onnellisena, kunnes herra vie&#8221;.<\/p>\n<h4>S\u00e4ilykkeiden t\u00e4rkeimm\u00e4t edut<\/h4>\n<ol>\n<li>Ne s\u00e4ilytt\u00e4v\u00e4t kaikki elintarvikkeen ravitsemukselliset ominaisuudet. Ruoka s\u00e4ilytt\u00e4\u00e4 tuoreutensa. <\/li>\n<li>K\u00e4ytetyt elintarvikkeet ovat terveellisi\u00e4 ja sopivat siksi optimaaliseen ruokavalioon niiden korkean vitamiini- ja proteiinipitoisuuden ansiosta.<\/li>\n<li>N\u00e4iden tuotteiden k\u00e4ytt\u00f6ik\u00e4 on pidempi (tyypillisesti 2-5 vuotta).<\/li>\n<li>S\u00e4ilykkeet ovat eritt\u00e4in helppoja s\u00e4ilytt\u00e4\u00e4, sill\u00e4 niiden pakkaukset on helppo levitt\u00e4\u00e4.<\/li>\n<\/ol>\n<p>Jos haluat ostaa tonnikalaa tai muita <a href=\"https:\/\/latiendadesami.com\/categoria-producto\/conservas\/\" rel=\"noopener noreferrer nofollow\" target=\"_blank\">s\u00e4ilykkeit\u00e4<\/a>, \u00e4l\u00e4 ep\u00e4r\u00f6i katsoa verkkoluetteloamme ja tutustua laajaan <a href=\"https:\/\/latiendadesami.com\/categoria-producto\/conservas\/atun-y-bonito\/\" target=\"_blank\" rel=\"noopener noreferrer nofollow\">tonnikalavalikoimaamme<\/a>.<\/p>\n<p>Kirjoita meille saadaksesi lis\u00e4tietoja.<\/p>\n","protected":false},"excerpt":{"rendered":"<p>Arlequin Platinum Series Anjovis oliivi\u00f6ljyss\u00e4 on k\u00e4sity\u00f6n\u00e4 valmistettu s\u00e4ilykkeiden tuote. E. A. N.: 8421993910985 Koodi: 10010044 Nettopaino: 110g \/ 70g Fileiden lukum\u00e4\u00e4r\u00e4 \/ kappalem\u00e4\u00e4r\u00e4: 12 Conservas Arlequ\u00ednin teht\u00e4v\u00e4n\u00e4 on tarjota erinomaisia tuotteita, parasta palvelua ja laaja valikoima kalas\u00e4ilykkeit\u00e4 parhaaseen hintaan. He ovat my\u00f6s erikoistuneet sardellien, Anchoa Arlequin Serie Oro 00, Serie Platinum oliivi\u00f6ljyss\u00e4, anjoviksen, Boniton, [&hellip;]<\/p>\n","protected":false},"featured_media":38806,"template":"","meta":{"_et_pb_use_builder":"","_et_pb_old_content":"","_et_gb_content_width":""},"product_brand":[1162],"product_cat":[1872,5238],"product_tag":[8229],"class_list":{"0":"post-38804","1":"product","2":"type-product","3":"status-publish","4":"has-post-thumbnail","6":"product_brand-arlequin","7":"product_cat-kylma","8":"product_cat-sardellit-fi-3","9":"product_tag-platinum-sarja","10":"product_shipping_class-kylmalahetys","12":"first","13":"outofstock","14":"sale","15":"taxable","16":"shipping-taxable","17":"purchasable","18":"product-type-simple"},"_links":{"self":[{"href":"https:\/\/myspainfood.com\/fi\/wp-json\/wp\/v2\/product\/38804","targetHints":{"allow":["GET"]}}],"collection":[{"href":"https:\/\/myspainfood.com\/fi\/wp-json\/wp\/v2\/product"}],"about":[{"href":"https:\/\/myspainfood.com\/fi\/wp-json\/wp\/v2\/types\/product"}],"wp:featuredmedia":[{"embeddable":true,"href":"https:\/\/myspainfood.com\/fi\/wp-json\/wp\/v2\/media\/38806"}],"wp:attachment":[{"href":"https:\/\/myspainfood.com\/fi\/wp-json\/wp\/v2\/media?parent=38804"}],"wp:term":[{"taxonomy":"product_brand","embeddable":true,"href":"https:\/\/myspainfood.com\/fi\/wp-json\/wp\/v2\/product_brand?post=38804"},{"taxonomy":"product_cat","embeddable":true,"href":"https:\/\/myspainfood.com\/fi\/wp-json\/wp\/v2\/product_cat?post=38804"},{"taxonomy":"product_tag","embeddable":true,"href":"https:\/\/myspainfood.com\/fi\/wp-json\/wp\/v2\/product_tag?post=38804"}],"curies":[{"name":"wp","href":"https:\/\/api.w.org\/{rel}","templated":true}]}}