{"id":38822,"date":"2025-04-10T12:09:11","date_gmt":"2025-04-10T10:09:11","guid":{"rendered":"https:\/\/myspainfood.com\/producto\/laktoositon-juustosekoitus-250-gr-el-gran-cardenal-250-gr\/"},"modified":"2025-06-24T13:37:44","modified_gmt":"2025-06-24T11:37:44","slug":"laktoositon-juustosekoitus-250-gr-el-gran-cardenal-250-gr","status":"publish","type":"product","link":"https:\/\/myspainfood.com\/fi\/producto\/laktoositon-juustosekoitus-250-gr-el-gran-cardenal-250-gr\/","title":{"rendered":"Laktoositon juustosekoitus 250 gr El Gran Cardenal 250 gr."},"content":{"rendered":"<div class=\"et_pb_blurb_container\">\n<div class=\"et_pb_blurb_container\">\n<div class=\"et_pb_blurb_container\">\n<h4 class=\"et_pb_module_header\">Laktoositon sekoitus<\/h4>\n<div class=\"et_pb_blurb_description\">Laktoosi-intolerantikkojen ei en\u00e4\u00e4 tarvitse luopua hyv\u00e4st\u00e4 juustosta.<\/p>\n<p>Valmistettu lampaan- ja lehm\u00e4nmaidosta, joka on asianmukaisesti k\u00e4sitelty laktoosin poistamiseksi, saadaan juusto, jonka voimakkuus on mieto, kermainen rakenne ja hieman makea maku.<\/p>\n<p>My\u00f6s muu perhe pit\u00e4\u00e4 siit\u00e4.<\/p><\/div>\n<\/div>\n<\/div>\n<\/div>\n","protected":false},"excerpt":{"rendered":"<p>Laktoositon sekoitus Laktoosi-intolerantikkojen ei en\u00e4\u00e4 tarvitse luopua hyv\u00e4st\u00e4 juustosta. Valmistettu lampaan- ja lehm\u00e4nmaidosta, joka on asianmukaisesti k\u00e4sitelty laktoosin poistamiseksi, saadaan juusto, jonka voimakkuus on mieto, kermainen rakenne ja hieman makea maku. My\u00f6s muu perhe pit\u00e4\u00e4 siit\u00e4.<\/p>\n","protected":false},"featured_media":38824,"template":"","meta":{"_et_pb_use_builder":"","_et_pb_old_content":"","_et_gb_content_width":""},"product_brand":[1319],"product_cat":[2301,2738,1872],"product_tag":[],"class_list":{"0":"post-38822","1":"product","2":"type-product","3":"status-publish","4":"has-post-thumbnail","6":"product_brand-el-gran-cardenal","7":"product_cat-juustoa-ja-makkaraa","8":"product_cat-kovettuminen","9":"product_cat-kylma","10":"product_shipping_class-kylmalahetys","12":"first","13":"outofstock","14":"sale","15":"taxable","16":"shipping-taxable","17":"purchasable","18":"product-type-simple"},"_links":{"self":[{"href":"https:\/\/myspainfood.com\/fi\/wp-json\/wp\/v2\/product\/38822","targetHints":{"allow":["GET"]}}],"collection":[{"href":"https:\/\/myspainfood.com\/fi\/wp-json\/wp\/v2\/product"}],"about":[{"href":"https:\/\/myspainfood.com\/fi\/wp-json\/wp\/v2\/types\/product"}],"wp:featuredmedia":[{"embeddable":true,"href":"https:\/\/myspainfood.com\/fi\/wp-json\/wp\/v2\/media\/38824"}],"wp:attachment":[{"href":"https:\/\/myspainfood.com\/fi\/wp-json\/wp\/v2\/media?parent=38822"}],"wp:term":[{"taxonomy":"product_brand","embeddable":true,"href":"https:\/\/myspainfood.com\/fi\/wp-json\/wp\/v2\/product_brand?post=38822"},{"taxonomy":"product_cat","embeddable":true,"href":"https:\/\/myspainfood.com\/fi\/wp-json\/wp\/v2\/product_cat?post=38822"},{"taxonomy":"product_tag","embeddable":true,"href":"https:\/\/myspainfood.com\/fi\/wp-json\/wp\/v2\/product_tag?post=38822"}],"curies":[{"name":"wp","href":"https:\/\/api.w.org\/{rel}","templated":true}]}}