{"id":38884,"date":"2025-04-10T12:09:21","date_gmt":"2025-04-10T10:09:21","guid":{"rendered":"https:\/\/myspainfood.com\/producto\/240-kpl-oti-marinoitu-simpukka-7-10-kpl\/"},"modified":"2025-04-10T12:09:21","modified_gmt":"2025-04-10T10:09:21","slug":"240-kpl-oti-marinoitu-simpukka-7-10-kpl","status":"publish","type":"product","link":"https:\/\/myspainfood.com\/fi\/producto\/240-kpl-oti-marinoitu-simpukka-7-10-kpl\/","title":{"rendered":"240 kpl. Oti marinoitu simpukka 7\/10 kpl"},"content":{"rendered":"<p>10 laatikkoa 24 yksikk\u00f6\u00e4 - 240 yksikk\u00f6\u00e4 5,98 euroa kappaleelta.<\/p>\n<p>Oti-simpukat 7\/10 kpl ovat <a href=\"http:\/\/www.conservasoti.es\/paginas\/historia.html\" target=\"_blank\" rel=\"noopener noreferrer nofollow\">perinteisell\u00e4<\/a> tavalla valmistettu luonnontuote.<\/p>\n<p>Conservas Oti on perheperinteinen yritys, jonka hyv\u00e4 ty\u00f6 on siirtynyt sukupolvelta toiselle.<\/p>\n<p>Perheen kova ty\u00f6 ja ponnistelut ovat suurelta osin mahdollistaneet <span class=\"negrita\">Conservas Otin<\/span> kasvun ja laajentumisen.<\/p>\n<p>T\u00e4rkeimm\u00e4t liiketoiminta-alueet ovat From the Sea, From the Land ja From the Farm.<\/p>\n<p>Merest\u00e4: simpukat, ventresca, sardinillat, melva&#8230; Oti Mussel 7\/10 kpl <\/p>\n<p>Paikallisia tuotteita ovat muun muassa: maitokikherneet, valkoiset kidneypavut, pintopavut, Pardina-linssit&#8230;<\/p>\n<p>Maatilalta: puhdas lammasjuusto, m\u00e4kikuismasta kasvatettu iberialainen kinkku, m\u00e4kikuismasta kasvatettu iberialainen salchich\u00f3n, m\u00e4kikuismasta kasvatettu iberialainen chorizo,&#8230;.<\/p>\n<h4>S\u00e4ilykkeiden t\u00e4rkeimm\u00e4t edut<\/h4>\n<ol>\n<li>Ne s\u00e4ilytt\u00e4v\u00e4t kaikki elintarvikkeen ravitsemukselliset ominaisuudet. Ruoka s\u00e4ilytt\u00e4\u00e4 tuoreutensa. <\/li>\n<li>K\u00e4ytetyt elintarvikkeet ovat terveellisi\u00e4 ja sopivat siksi optimaaliseen ruokavalioon niiden korkean vitamiini- ja proteiinipitoisuuden ansiosta.<\/li>\n<li>N\u00e4iden tuotteiden k\u00e4ytt\u00f6ik\u00e4 on pidempi (tyypillisesti 2-5 vuotta).<\/li>\n<li>S\u00e4ilykkeet ovat eritt\u00e4in helppoja s\u00e4ilytt\u00e4\u00e4, sill\u00e4 niiden pakkaukset on helppo levitt\u00e4\u00e4.<\/li>\n<\/ol>\n<p>Jos haluat ostaa tonnikalaa tai muita <a href=\"https:\/\/latiendadesami.com\/categoria-producto\/conservas\/\" rel=\"noopener noreferrer nofollow\" target=\"_blank\">s\u00e4ilykkeit\u00e4<\/a>, \u00e4l\u00e4 ep\u00e4r\u00f6i katsoa verkkoluetteloamme ja tutustua laajaan <a href=\"https:\/\/latiendadesami.com\/categoria-producto\/conservas\/atun-y-bonito\/\" target=\"_blank\" rel=\"noopener noreferrer nofollow\">tonnikalavalikoimaamme<\/a>.<\/p>\n<p>Kirjoita meille saadaksesi lis\u00e4tietoja.<\/p>\n","protected":false},"excerpt":{"rendered":"<p>10 laatikkoa 24 yksikk\u00f6\u00e4 - 240 yksikk\u00f6\u00e4 5,98 euroa kappaleelta. Oti-simpukat 7\/10 kpl ovat perinteisell\u00e4 tavalla valmistettu luonnontuote. Conservas Oti on perheperinteinen yritys, jonka hyv\u00e4 ty\u00f6 on siirtynyt sukupolvelta toiselle. Perheen kova ty\u00f6 ja ponnistelut ovat suurelta osin mahdollistaneet Conservas Otin kasvun ja laajentumisen. T\u00e4rkeimm\u00e4t liiketoiminta-alueet ovat From the Sea, From the Land ja From [&hellip;]<\/p>\n","protected":false},"featured_media":24911,"template":"","meta":{"_et_pb_use_builder":"","_et_pb_old_content":"","_et_gb_content_width":""},"product_brand":[1075],"product_cat":[1945,4070,3003],"product_tag":[],"class_list":{"0":"post-38884","1":"product","2":"type-product","3":"status-publish","4":"has-post-thumbnail","6":"product_brand-oti","7":"product_cat-sailyttaa","8":"product_cat-sinisimpukat-fi","9":"product_cat-tukku","11":"first","12":"outofstock","13":"taxable","14":"shipping-taxable","15":"purchasable","16":"product-type-simple"},"_links":{"self":[{"href":"https:\/\/myspainfood.com\/fi\/wp-json\/wp\/v2\/product\/38884","targetHints":{"allow":["GET"]}}],"collection":[{"href":"https:\/\/myspainfood.com\/fi\/wp-json\/wp\/v2\/product"}],"about":[{"href":"https:\/\/myspainfood.com\/fi\/wp-json\/wp\/v2\/types\/product"}],"wp:featuredmedia":[{"embeddable":true,"href":"https:\/\/myspainfood.com\/fi\/wp-json\/wp\/v2\/media\/24911"}],"wp:attachment":[{"href":"https:\/\/myspainfood.com\/fi\/wp-json\/wp\/v2\/media?parent=38884"}],"wp:term":[{"taxonomy":"product_brand","embeddable":true,"href":"https:\/\/myspainfood.com\/fi\/wp-json\/wp\/v2\/product_brand?post=38884"},{"taxonomy":"product_cat","embeddable":true,"href":"https:\/\/myspainfood.com\/fi\/wp-json\/wp\/v2\/product_cat?post=38884"},{"taxonomy":"product_tag","embeddable":true,"href":"https:\/\/myspainfood.com\/fi\/wp-json\/wp\/v2\/product_tag?post=38884"}],"curies":[{"name":"wp","href":"https:\/\/api.w.org\/{rel}","templated":true}]}}