{"id":39249,"date":"2025-04-10T12:09:43","date_gmt":"2025-04-10T10:09:43","guid":{"rendered":"https:\/\/myspainfood.com\/producto\/el-gran-cardenal-puolikypsa-san-isidro-juusto\/"},"modified":"2025-07-28T13:13:25","modified_gmt":"2025-07-28T11:13:25","slug":"el-gran-cardenal-puolikypsa-san-isidro-juusto","status":"publish","type":"product","link":"https:\/\/myspainfood.com\/fi\/producto\/el-gran-cardenal-puolikypsa-san-isidro-juusto\/","title":{"rendered":"El Gran Cardenal Puolikyps\u00e4 San Isidro -juusto"},"content":{"rendered":"<p>Juustoista miedoin, koska se sis\u00e4lt\u00e4\u00e4 enemm\u00e4n lehm\u00e4nmaitoa ja v\u00e4hint\u00e4\u00e4n 10 % lampaanmaitoa.<\/p>\n<p>Juustoja on kahta eri tyyppi\u00e4 kypsytyksen mukaan: puolikovetettua (2-4 kuukautta kypsytyst\u00e4) ja kovetettua (4-6 kuukautta kypsytyst\u00e4).<\/p>\n","protected":false},"excerpt":{"rendered":"<p>Juustoista miedoin, koska se sis\u00e4lt\u00e4\u00e4 enemm\u00e4n lehm\u00e4nmaitoa ja v\u00e4hint\u00e4\u00e4n 10 % lampaanmaitoa. Juustoja on kahta eri tyyppi\u00e4 kypsytyksen mukaan: puolikovetettua (2-4 kuukautta kypsytyst\u00e4) ja kovetettua (4-6 kuukautta kypsytyst\u00e4).<\/p>\n","protected":false},"featured_media":39256,"template":"","meta":{"_et_pb_use_builder":"","_et_pb_old_content":"","_et_gb_content_width":""},"product_brand":[1319],"product_cat":[2301,2738,1872],"product_tag":[],"class_list":{"0":"post-39249","1":"product","2":"type-product","3":"status-publish","4":"has-post-thumbnail","6":"product_brand-el-gran-cardenal","7":"product_cat-juustoa-ja-makkaraa","8":"product_cat-kovettuminen","9":"product_cat-kylma","10":"product_shipping_class-kylmalahetys","12":"first","13":"outofstock","14":"taxable","15":"shipping-taxable","16":"product-type-variable"},"_links":{"self":[{"href":"https:\/\/myspainfood.com\/fi\/wp-json\/wp\/v2\/product\/39249","targetHints":{"allow":["GET"]}}],"collection":[{"href":"https:\/\/myspainfood.com\/fi\/wp-json\/wp\/v2\/product"}],"about":[{"href":"https:\/\/myspainfood.com\/fi\/wp-json\/wp\/v2\/types\/product"}],"wp:featuredmedia":[{"embeddable":true,"href":"https:\/\/myspainfood.com\/fi\/wp-json\/wp\/v2\/media\/39256"}],"wp:attachment":[{"href":"https:\/\/myspainfood.com\/fi\/wp-json\/wp\/v2\/media?parent=39249"}],"wp:term":[{"taxonomy":"product_brand","embeddable":true,"href":"https:\/\/myspainfood.com\/fi\/wp-json\/wp\/v2\/product_brand?post=39249"},{"taxonomy":"product_cat","embeddable":true,"href":"https:\/\/myspainfood.com\/fi\/wp-json\/wp\/v2\/product_cat?post=39249"},{"taxonomy":"product_tag","embeddable":true,"href":"https:\/\/myspainfood.com\/fi\/wp-json\/wp\/v2\/product_tag?post=39249"}],"curies":[{"name":"wp","href":"https:\/\/api.w.org\/{rel}","templated":true}]}}