{"id":39666,"date":"2025-04-10T12:12:57","date_gmt":"2025-04-10T10:12:57","guid":{"rendered":"https:\/\/myspainfood.com\/producto\/la-vieja-fabrica-vadelmahillo-280-g\/"},"modified":"2025-04-10T12:12:57","modified_gmt":"2025-04-10T10:12:57","slug":"la-vieja-fabrica-vadelmahillo-280-g","status":"publish","type":"product","link":"https:\/\/myspainfood.com\/fi\/producto\/la-vieja-fabrica-vadelmahillo-280-g\/","title":{"rendered":"La Vieja F\u00e1brica Vadelmahillo 280 g"},"content":{"rendered":"<p>La Vieja F\u00e1brican vadelmahillo on gourmet-tuote, joka erottuu edukseen voimakkaan makunsa ja korkealaatuisten raaka-aineidensa ansiosta. Tuoreista ja valikoiduista vadelmista valmistettu hillo tarjoaa ainutlaatuisen makuel\u00e4myksen, joka vangitsee hedelm\u00e4n olemuksen jokaiseen suupalaan. <\/p>\n<p><span class=\"info-key \"><strong>Elintarvikkeen nimi<\/strong>:<\/span> Vadelmahillo<\/p>\n<p><span class=\"info-key \"><strong>Toimijan nimi<\/strong>:<\/span> \u00c1ngel Camacho Alimentaci\u00f3n, S.L.<\/p>\n<p><strong><span class=\"info-key \">Operaattorin osoite:<\/span><\/strong> Avda. del Pilar, 6 - 41530 Mor\u00f3n de la Frontera (Sevilla).<\/p>\n<p><span class=\"info-key \"><strong>Elintarvikkeen alkuper\u00e4paikka<\/strong>:<\/span> Espanjan tuote.<\/p>\n<p><strong><span class=\"info-key \">Nettom\u00e4\u00e4r\u00e4:<\/span><\/strong> 350 g<\/p>\n<p><strong><span class=\"info-key \">Muut pakolliset tiedot etiketiss\u00e4:<\/span><\/strong> Valmistettu 45 g vadelmia 100 g:ssa.<\/p>\n<p><strong>Kokonaissokeripitoisuus<\/strong> 50 g\/100 g.<\/p>\n","protected":false},"excerpt":{"rendered":"<p>La Vieja F\u00e1brican vadelmahillo on gourmet-tuote, joka erottuu edukseen voimakkaan makunsa ja korkealaatuisten raaka-aineidensa ansiosta. Tuoreista ja valikoiduista vadelmista valmistettu hillo tarjoaa ainutlaatuisen makuel\u00e4myksen, joka vangitsee hedelm\u00e4n olemuksen jokaiseen suupalaan. Elintarvikkeen nimi: Vadelmahillo Toimijan nimi: \u00c1ngel Camacho Alimentaci\u00f3n, S.L. Operaattorin osoite: Avda. del Pilar, 6 - 41530 Mor\u00f3n de la Frontera (Sevilla). Elintarvikkeen alkuper\u00e4paikka: Espanjan [&hellip;]<\/p>\n","protected":false},"featured_media":39673,"template":"","meta":{"_et_pb_use_builder":"","_et_pb_old_content":"","_et_gb_content_width":""},"product_brand":[1460],"product_cat":[1945],"product_tag":[],"class_list":{"0":"post-39666","1":"product","2":"type-product","3":"status-publish","4":"has-post-thumbnail","6":"product_brand-la-vieja-fabrica","7":"product_cat-sailyttaa","9":"first","10":"outofstock","11":"taxable","12":"shipping-taxable","13":"product-type-variable"},"_links":{"self":[{"href":"https:\/\/myspainfood.com\/fi\/wp-json\/wp\/v2\/product\/39666","targetHints":{"allow":["GET"]}}],"collection":[{"href":"https:\/\/myspainfood.com\/fi\/wp-json\/wp\/v2\/product"}],"about":[{"href":"https:\/\/myspainfood.com\/fi\/wp-json\/wp\/v2\/types\/product"}],"wp:featuredmedia":[{"embeddable":true,"href":"https:\/\/myspainfood.com\/fi\/wp-json\/wp\/v2\/media\/39673"}],"wp:attachment":[{"href":"https:\/\/myspainfood.com\/fi\/wp-json\/wp\/v2\/media?parent=39666"}],"wp:term":[{"taxonomy":"product_brand","embeddable":true,"href":"https:\/\/myspainfood.com\/fi\/wp-json\/wp\/v2\/product_brand?post=39666"},{"taxonomy":"product_cat","embeddable":true,"href":"https:\/\/myspainfood.com\/fi\/wp-json\/wp\/v2\/product_cat?post=39666"},{"taxonomy":"product_tag","embeddable":true,"href":"https:\/\/myspainfood.com\/fi\/wp-json\/wp\/v2\/product_tag?post=39666"}],"curies":[{"name":"wp","href":"https:\/\/api.w.org\/{rel}","templated":true}]}}