{"id":39742,"date":"2025-04-10T12:12:57","date_gmt":"2025-04-10T10:12:57","guid":{"rendered":"https:\/\/myspainfood.com\/producto\/la-vieja-fabrica-mansikkahillo-diet-280-g\/"},"modified":"2025-04-10T12:12:57","modified_gmt":"2025-04-10T10:12:57","slug":"la-vieja-fabrica-mansikkahillo-diet-280-g","status":"publish","type":"product","link":"https:\/\/myspainfood.com\/fi\/producto\/la-vieja-fabrica-mansikkahillo-diet-280-g\/","title":{"rendered":"La Vieja F\u00e1brica Mansikkahillo DIET 280 g"},"content":{"rendered":"<p>La Vieja F\u00e1brican Diet-mansikkahillo on herkullinen ja terveellinen vaihtoehto niille, jotka haluavat nauttia mansikan aidosta mausta ilman puhdistettuja sokereita. T\u00e4m\u00e4 dieettihillo on valmistettu luonnollisista ainesosista ja v\u00e4h\u00e4kalorisista makeutusaineista, ja se tarjoaa t\u00e4ydellisen vaihtoehdon niille, jotka tarkkailevat kalorien ja glykeemisten aineiden saantia. <\/p>\n<p><span class=\"info-key \"><strong>Elintarvikkeen nimi<\/strong>:<\/span> Ruokavalion mansikkahillo.<\/p>\n<p><span class=\"info-key \"><strong>Toimijan nimi<\/strong>:<\/span> \u00c1ngel Camacho Alimentaci\u00f3n, S.L.<\/p>\n<p><span class=\"info-key \"><strong>Toiminnanharjoittajan osoite<\/strong>:<\/span> Avda. del Pilar, 6 - 41530 Mor\u00f3n de la Frontera (Sevilla).<\/p>\n<p><strong><span class=\"info-key \">Elintarvikkeen alkuper\u00e4paikka:<\/span><\/strong> Espanjasta per\u00e4isin oleva tuote<\/p>\n<p><strong><span class=\"info-key \">Nettom\u00e4\u00e4r\u00e4:<\/span><\/strong> 280 g<\/p>\n<p><strong><span class=\"info-key \">Muut pakolliset merkint\u00e4tiedot:<\/span><\/strong> Soveltuu diabeetikoille. Valmistettu 55 g mansikoita 100 g:ssa. <\/p>\n<p><strong>Kokonaissokeripitoisuus<\/strong> 42 g\/100 g.<\/p>\n","protected":false},"excerpt":{"rendered":"<p>La Vieja F\u00e1brican Diet-mansikkahillo on herkullinen ja terveellinen vaihtoehto niille, jotka haluavat nauttia mansikan aidosta mausta ilman puhdistettuja sokereita. T\u00e4m\u00e4 dieettihillo on valmistettu luonnollisista ainesosista ja v\u00e4h\u00e4kalorisista makeutusaineista, ja se tarjoaa t\u00e4ydellisen vaihtoehdon niille, jotka tarkkailevat kalorien ja glykeemisten aineiden saantia. Elintarvikkeen nimi: Ruokavalion mansikkahillo. Toimijan nimi: \u00c1ngel Camacho Alimentaci\u00f3n, S.L. Toiminnanharjoittajan osoite: Avda. del [&hellip;]<\/p>\n","protected":false},"featured_media":39748,"template":"","meta":{"_et_pb_use_builder":"","_et_pb_old_content":"","_et_gb_content_width":""},"product_brand":[1460],"product_cat":[1945],"product_tag":[],"class_list":{"0":"post-39742","1":"product","2":"type-product","3":"status-publish","4":"has-post-thumbnail","6":"product_brand-la-vieja-fabrica","7":"product_cat-sailyttaa","9":"first","10":"outofstock","11":"taxable","12":"shipping-taxable","13":"product-type-variable"},"_links":{"self":[{"href":"https:\/\/myspainfood.com\/fi\/wp-json\/wp\/v2\/product\/39742","targetHints":{"allow":["GET"]}}],"collection":[{"href":"https:\/\/myspainfood.com\/fi\/wp-json\/wp\/v2\/product"}],"about":[{"href":"https:\/\/myspainfood.com\/fi\/wp-json\/wp\/v2\/types\/product"}],"wp:featuredmedia":[{"embeddable":true,"href":"https:\/\/myspainfood.com\/fi\/wp-json\/wp\/v2\/media\/39748"}],"wp:attachment":[{"href":"https:\/\/myspainfood.com\/fi\/wp-json\/wp\/v2\/media?parent=39742"}],"wp:term":[{"taxonomy":"product_brand","embeddable":true,"href":"https:\/\/myspainfood.com\/fi\/wp-json\/wp\/v2\/product_brand?post=39742"},{"taxonomy":"product_cat","embeddable":true,"href":"https:\/\/myspainfood.com\/fi\/wp-json\/wp\/v2\/product_cat?post=39742"},{"taxonomy":"product_tag","embeddable":true,"href":"https:\/\/myspainfood.com\/fi\/wp-json\/wp\/v2\/product_tag?post=39742"}],"curies":[{"name":"wp","href":"https:\/\/api.w.org\/{rel}","templated":true}]}}