{"id":39772,"date":"2025-04-10T12:12:57","date_gmt":"2025-04-10T10:12:57","guid":{"rendered":"https:\/\/myspainfood.com\/producto\/la-vieja-fabrica-metsahedelmahillo-280-g\/"},"modified":"2025-09-02T10:53:20","modified_gmt":"2025-09-02T08:53:20","slug":"la-vieja-fabrica-metsahedelmahillo-280-g","status":"publish","type":"product","link":"https:\/\/myspainfood.com\/fi\/producto\/la-vieja-fabrica-metsahedelmahillo-280-g\/","title":{"rendered":"La Vieja F\u00e1brica Mets\u00e4hedelm\u00e4hillo 280 g"},"content":{"rendered":"<p>La Vieja F\u00e1brican mets\u00e4hedelm\u00e4hillo on hieno yhdistelm\u00e4 mets\u00e4n parhaita hedelmi\u00e4, jotka on valittu huolellisesti tarjoamaan ainutlaatuisen ja herkullisen maun. T\u00e4m\u00e4 tuote erottuu muista k\u00e4sity\u00f6l\u00e4istuotannollaan ja sitoutumisellaan laatuun, ja se tarjoaa gastronomisen kokemuksen, joka her\u00e4tt\u00e4\u00e4 luonnon olemuksen jokaisessa lusikallisessa. <\/p>\n<p><span class=\"info-key \"><strong>Elintarvikkeen nimi<\/strong>:<\/span> Mets\u00e4hedelm\u00e4hillo<\/p>\n<p><span class=\"info-key \"><strong>Toimijan nimi<\/strong>:<\/span> \u00c1ngel Camacho Alimentaci\u00f3n, S.L.<\/p>\n<p><strong><span class=\"info-key \">Operaattorin osoite:<\/span><\/strong> Avda. del Pilar, 6 - 41530 Mor\u00f3n de la Frontera (Sevilla).<\/p>\n<p><span class=\"info-key \"><strong>Elintarvikkeen alkuper\u00e4paikka<\/strong>:<\/span> Espanjan tuote.<\/p>\n<p><span class=\"info-key \"><strong>Nettom\u00e4\u00e4r\u00e4<\/strong>:<\/span> 350 g<\/p>\n<p><span class=\"info-key \"><strong>Muut pakolliset merkint\u00e4tiedot<\/strong>:<\/span> Valmistettu 45 g marjoja 100 g:ssa.<\/p>\n<p> <strong> Kokonaissokeripitoisuus<\/strong> 50 g\/100 g.<\/p>\n","protected":false},"excerpt":{"rendered":"<p>La Vieja F\u00e1brican mets\u00e4hedelm\u00e4hillo on hieno yhdistelm\u00e4 mets\u00e4n parhaita hedelmi\u00e4, jotka on valittu huolellisesti tarjoamaan ainutlaatuisen ja herkullisen maun. T\u00e4m\u00e4 tuote erottuu muista k\u00e4sity\u00f6l\u00e4istuotannollaan ja sitoutumisellaan laatuun, ja se tarjoaa gastronomisen kokemuksen, joka her\u00e4tt\u00e4\u00e4 luonnon olemuksen jokaisessa lusikallisessa. Elintarvikkeen nimi: Mets\u00e4hedelm\u00e4hillo Toimijan nimi: \u00c1ngel Camacho Alimentaci\u00f3n, S.L. Operaattorin osoite: Avda. del Pilar, 6 - 41530 [&hellip;]<\/p>\n","protected":false},"featured_media":39781,"template":"","meta":{"_et_pb_use_builder":"","_et_pb_old_content":"","_et_gb_content_width":""},"product_brand":[1460],"product_cat":[1945],"product_tag":[],"class_list":{"0":"post-39772","1":"product","2":"type-product","3":"status-publish","4":"has-post-thumbnail","6":"product_brand-la-vieja-fabrica","7":"product_cat-sailyttaa","9":"first","10":"outofstock","11":"taxable","12":"shipping-taxable","13":"product-type-variable"},"_links":{"self":[{"href":"https:\/\/myspainfood.com\/fi\/wp-json\/wp\/v2\/product\/39772","targetHints":{"allow":["GET"]}}],"collection":[{"href":"https:\/\/myspainfood.com\/fi\/wp-json\/wp\/v2\/product"}],"about":[{"href":"https:\/\/myspainfood.com\/fi\/wp-json\/wp\/v2\/types\/product"}],"wp:featuredmedia":[{"embeddable":true,"href":"https:\/\/myspainfood.com\/fi\/wp-json\/wp\/v2\/media\/39781"}],"wp:attachment":[{"href":"https:\/\/myspainfood.com\/fi\/wp-json\/wp\/v2\/media?parent=39772"}],"wp:term":[{"taxonomy":"product_brand","embeddable":true,"href":"https:\/\/myspainfood.com\/fi\/wp-json\/wp\/v2\/product_brand?post=39772"},{"taxonomy":"product_cat","embeddable":true,"href":"https:\/\/myspainfood.com\/fi\/wp-json\/wp\/v2\/product_cat?post=39772"},{"taxonomy":"product_tag","embeddable":true,"href":"https:\/\/myspainfood.com\/fi\/wp-json\/wp\/v2\/product_tag?post=39772"}],"curies":[{"name":"wp","href":"https:\/\/api.w.org\/{rel}","templated":true}]}}