{"id":39832,"date":"2025-04-10T12:13:20","date_gmt":"2025-04-10T10:13:20","guid":{"rendered":"https:\/\/myspainfood.com\/producto\/viini-mataromera-ribera-del-duero-crianza-2019-alkuperanimitys-75-cl\/"},"modified":"2026-01-29T12:53:52","modified_gmt":"2026-01-29T11:53:52","slug":"viini-mataromera-ribera-del-duero-crianza-2019-alkuperanimitys-75-cl","status":"publish","type":"product","link":"https:\/\/myspainfood.com\/fi\/producto\/viini-mataromera-ribera-del-duero-crianza-2019-alkuperanimitys-75-cl\/","title":{"rendered":"Viini Mataromera Ribera del Duero Crianza 2019 Alkuper\u00e4nimitys 75 cl"},"content":{"rendered":"<p>Mataromera on tunnettu Ribera del Dueron viinitila, joka tunnetaan omistautumisestaan huippuosaamiselle sek\u00e4 perinteit\u00e4 ja innovaatioita kunnioittavista viininviljely- ja viininvalmistustekniikoista. T\u00e4m\u00e4 viini kuvastaa Dueron laakson rinteill\u00e4 sijaitsevien viinitarhojen ainutlaatuista luonnetta, sill\u00e4 \u00e4\u00e4rimm\u00e4inen mannerilmasto ja savi-kalkkipitoinen maaper\u00e4 tarjoavat ihanteelliset olosuhteet Tempranillon viljelylle. <\/p>\n<p>&nbsp;<\/p>\n<p>T\u00e4m\u00e4 viini on aito Ribera del Dueron viini, joka tarjoaa rikkaan ja mieleenpainuvan aistikokemuksen. T\u00e4ydellinen juhliin tai nautittavaksi hienostuneissa illallisjuhlissa. <\/p>\n<p>&nbsp;<\/p>\n<p>Kypsytetty ranskalaisissa ja amerikkalaisissa tammitynnyreiss\u00e4 noin 14 kuukauden ajan, mink\u00e4 j\u00e4lkeen viini\u00e4 jalostetaan edelleen pullossa.<\/p>\n","protected":false},"excerpt":{"rendered":"<p>Mataromera on tunnettu Ribera del Dueron viinitila, joka tunnetaan omistautumisestaan huippuosaamiselle sek\u00e4 perinteit\u00e4 ja innovaatioita kunnioittavista viininviljely- ja viininvalmistustekniikoista. T\u00e4m\u00e4 viini kuvastaa Dueron laakson rinteill\u00e4 sijaitsevien viinitarhojen ainutlaatuista luonnetta, sill\u00e4 \u00e4\u00e4rimm\u00e4inen mannerilmasto ja savi-kalkkipitoinen maaper\u00e4 tarjoavat ihanteelliset olosuhteet Tempranillon viljelylle. &nbsp; T\u00e4m\u00e4 viini on aito Ribera del Dueron viini, joka tarjoaa rikkaan ja mieleenpainuvan aistikokemuksen. [&hellip;]<\/p>\n","protected":false},"featured_media":39838,"template":"","meta":{"_et_pb_use_builder":"","_et_pb_old_content":"","_et_gb_content_width":""},"product_brand":[1462],"product_cat":[4907,6283],"product_tag":[],"class_list":{"0":"post-39832","1":"product","2":"type-product","3":"status-publish","4":"has-post-thumbnail","6":"product_brand-matarromera","7":"product_cat-juomat","8":"product_cat-viini-fi-2","10":"first","11":"outofstock","12":"taxable","13":"shipping-taxable","14":"product-type-variable"},"_links":{"self":[{"href":"https:\/\/myspainfood.com\/fi\/wp-json\/wp\/v2\/product\/39832","targetHints":{"allow":["GET"]}}],"collection":[{"href":"https:\/\/myspainfood.com\/fi\/wp-json\/wp\/v2\/product"}],"about":[{"href":"https:\/\/myspainfood.com\/fi\/wp-json\/wp\/v2\/types\/product"}],"wp:featuredmedia":[{"embeddable":true,"href":"https:\/\/myspainfood.com\/fi\/wp-json\/wp\/v2\/media\/39838"}],"wp:attachment":[{"href":"https:\/\/myspainfood.com\/fi\/wp-json\/wp\/v2\/media?parent=39832"}],"wp:term":[{"taxonomy":"product_brand","embeddable":true,"href":"https:\/\/myspainfood.com\/fi\/wp-json\/wp\/v2\/product_brand?post=39832"},{"taxonomy":"product_cat","embeddable":true,"href":"https:\/\/myspainfood.com\/fi\/wp-json\/wp\/v2\/product_cat?post=39832"},{"taxonomy":"product_tag","embeddable":true,"href":"https:\/\/myspainfood.com\/fi\/wp-json\/wp\/v2\/product_tag?post=39832"}],"curies":[{"name":"wp","href":"https:\/\/api.w.org\/{rel}","templated":true}]}}