{"id":39881,"date":"2025-04-10T12:13:45","date_gmt":"2025-04-10T10:13:45","guid":{"rendered":"https:\/\/myspainfood.com\/producto\/sierra-zarza-gourmet-vuohenjuusto-750-grammaa\/"},"modified":"2025-04-10T12:13:45","modified_gmt":"2025-04-10T10:13:45","slug":"sierra-zarza-gourmet-vuohenjuusto-750-grammaa","status":"publish","type":"product","link":"https:\/\/myspainfood.com\/fi\/producto\/sierra-zarza-gourmet-vuohenjuusto-750-grammaa\/","title":{"rendered":"Sierra Zarza Gourmet vuohenjuusto 750 grammaa"},"content":{"rendered":"<p>Tutustu maaseudun aitoon olemukseen hienolla Sierra Zarza -vuohenjuustollamme, joka on k\u00e4sity\u00f6n\u00e4 valmistettu herkku, joka ilment\u00e4\u00e4 puhtaimman vuohenmaidon perinteit\u00e4 ja laatua. T\u00e4m\u00e4 juusto on per\u00e4isin valikoiduista karjoista, jotka laiduntavat vapaasti Sierra Zarzan rinteill\u00e4, ja se tarjoaa ainutlaatuisen gastronomisen kokemuksen. <\/p>\n<p>Sierra Zarza -vuohenjuusto on tyylikk\u00e4\u00e4ss\u00e4 esittelyss\u00e4, joka sopii sek\u00e4 erityistilaisuuksiin ett\u00e4 jokap\u00e4iv\u00e4iseen k\u00e4ytt\u00f6\u00f6n. Se sopii erinomaisesti valko- ja roseeviinien kanssa, ja se on my\u00f6s erinomainen lis\u00e4 salaatteihin, tapaksille ja gourmetj\u00e4lkiruokiin. Sen monipuolisuus keitti\u00f6ss\u00e4 tekee siit\u00e4 hyv\u00e4n ruoan yst\u00e4ville v\u00e4ltt\u00e4m\u00e4tt\u00f6m\u00e4n ainesosan.  <\/p>\n<p>Tutustu maaseudun aitoon olemukseen hienolla Sierra Zarza -vuohenjuustollamme, joka on k\u00e4sity\u00f6n\u00e4 valmistettu herkku, joka ilment\u00e4\u00e4 puhtaimman vuohenmaidon perinteit\u00e4 ja laatua. T\u00e4m\u00e4 juusto on per\u00e4isin valikoiduista karjoista, jotka laiduntavat vapaasti Sierra Zarzan rinteill\u00e4, ja se tarjoaa ainutlaatuisen gastronomisen kokemuksen. <\/p>\n<p>&nbsp;<\/p>\n<p>Sierra Zarza -vuohenjuusto on tyylikk\u00e4\u00e4ss\u00e4 esittelyss\u00e4, joka sopii sek\u00e4 erityistilaisuuksiin ett\u00e4 jokap\u00e4iv\u00e4iseen k\u00e4ytt\u00f6\u00f6n. Se sopii erinomaisesti valko- ja roseeviinien kanssa, ja se on my\u00f6s erinomainen lis\u00e4 salaatteihin, tapaksille ja gourmetj\u00e4lkiruokiin. Sen monipuolisuus keitti\u00f6ss\u00e4 tekee siit\u00e4 hyv\u00e4n ruoan yst\u00e4ville v\u00e4ltt\u00e4m\u00e4tt\u00f6m\u00e4n ainesosan.  <\/p>\n","protected":false},"excerpt":{"rendered":"<p>Tutustu maaseudun aitoon olemukseen hienolla Sierra Zarza -vuohenjuustollamme, joka on k\u00e4sity\u00f6n\u00e4 valmistettu herkku, joka ilment\u00e4\u00e4 puhtaimman vuohenmaidon perinteit\u00e4 ja laatua. T\u00e4m\u00e4 juusto on per\u00e4isin valikoiduista karjoista, jotka laiduntavat vapaasti Sierra Zarzan rinteill\u00e4, ja se tarjoaa ainutlaatuisen gastronomisen kokemuksen. Sierra Zarza -vuohenjuusto on tyylikk\u00e4\u00e4ss\u00e4 esittelyss\u00e4, joka sopii sek\u00e4 erityistilaisuuksiin ett\u00e4 jokap\u00e4iv\u00e4iseen k\u00e4ytt\u00f6\u00f6n. Se sopii erinomaisesti valko- [&hellip;]<\/p>\n","protected":false},"featured_media":39886,"template":"","meta":{"_et_pb_use_builder":"","_et_pb_old_content":"","_et_gb_content_width":""},"product_brand":[1465],"product_cat":[2301,2738],"product_tag":[],"class_list":{"0":"post-39881","1":"product","2":"type-product","3":"status-publish","4":"has-post-thumbnail","6":"product_brand-sierra-zarza","7":"product_cat-juustoa-ja-makkaraa","8":"product_cat-kovettuminen","10":"first","11":"outofstock","12":"taxable","13":"shipping-taxable","14":"purchasable","15":"product-type-variable"},"_links":{"self":[{"href":"https:\/\/myspainfood.com\/fi\/wp-json\/wp\/v2\/product\/39881","targetHints":{"allow":["GET"]}}],"collection":[{"href":"https:\/\/myspainfood.com\/fi\/wp-json\/wp\/v2\/product"}],"about":[{"href":"https:\/\/myspainfood.com\/fi\/wp-json\/wp\/v2\/types\/product"}],"wp:featuredmedia":[{"embeddable":true,"href":"https:\/\/myspainfood.com\/fi\/wp-json\/wp\/v2\/media\/39886"}],"wp:attachment":[{"href":"https:\/\/myspainfood.com\/fi\/wp-json\/wp\/v2\/media?parent=39881"}],"wp:term":[{"taxonomy":"product_brand","embeddable":true,"href":"https:\/\/myspainfood.com\/fi\/wp-json\/wp\/v2\/product_brand?post=39881"},{"taxonomy":"product_cat","embeddable":true,"href":"https:\/\/myspainfood.com\/fi\/wp-json\/wp\/v2\/product_cat?post=39881"},{"taxonomy":"product_tag","embeddable":true,"href":"https:\/\/myspainfood.com\/fi\/wp-json\/wp\/v2\/product_tag?post=39881"}],"curies":[{"name":"wp","href":"https:\/\/api.w.org\/{rel}","templated":true}]}}