{"id":39962,"date":"2025-04-10T12:13:45","date_gmt":"2025-04-10T10:13:45","guid":{"rendered":"https:\/\/myspainfood.com\/producto\/ramon-bilbao-rioja-crianza-2020-alkuperanimitys-75-cl\/"},"modified":"2026-01-29T13:02:00","modified_gmt":"2026-01-29T12:02:00","slug":"ramon-bilbao-rioja-crianza-2020-alkuperanimitys-75-cl","status":"publish","type":"product","link":"https:\/\/myspainfood.com\/fi\/producto\/ramon-bilbao-rioja-crianza-2020-alkuperanimitys-75-cl\/","title":{"rendered":"Ramon Bilbao Rioja Crianza 2020 Alkuper\u00e4nimitys 75 cl"},"content":{"rendered":"<p>Tutustu Riojan huippuosaamiseen Ram\u00f3n Bilbao Crianza 2020 -punaviinill\u00e4, joka kuvastaa yhden Espanjan arvostetuimman viinitilan perinteit\u00e4 ja innovatiivista henke\u00e4. Yksityiskohtiin tarkoin paneutuen valmistettu viini edustaa aidosti Riojan alueen laatua ja luonnetta. <\/p>\n<p>&nbsp;<\/p>\n<p>Ram\u00f3n Bilbaon vuonna 1924 perustetulla viinitilalla yhdistyv\u00e4t Riojan viininvalmistusperinteet ja innovatiivinen n\u00e4kemys, ja siell\u00e4 luodaan viinej\u00e4, jotka ovat sek\u00e4 kunnianosoitus alueen perinn\u00f6lle ett\u00e4 modernin ilmaisua. Ram\u00f3n Bilbao Crianza 2020 on viini, joka kutsuu sinut tutustumaan Riojan rikkauteen ja monimuotoisuuteen ja sopii kaikkiin tilaisuuksiin, virallisista illallisista ep\u00e4virallisiin tapaamisiin. <\/p>\n","protected":false},"excerpt":{"rendered":"<p>Tutustu Riojan huippuosaamiseen Ram\u00f3n Bilbao Crianza 2020 -punaviinill\u00e4, joka kuvastaa yhden Espanjan arvostetuimman viinitilan perinteit\u00e4 ja innovatiivista henke\u00e4. Yksityiskohtiin tarkoin paneutuen valmistettu viini edustaa aidosti Riojan alueen laatua ja luonnetta. &nbsp; Ram\u00f3n Bilbaon vuonna 1924 perustetulla viinitilalla yhdistyv\u00e4t Riojan viininvalmistusperinteet ja innovatiivinen n\u00e4kemys, ja siell\u00e4 luodaan viinej\u00e4, jotka ovat sek\u00e4 kunnianosoitus alueen perinn\u00f6lle ett\u00e4 modernin [&hellip;]<\/p>\n","protected":false},"featured_media":39970,"template":"","meta":{"_et_pb_use_builder":"","_et_pb_old_content":"","_et_gb_content_width":""},"product_brand":[1463],"product_cat":[4907,6283],"product_tag":[],"class_list":{"0":"post-39962","1":"product","2":"type-product","3":"status-publish","4":"has-post-thumbnail","6":"product_brand-ramon-bilbao","7":"product_cat-juomat","8":"product_cat-viini-fi-2","10":"first","11":"outofstock","12":"taxable","13":"shipping-taxable","14":"product-type-variable"},"_links":{"self":[{"href":"https:\/\/myspainfood.com\/fi\/wp-json\/wp\/v2\/product\/39962","targetHints":{"allow":["GET"]}}],"collection":[{"href":"https:\/\/myspainfood.com\/fi\/wp-json\/wp\/v2\/product"}],"about":[{"href":"https:\/\/myspainfood.com\/fi\/wp-json\/wp\/v2\/types\/product"}],"wp:featuredmedia":[{"embeddable":true,"href":"https:\/\/myspainfood.com\/fi\/wp-json\/wp\/v2\/media\/39970"}],"wp:attachment":[{"href":"https:\/\/myspainfood.com\/fi\/wp-json\/wp\/v2\/media?parent=39962"}],"wp:term":[{"taxonomy":"product_brand","embeddable":true,"href":"https:\/\/myspainfood.com\/fi\/wp-json\/wp\/v2\/product_brand?post=39962"},{"taxonomy":"product_cat","embeddable":true,"href":"https:\/\/myspainfood.com\/fi\/wp-json\/wp\/v2\/product_cat?post=39962"},{"taxonomy":"product_tag","embeddable":true,"href":"https:\/\/myspainfood.com\/fi\/wp-json\/wp\/v2\/product_tag?post=39962"}],"curies":[{"name":"wp","href":"https:\/\/api.w.org\/{rel}","templated":true}]}}