{"id":40012,"date":"2025-04-10T12:14:06","date_gmt":"2025-04-10T10:14:06","guid":{"rendered":"https:\/\/myspainfood.com\/producto\/a-inigo-garbanzos-de-primera-3-kg\/"},"modified":"2025-09-02T10:54:08","modified_gmt":"2025-09-02T08:54:08","slug":"a-inigo-garbanzos-de-primera-3-kg","status":"publish","type":"product","link":"https:\/\/myspainfood.com\/fi\/producto\/a-inigo-garbanzos-de-primera-3-kg\/","title":{"rendered":"A. I\u00f1igo Garbanzos de Primera 3 kg"},"content":{"rendered":"<p>Tutustu <strong>Primera A. I\u00f1igo&#8217;s Chickpeas. I\u00f1igo<\/strong>, joka on huolella valittu tarjoamaan sinulle parasta laatua ja makua jokaisessa pavussa. N\u00e4m\u00e4 ensiluokkaiset kikherneet ovat t\u00e4ydellinen ainesosa ruokiesi kohottamiseen, sill\u00e4 niiden pehme\u00e4 ja kermainen koostumus sopii monenlaisiin resepteihin. <\/p>\n<p><strong>Edut:<\/strong><\/p>\n<ul>\n<li><strong>Ravitsevaa:<\/strong> Korkea kuitu- ja proteiinipitoisuus, mik\u00e4 on v\u00e4ltt\u00e4m\u00e4t\u00f6nt\u00e4 terveellisen ja tasapainoisen ruokavalion kannalta.<\/li>\n<li><strong>Energinen:<\/strong> Ne antavat energiaa ja kyll\u00e4isyytt\u00e4, ja ne sopivat mihin tahansa p\u00e4iv\u00e4n ateriaan.<\/li>\n<li><strong>Terveellisi\u00e4<\/strong>: Koska niiss\u00e4 ei ole lis\u00e4aineita tai s\u00e4il\u00f6nt\u00e4aineita, ne ovat luonnollinen ja terveellinen valinta koko perheelle.<\/li>\n<li><strong>Monipuolisuus keitti\u00f6ss\u00e4:<\/strong> Ne sopivat monenlaisiin resepteihin, sek\u00e4 perinteisiin ett\u00e4 nykyaikaisiin, ja niiden avulla voit luoda herkullisia ja ravitsevia ruokia.<\/li>\n<\/ul>\n<p><strong>K\u00e4ytt\u00f6suositukset:<\/strong><\/p>\n<ul>\n<li><strong>Salaatit:<\/strong> Lis\u00e4\u00e4 niit\u00e4 salaatteihisi, niin saat tekstuuria ja ravintoa.<\/li>\n<li><strong>Pataruoat ja keitot:<\/strong> Sopii erinomaisesti lihaa, siipikarjaa tai vihanneksia sis\u00e4lt\u00e4vien pataruokien ja lohduttavien keittojen maustamiseen.<\/li>\n<li><strong>Hummus:<\/strong> K\u00e4yt\u00e4 niit\u00e4 kotitekoisen hummuksen valmistukseen lis\u00e4\u00e4m\u00e4ll\u00e4 tahinia, sitruunaa, valkosipulia ja oliivi\u00f6ljy\u00e4.<\/li>\n<li><strong>Perinteiset ruokalajit:<\/strong> Sopii erinomaisesti muhennoksiin, pataruokiin ja muihin perinteisiin espanjalaisiin resepteihin.<\/li>\n<\/ul>\n<p><strong>Suojelu:<\/strong><\/p>\n<ul>\n<li>S\u00e4ilyt\u00e4 viile\u00e4ss\u00e4, kuivassa paikassa.<\/li>\n<li>S\u00e4ilyt\u00e4 astia tiiviisti suljettuna tuoreuden s\u00e4ilytt\u00e4miseksi.<\/li>\n<\/ul>\n","protected":false},"excerpt":{"rendered":"<p>Tutustu Primera A. I\u00f1igo&#8217;s Chickpeas. I\u00f1igo, joka on huolella valittu tarjoamaan sinulle parasta laatua ja makua jokaisessa pavussa. N\u00e4m\u00e4 ensiluokkaiset kikherneet ovat t\u00e4ydellinen ainesosa ruokiesi kohottamiseen, sill\u00e4 niiden pehme\u00e4 ja kermainen koostumus sopii monenlaisiin resepteihin. Edut: Ravitsevaa: Korkea kuitu- ja proteiinipitoisuus, mik\u00e4 on v\u00e4ltt\u00e4m\u00e4t\u00f6nt\u00e4 terveellisen ja tasapainoisen ruokavalion kannalta. Energinen: Ne antavat energiaa ja kyll\u00e4isyytt\u00e4, [&hellip;]<\/p>\n","protected":false},"featured_media":40018,"template":"","meta":{"_et_pb_use_builder":"","_et_pb_old_content":"","_et_gb_content_width":""},"product_brand":[1461],"product_cat":[2184],"product_tag":[],"class_list":{"0":"post-40012","1":"product","2":"type-product","3":"status-publish","4":"has-post-thumbnail","6":"product_brand-a-inigo","7":"product_cat-testausluokka","9":"first","10":"outofstock","11":"taxable","12":"shipping-taxable","13":"product-type-variable"},"_links":{"self":[{"href":"https:\/\/myspainfood.com\/fi\/wp-json\/wp\/v2\/product\/40012","targetHints":{"allow":["GET"]}}],"collection":[{"href":"https:\/\/myspainfood.com\/fi\/wp-json\/wp\/v2\/product"}],"about":[{"href":"https:\/\/myspainfood.com\/fi\/wp-json\/wp\/v2\/types\/product"}],"wp:featuredmedia":[{"embeddable":true,"href":"https:\/\/myspainfood.com\/fi\/wp-json\/wp\/v2\/media\/40018"}],"wp:attachment":[{"href":"https:\/\/myspainfood.com\/fi\/wp-json\/wp\/v2\/media?parent=40012"}],"wp:term":[{"taxonomy":"product_brand","embeddable":true,"href":"https:\/\/myspainfood.com\/fi\/wp-json\/wp\/v2\/product_brand?post=40012"},{"taxonomy":"product_cat","embeddable":true,"href":"https:\/\/myspainfood.com\/fi\/wp-json\/wp\/v2\/product_cat?post=40012"},{"taxonomy":"product_tag","embeddable":true,"href":"https:\/\/myspainfood.com\/fi\/wp-json\/wp\/v2\/product_tag?post=40012"}],"curies":[{"name":"wp","href":"https:\/\/api.w.org\/{rel}","templated":true}]}}