{"id":40136,"date":"2025-04-10T12:14:06","date_gmt":"2025-04-10T10:14:06","guid":{"rendered":"https:\/\/myspainfood.com\/producto\/cusumano-pikkeloity-tonnikalapatee-delicious-gourmet-170-gr\/"},"modified":"2025-04-10T12:14:06","modified_gmt":"2025-04-10T10:14:06","slug":"cusumano-pikkeloity-tonnikalapatee-delicious-gourmet-170-gr","status":"publish","type":"product","link":"https:\/\/myspainfood.com\/fi\/producto\/cusumano-pikkeloity-tonnikalapatee-delicious-gourmet-170-gr\/","title":{"rendered":"Cusumano Pikkel\u00f6ity tonnikalapatee - Delicious &amp; Gourmet - 170 gr."},"content":{"rendered":"<p>Cusumano Tonnikalapatee on gourmet-herkku, joka on valmistettu korkealaatuisesta tonnikalasta, joka on valittu ja k\u00e4sitelty huolella, jotta se tarjoaa vertaansa vailla olevan maun ja pehme\u00e4n rakenteen. T\u00e4m\u00e4 hyv\u00e4n ruoan yst\u00e4ville ihanteellinen patee yhdist\u00e4\u00e4 meren parhaat puolet, luonnolliset ainesosat ja ripauksen hienostuneisuutta. <\/p>\n<ul>\n<li><strong>Merkki:<\/strong> Cusumano<\/li>\n<li><strong>Tuotetyyppi:<\/strong> Tonnikalapatee<\/li>\n<li><strong>Esittely:<\/strong> Purkki tai lasipurkki<\/li>\n<li><strong>Nettopaino:<\/strong> (Ilmoita tarkka paino, esim. 100 g, 200 g).<\/li>\n<li><strong>Ainesosat:<\/strong> Tonnikalaa, oliivi\u00f6ljy\u00e4, luonnollisia mausteita, suolaa (ja muita luonnollisia ainesosia, jos saatavilla).<\/li>\n<li><strong>S\u00e4ilytys:<\/strong> S\u00e4ilyt\u00e4 viile\u00e4ss\u00e4, kuivassa paikassa. Kun avattu, s\u00e4ilyt\u00e4 j\u00e4\u00e4kaapissa ja nauti (m\u00e4\u00e4rit\u00e4 aika, esim. 3 p\u00e4iv\u00e4n kuluessa). <\/li>\n<\/ul>\n<p>Cusumano Tonnikalapateelle on ominaista sen herkk\u00e4 ja hienostunut maku, jossa tonnikalan maku ja luonnollisten mausteiden vivahteet ovat t\u00e4ydellisess\u00e4 tasapainossa. Sen koostumus on kermainen ja helposti levittyv\u00e4, joten se on ihanteellinen valinta sek\u00e4 erityistilaisuuksiin ett\u00e4 jokap\u00e4iv\u00e4iseen nautiskeluun. <\/p>\n","protected":false},"excerpt":{"rendered":"<p>Cusumano Tonnikalapatee on gourmet-herkku, joka on valmistettu korkealaatuisesta tonnikalasta, joka on valittu ja k\u00e4sitelty huolella, jotta se tarjoaa vertaansa vailla olevan maun ja pehme\u00e4n rakenteen. T\u00e4m\u00e4 hyv\u00e4n ruoan yst\u00e4ville ihanteellinen patee yhdist\u00e4\u00e4 meren parhaat puolet, luonnolliset ainesosat ja ripauksen hienostuneisuutta. Merkki: Cusumano Tuotetyyppi: Tonnikalapatee Esittely: Purkki tai lasipurkki Nettopaino: (Ilmoita tarkka paino, esim. 100 g, [&hellip;]<\/p>\n","protected":false},"featured_media":40142,"template":"","meta":{"_et_pb_use_builder":"","_et_pb_old_content":"","_et_gb_content_width":""},"product_brand":[1272],"product_cat":[3744],"product_tag":[],"class_list":{"0":"post-40136","1":"product","2":"type-product","3":"status-publish","4":"has-post-thumbnail","6":"product_brand-cusumano","7":"product_cat-sailyttaa-fi-3","9":"first","10":"instock","11":"taxable","12":"shipping-taxable","13":"product-type-variable"},"_links":{"self":[{"href":"https:\/\/myspainfood.com\/fi\/wp-json\/wp\/v2\/product\/40136","targetHints":{"allow":["GET"]}}],"collection":[{"href":"https:\/\/myspainfood.com\/fi\/wp-json\/wp\/v2\/product"}],"about":[{"href":"https:\/\/myspainfood.com\/fi\/wp-json\/wp\/v2\/types\/product"}],"wp:featuredmedia":[{"embeddable":true,"href":"https:\/\/myspainfood.com\/fi\/wp-json\/wp\/v2\/media\/40142"}],"wp:attachment":[{"href":"https:\/\/myspainfood.com\/fi\/wp-json\/wp\/v2\/media?parent=40136"}],"wp:term":[{"taxonomy":"product_brand","embeddable":true,"href":"https:\/\/myspainfood.com\/fi\/wp-json\/wp\/v2\/product_brand?post=40136"},{"taxonomy":"product_cat","embeddable":true,"href":"https:\/\/myspainfood.com\/fi\/wp-json\/wp\/v2\/product_cat?post=40136"},{"taxonomy":"product_tag","embeddable":true,"href":"https:\/\/myspainfood.com\/fi\/wp-json\/wp\/v2\/product_tag?post=40136"}],"curies":[{"name":"wp","href":"https:\/\/api.w.org\/{rel}","templated":true}]}}