{"id":40204,"date":"2025-04-10T12:14:06","date_gmt":"2025-04-10T10:14:06","guid":{"rendered":"https:\/\/myspainfood.com\/producto\/pochas-blancas-de-navarra-a-inigo-aito-perinteinen-maku-660-g\/"},"modified":"2025-04-10T12:14:06","modified_gmt":"2025-04-10T10:14:06","slug":"pochas-blancas-de-navarra-a-inigo-aito-perinteinen-maku-660-g","status":"publish","type":"product","link":"https:\/\/myspainfood.com\/fi\/producto\/pochas-blancas-de-navarra-a-inigo-aito-perinteinen-maku-660-g\/","title":{"rendered":"Pochas Blancas de Navarra A. I\u00f1igo - Aito perinteinen maku 660 g"},"content":{"rendered":"<p>A. I\u00f1igo&#8217;s Pochas Blancas on Navarran alueen perinteinen herkku, joka tunnetaan poikkeuksellisesta laadusta ja mausta. N\u00e4m\u00e4 tuoreet pavut korjataan optimaalisessa kypsyysvaiheessa ja pakataan huolellisesti, jotta niiden tuoreus ja ravintoaineet s\u00e4ilyv\u00e4t. <\/p>\n<ul>\n<li><strong>Alkuper\u00e4:<\/strong> Navarra, Espanja<\/li>\n<li><strong>Paputyyppi:<\/strong> Valkoiset pavut<\/li>\n<li><strong>Esittely:<\/strong> Lasiastia<\/li>\n<li><strong>Ainesosat:<\/strong> Valkoiset kidneypavut, vesi, suola, suola.<\/li>\n<li><strong>S\u00e4ilytys:<\/strong> S\u00e4ilyt\u00e4 viile\u00e4ss\u00e4, kuivassa paikassa.<\/li>\n<li><strong>Suositellut k\u00e4ytt\u00f6tarkoitukset:<\/strong> Sopii erinomaisesti muhennoksiin, salaatteihin ja perinteisiin navarralaisiin ja v\u00e4limerellisiin ruokiin.<\/li>\n<\/ul>\n<p>A. I\u00f1igon valkoiset pavut erottuvat pehmeydest\u00e4\u00e4n ja hienostuneesta maustaan, joka sopii t\u00e4ydellisesti muiden ainesosien kanssa keittoihin, pataruokiin ja salaatteihin. Herk\u00e4n rakenteensa ja ohuen kuorensa ansiosta erityisesti herkkusuut ja perinteisen keitti\u00f6n yst\u00e4v\u00e4t arvostavat niit\u00e4. <\/p>\n","protected":false},"excerpt":{"rendered":"<p>A. I\u00f1igo&#8217;s Pochas Blancas on Navarran alueen perinteinen herkku, joka tunnetaan poikkeuksellisesta laadusta ja mausta. N\u00e4m\u00e4 tuoreet pavut korjataan optimaalisessa kypsyysvaiheessa ja pakataan huolellisesti, jotta niiden tuoreus ja ravintoaineet s\u00e4ilyv\u00e4t. Alkuper\u00e4: Navarra, Espanja Paputyyppi: Valkoiset pavut Esittely: Lasiastia Ainesosat: Valkoiset kidneypavut, vesi, suola, suola. S\u00e4ilytys: S\u00e4ilyt\u00e4 viile\u00e4ss\u00e4, kuivassa paikassa. Suositellut k\u00e4ytt\u00f6tarkoitukset: Sopii erinomaisesti muhennoksiin, salaatteihin [&hellip;]<\/p>\n","protected":false},"featured_media":40210,"template":"","meta":{"_et_pb_use_builder":"","_et_pb_old_content":"","_et_gb_content_width":""},"product_brand":[1461],"product_cat":[3744],"product_tag":[],"class_list":{"0":"post-40204","1":"product","2":"type-product","3":"status-publish","4":"has-post-thumbnail","6":"product_brand-a-inigo","7":"product_cat-sailyttaa-fi-3","9":"first","10":"outofstock","11":"taxable","12":"shipping-taxable","13":"purchasable","14":"product-type-variable"},"_links":{"self":[{"href":"https:\/\/myspainfood.com\/fi\/wp-json\/wp\/v2\/product\/40204","targetHints":{"allow":["GET"]}}],"collection":[{"href":"https:\/\/myspainfood.com\/fi\/wp-json\/wp\/v2\/product"}],"about":[{"href":"https:\/\/myspainfood.com\/fi\/wp-json\/wp\/v2\/types\/product"}],"wp:featuredmedia":[{"embeddable":true,"href":"https:\/\/myspainfood.com\/fi\/wp-json\/wp\/v2\/media\/40210"}],"wp:attachment":[{"href":"https:\/\/myspainfood.com\/fi\/wp-json\/wp\/v2\/media?parent=40204"}],"wp:term":[{"taxonomy":"product_brand","embeddable":true,"href":"https:\/\/myspainfood.com\/fi\/wp-json\/wp\/v2\/product_brand?post=40204"},{"taxonomy":"product_cat","embeddable":true,"href":"https:\/\/myspainfood.com\/fi\/wp-json\/wp\/v2\/product_cat?post=40204"},{"taxonomy":"product_tag","embeddable":true,"href":"https:\/\/myspainfood.com\/fi\/wp-json\/wp\/v2\/product_tag?post=40204"}],"curies":[{"name":"wp","href":"https:\/\/api.w.org\/{rel}","templated":true}]}}