{"id":41223,"date":"2025-04-10T12:12:29","date_gmt":"2025-04-10T10:12:29","guid":{"rendered":"https:\/\/myspainfood.com\/producto\/la-vieja-fabrica-persikkahillo-diet-280-g\/"},"modified":"2025-04-10T12:12:29","modified_gmt":"2025-04-10T10:12:29","slug":"la-vieja-fabrica-persikkahillo-diet-280-g","status":"publish","type":"product","link":"https:\/\/myspainfood.com\/fi\/producto\/la-vieja-fabrica-persikkahillo-diet-280-g\/","title":{"rendered":"La Vieja F\u00e1brica Persikkahillo DIET 280 g"},"content":{"rendered":"<p>La Vieja F\u00e1brican dieettipersikkahillo on herkullinen vaihtoehto niille, jotka haluavat nauttia hedelmien aidosta mausta lis\u00e4\u00e4m\u00e4tt\u00e4 ruokavalioonsa turhia kaloreita. T\u00e4m\u00e4 La Vieja F\u00e1brican perinteisten k\u00e4sity\u00f6l\u00e4isreseptien mukaan valikoiduista persikoista valmistettu hillo tarjoaa raikkaan ja luonnollisen maun. <\/p>\n<p><strong>Alkuper\u00e4<\/strong>: Espanja Valmistaja: \u00c1ngel Camacho Alimentaci\u00f3n, S.L.<\/p>\n<p><strong>Valmistajan osoite<\/strong>: Avda. del Pilar, 6 - 41530 Mor\u00f3n de la Frontera (Sevilla).<\/p>\n<p> <strong> Alkuper\u00e4<\/strong>: Espanjan tuote<\/p>\n<p><strong>Nettopaino<\/strong>: 280 g<\/p>\n<p><strong>Pakolliset lis\u00e4tiedot etiketiss\u00e4<\/strong>: Sis\u00e4lt\u00e4\u00e4 55 g persikkaa 100 g:ssa.<\/p>\n<p><strong>Kokonaisuutena sokereita<\/strong>: 42 g\/100 g.<\/p>\n","protected":false},"excerpt":{"rendered":"<p>La Vieja F\u00e1brican dieettipersikkahillo on herkullinen vaihtoehto niille, jotka haluavat nauttia hedelmien aidosta mausta lis\u00e4\u00e4m\u00e4tt\u00e4 ruokavalioonsa turhia kaloreita. T\u00e4m\u00e4 La Vieja F\u00e1brican perinteisten k\u00e4sity\u00f6l\u00e4isreseptien mukaan valikoiduista persikoista valmistettu hillo tarjoaa raikkaan ja luonnollisen maun. Alkuper\u00e4: Espanja Valmistaja: \u00c1ngel Camacho Alimentaci\u00f3n, S.L. Valmistajan osoite: Avda. del Pilar, 6 - 41530 Mor\u00f3n de la Frontera (Sevilla). Alkuper\u00e4: [&hellip;]<\/p>\n","protected":false},"featured_media":41231,"template":"","meta":{"_et_pb_use_builder":"","_et_pb_old_content":"","_et_gb_content_width":""},"product_brand":[1460],"product_cat":[1945],"product_tag":[],"class_list":{"0":"post-41223","1":"product","2":"type-product","3":"status-publish","4":"has-post-thumbnail","6":"product_brand-la-vieja-fabrica","7":"product_cat-sailyttaa","9":"first","10":"outofstock","11":"taxable","12":"shipping-taxable","13":"product-type-variable"},"_links":{"self":[{"href":"https:\/\/myspainfood.com\/fi\/wp-json\/wp\/v2\/product\/41223","targetHints":{"allow":["GET"]}}],"collection":[{"href":"https:\/\/myspainfood.com\/fi\/wp-json\/wp\/v2\/product"}],"about":[{"href":"https:\/\/myspainfood.com\/fi\/wp-json\/wp\/v2\/types\/product"}],"wp:featuredmedia":[{"embeddable":true,"href":"https:\/\/myspainfood.com\/fi\/wp-json\/wp\/v2\/media\/41231"}],"wp:attachment":[{"href":"https:\/\/myspainfood.com\/fi\/wp-json\/wp\/v2\/media?parent=41223"}],"wp:term":[{"taxonomy":"product_brand","embeddable":true,"href":"https:\/\/myspainfood.com\/fi\/wp-json\/wp\/v2\/product_brand?post=41223"},{"taxonomy":"product_cat","embeddable":true,"href":"https:\/\/myspainfood.com\/fi\/wp-json\/wp\/v2\/product_cat?post=41223"},{"taxonomy":"product_tag","embeddable":true,"href":"https:\/\/myspainfood.com\/fi\/wp-json\/wp\/v2\/product_tag?post=41223"}],"curies":[{"name":"wp","href":"https:\/\/api.w.org\/{rel}","templated":true}]}}