{"id":41275,"date":"2025-04-10T12:12:57","date_gmt":"2025-04-10T10:12:57","guid":{"rendered":"https:\/\/myspainfood.com\/producto\/a-inigo-vihreat-pavut-pyoreat-keskikokoiset-palat-400-g\/"},"modified":"2025-04-10T12:12:57","modified_gmt":"2025-04-10T10:12:57","slug":"a-inigo-vihreat-pavut-pyoreat-keskikokoiset-palat-400-g","status":"publish","type":"product","link":"https:\/\/myspainfood.com\/fi\/producto\/a-inigo-vihreat-pavut-pyoreat-keskikokoiset-palat-400-g\/","title":{"rendered":"A.I\u00f1igo Vihre\u00e4t pavut py\u00f6re\u00e4t keskikokoiset palat 400 g"},"content":{"rendered":"<p>A.I\u00f1igon vihre\u00e4t pavut edustavat tuoreuden ja maun huippua. N\u00e4m\u00e4 huolellisesti valitut ja optimaalisen kypsyydess\u00e4\u00e4n korjatut vihre\u00e4t pavut ovat ihanteellinen valinta kaikkiin p\u00e4ivitt\u00e4isiin aterioihin. <\/p>\n<p><strong>Energia-arvo:<\/strong> 15,9 kJ \/ 67,5 kcal.<\/p>\n<p><strong>Rasva<\/strong>: 0 g<\/p>\n<p><strong>Josta tyydyttyneit\u00e4<\/strong> 0 g<\/p>\n<p><strong>Hiilihydraatit:<\/strong> 3,3 g<\/p>\n<p><strong>josta sokereita<\/strong>: 0,8 g<\/p>\n<p><strong>Ravintokuitua<\/strong>: 1,5 g<\/p>\n<p><strong>Proteiinia<\/strong>: 0,67 g<\/p>\n<p><strong>Suola<\/strong>: 0,5 g<\/p>\n","protected":false},"excerpt":{"rendered":"<p>A.I\u00f1igon vihre\u00e4t pavut edustavat tuoreuden ja maun huippua. N\u00e4m\u00e4 huolellisesti valitut ja optimaalisen kypsyydess\u00e4\u00e4n korjatut vihre\u00e4t pavut ovat ihanteellinen valinta kaikkiin p\u00e4ivitt\u00e4isiin aterioihin. Energia-arvo: 15,9 kJ \/ 67,5 kcal. Rasva: 0 g Josta tyydyttyneit\u00e4 0 g Hiilihydraatit: 3,3 g josta sokereita: 0,8 g Ravintokuitua: 1,5 g Proteiinia: 0,67 g Suola: 0,5 g<\/p>\n","protected":false},"featured_media":41284,"template":"","meta":{"_et_pb_use_builder":"","_et_pb_old_content":"","_et_gb_content_width":""},"product_brand":[1461],"product_cat":[1945],"product_tag":[],"class_list":{"0":"post-41275","1":"product","2":"type-product","3":"status-publish","4":"has-post-thumbnail","6":"product_brand-a-inigo","7":"product_cat-sailyttaa","9":"first","10":"instock","11":"taxable","12":"shipping-taxable","13":"product-type-variable"},"_links":{"self":[{"href":"https:\/\/myspainfood.com\/fi\/wp-json\/wp\/v2\/product\/41275","targetHints":{"allow":["GET"]}}],"collection":[{"href":"https:\/\/myspainfood.com\/fi\/wp-json\/wp\/v2\/product"}],"about":[{"href":"https:\/\/myspainfood.com\/fi\/wp-json\/wp\/v2\/types\/product"}],"wp:featuredmedia":[{"embeddable":true,"href":"https:\/\/myspainfood.com\/fi\/wp-json\/wp\/v2\/media\/41284"}],"wp:attachment":[{"href":"https:\/\/myspainfood.com\/fi\/wp-json\/wp\/v2\/media?parent=41275"}],"wp:term":[{"taxonomy":"product_brand","embeddable":true,"href":"https:\/\/myspainfood.com\/fi\/wp-json\/wp\/v2\/product_brand?post=41275"},{"taxonomy":"product_cat","embeddable":true,"href":"https:\/\/myspainfood.com\/fi\/wp-json\/wp\/v2\/product_cat?post=41275"},{"taxonomy":"product_tag","embeddable":true,"href":"https:\/\/myspainfood.com\/fi\/wp-json\/wp\/v2\/product_tag?post=41275"}],"curies":[{"name":"wp","href":"https:\/\/api.w.org\/{rel}","templated":true}]}}