{"id":41332,"date":"2025-04-10T12:12:57","date_gmt":"2025-04-10T10:12:57","guid":{"rendered":"https:\/\/myspainfood.com\/producto\/a-inigo-viipaloidut-porkkanat-400-g\/"},"modified":"2025-04-10T12:12:57","modified_gmt":"2025-04-10T10:12:57","slug":"a-inigo-viipaloidut-porkkanat-400-g","status":"publish","type":"product","link":"https:\/\/myspainfood.com\/fi\/producto\/a-inigo-viipaloidut-porkkanat-400-g\/","title":{"rendered":"A.I\u00f1igo Viipaloidut porkkanat 400 g"},"content":{"rendered":"<p>A.I\u00f1igo-porkkanat ovat t\u00e4ydellinen valinta niille, jotka haluavat ruokaansa laatua ja makua. Huolellisesti viljellyt ja huolellisesti valitut porkkanat tarjoavat rapean rakenteen sek\u00e4 makean ja luonnollisen maun, joka rikastuttaa mit\u00e4 tahansa ruokaa. <\/p>\n<p>&nbsp;<\/p>\n<p><strong>Energia-arvo:<\/strong> 71,4 kJ \/ 16,8kcal.<\/p>\n<p><strong>Tyydyttyneet rasvat<\/strong>: 0 g<\/p>\n<p><strong>Hiilihydraatit<\/strong>: 4,2 g<\/p>\n<p><strong>josta sokereita:<\/strong> 2,3 g<\/p>\n<p><strong>Ravintokuitua<\/strong>: 1,4 g<\/p>\n<p><strong>Proteiini<\/strong>: 0g<\/p>\n<p><strong>Suola<\/strong>: 0,65 g<\/p>\n","protected":false},"excerpt":{"rendered":"<p>A.I\u00f1igo-porkkanat ovat t\u00e4ydellinen valinta niille, jotka haluavat ruokaansa laatua ja makua. Huolellisesti viljellyt ja huolellisesti valitut porkkanat tarjoavat rapean rakenteen sek\u00e4 makean ja luonnollisen maun, joka rikastuttaa mit\u00e4 tahansa ruokaa. &nbsp; Energia-arvo: 71,4 kJ \/ 16,8kcal. Tyydyttyneet rasvat: 0 g Hiilihydraatit: 4,2 g josta sokereita: 2,3 g Ravintokuitua: 1,4 g Proteiini: 0g Suola: 0,65 g<\/p>\n","protected":false},"featured_media":41340,"template":"","meta":{"_et_pb_use_builder":"","_et_pb_old_content":"","_et_gb_content_width":""},"product_brand":[1461],"product_cat":[1945],"product_tag":[],"class_list":{"0":"post-41332","1":"product","2":"type-product","3":"status-publish","4":"has-post-thumbnail","6":"product_brand-a-inigo","7":"product_cat-sailyttaa","9":"first","10":"outofstock","11":"taxable","12":"shipping-taxable","13":"product-type-variable"},"_links":{"self":[{"href":"https:\/\/myspainfood.com\/fi\/wp-json\/wp\/v2\/product\/41332","targetHints":{"allow":["GET"]}}],"collection":[{"href":"https:\/\/myspainfood.com\/fi\/wp-json\/wp\/v2\/product"}],"about":[{"href":"https:\/\/myspainfood.com\/fi\/wp-json\/wp\/v2\/types\/product"}],"wp:featuredmedia":[{"embeddable":true,"href":"https:\/\/myspainfood.com\/fi\/wp-json\/wp\/v2\/media\/41340"}],"wp:attachment":[{"href":"https:\/\/myspainfood.com\/fi\/wp-json\/wp\/v2\/media?parent=41332"}],"wp:term":[{"taxonomy":"product_brand","embeddable":true,"href":"https:\/\/myspainfood.com\/fi\/wp-json\/wp\/v2\/product_brand?post=41332"},{"taxonomy":"product_cat","embeddable":true,"href":"https:\/\/myspainfood.com\/fi\/wp-json\/wp\/v2\/product_cat?post=41332"},{"taxonomy":"product_tag","embeddable":true,"href":"https:\/\/myspainfood.com\/fi\/wp-json\/wp\/v2\/product_tag?post=41332"}],"curies":[{"name":"wp","href":"https:\/\/api.w.org\/{rel}","templated":true}]}}