{"id":41834,"date":"2025-04-10T12:12:05","date_gmt":"2025-04-10T10:12:05","guid":{"rendered":"https:\/\/myspainfood.com\/producto\/santos-sodupe-reserva-rioja\/"},"modified":"2026-01-29T12:33:18","modified_gmt":"2026-01-29T11:33:18","slug":"santos-sodupe-reserva-rioja","status":"publish","type":"product","link":"https:\/\/myspainfood.com\/fi\/producto\/santos-sodupe-reserva-rioja\/","title":{"rendered":"Santos Sodupe Reserva Rioja"},"content":{"rendered":"<div class=\"elementor-element elementor-element-dcfae67 aux-appear-watch-animation aux-slide-from-top elementor-widget elementor-widget-aux_modern_heading aux-animated aux-animated-once\" data-id=\"dcfae67\" data-element_type=\"widget\" data-widget_type=\"aux_modern_heading.default\">\n<div class=\"elementor-widget-container\">\n<section class=\"aux-widget-modern-heading\">\n<div class=\"aux-widget-inner\">\n<div class=\"aux-modern-heading-description\">\n<p>Vanha valikoima viinik\u00f6ynn\u00f6ksi\u00e4<\/p>\n<\/div>\n<\/div>\n<\/section>\n<\/div>\n<\/div>\n<div class=\"elementor-element elementor-element-728689c aux-appear-watch-animation aux-fade-in-up elementor-widget elementor-widget-aux_modern_heading aux-animated aux-animated-once\" data-id=\"728689c\" data-element_type=\"widget\" data-widget_type=\"aux_modern_heading.default\">\n<div class=\"elementor-widget-container\">\n<section class=\"aux-widget-modern-heading\">\n<div class=\"aux-widget-inner\">\n<div class=\"aux-modern-heading-description\">\n<p>24 kuukautta uusissa tammitynnyreiss\u00e4<\/p>\n<p>Ranskalaista ja amerikkalaista tammea<\/p>\n<p>Cepas Viejas<\/p>\n<p>Viinitarhan valikoidut ryp\u00e4leet.<\/p>\n<\/div>\n<\/div>\n<\/section>\n<\/div>\n<\/div>\n","protected":false},"excerpt":{"rendered":"<p>Vanha valikoima viinik\u00f6ynn\u00f6ksi\u00e4 24 kuukautta uusissa tammitynnyreiss\u00e4 Ranskalaista ja amerikkalaista tammea Cepas Viejas Viinitarhan valikoidut ryp\u00e4leet.<\/p>\n","protected":false},"featured_media":41841,"template":"","meta":{"_et_pb_use_builder":"","_et_pb_old_content":"","_et_gb_content_width":""},"product_brand":[1459],"product_cat":[4907,4909],"product_tag":[],"class_list":{"0":"post-41834","1":"product","2":"type-product","3":"status-publish","4":"has-post-thumbnail","6":"product_brand-santos-sodupe","7":"product_cat-juomat","8":"product_cat-viini","10":"first","11":"outofstock","12":"taxable","13":"shipping-taxable","14":"product-type-variable"},"_links":{"self":[{"href":"https:\/\/myspainfood.com\/fi\/wp-json\/wp\/v2\/product\/41834","targetHints":{"allow":["GET"]}}],"collection":[{"href":"https:\/\/myspainfood.com\/fi\/wp-json\/wp\/v2\/product"}],"about":[{"href":"https:\/\/myspainfood.com\/fi\/wp-json\/wp\/v2\/types\/product"}],"wp:featuredmedia":[{"embeddable":true,"href":"https:\/\/myspainfood.com\/fi\/wp-json\/wp\/v2\/media\/41841"}],"wp:attachment":[{"href":"https:\/\/myspainfood.com\/fi\/wp-json\/wp\/v2\/media?parent=41834"}],"wp:term":[{"taxonomy":"product_brand","embeddable":true,"href":"https:\/\/myspainfood.com\/fi\/wp-json\/wp\/v2\/product_brand?post=41834"},{"taxonomy":"product_cat","embeddable":true,"href":"https:\/\/myspainfood.com\/fi\/wp-json\/wp\/v2\/product_cat?post=41834"},{"taxonomy":"product_tag","embeddable":true,"href":"https:\/\/myspainfood.com\/fi\/wp-json\/wp\/v2\/product_tag?post=41834"}],"curies":[{"name":"wp","href":"https:\/\/api.w.org\/{rel}","templated":true}]}}