{"id":41882,"date":"2025-04-10T12:12:29","date_gmt":"2025-04-10T10:12:29","guid":{"rendered":"https:\/\/myspainfood.com\/producto\/santos-sodupe-rioja-nuori-punainen-descuido\/"},"modified":"2026-01-29T12:48:53","modified_gmt":"2026-01-29T11:48:53","slug":"santos-sodupe-rioja-nuori-punainen-descuido","status":"publish","type":"product","link":"https:\/\/myspainfood.com\/fi\/producto\/santos-sodupe-rioja-nuori-punainen-descuido\/","title":{"rendered":"Santos Sodupe Rioja Nuori punainen DESCUIDO"},"content":{"rendered":"<p>Perinteinen hiilihappom\u00e4d\u00e4tys<\/p>\n<p>Kylm\u00e4 maserointi<\/p>\n<p>Matalapainepuristus, vapaasti juokseva mehu<\/p>\n<p>Puhdistus dekantoimalla (lietteen poisto)<\/p>\n<p>L\u00e4mp\u00f6tilavalvottu k\u00e4yminen<\/p>\n<p>Sadonkorjuu valitaan viinik\u00f6ynn\u00f6ksen yhteydess\u00e4<\/p>\n<p>Tekniset tiedot<\/p>\n<p>Nuori punainen<\/p>\n<p>85 % tempranillo, 10 % viura, 5 % graciano.<\/p>\n<p>Bodegas Santos Sodupe<\/p>\n<p>San Asensio, La Rioja<\/p>\n<p>D.O.C. Rioja<\/p>\n<p>75cl \/ 12,5%vol.<\/p>\n<p>Sis\u00e4lt\u00e4\u00e4 sulfiitteja<\/p>\n","protected":false},"excerpt":{"rendered":"<p>Perinteinen hiilihappom\u00e4d\u00e4tys Kylm\u00e4 maserointi Matalapainepuristus, vapaasti juokseva mehu Puhdistus dekantoimalla (lietteen poisto) L\u00e4mp\u00f6tilavalvottu k\u00e4yminen Sadonkorjuu valitaan viinik\u00f6ynn\u00f6ksen yhteydess\u00e4 Tekniset tiedot Nuori punainen 85 % tempranillo, 10 % viura, 5 % graciano. Bodegas Santos Sodupe San Asensio, La Rioja D.O.C. Rioja 75cl \/ 12,5%vol. Sis\u00e4lt\u00e4\u00e4 sulfiitteja<\/p>\n","protected":false},"featured_media":41888,"template":"","meta":{"_et_pb_use_builder":"","_et_pb_old_content":"","_et_gb_content_width":""},"product_brand":[1459],"product_cat":[4907,6283],"product_tag":[],"class_list":{"0":"post-41882","1":"product","2":"type-product","3":"status-publish","4":"has-post-thumbnail","6":"product_brand-santos-sodupe","7":"product_cat-juomat","8":"product_cat-viini-fi-2","10":"first","11":"outofstock","12":"taxable","13":"shipping-taxable","14":"product-type-variable"},"_links":{"self":[{"href":"https:\/\/myspainfood.com\/fi\/wp-json\/wp\/v2\/product\/41882","targetHints":{"allow":["GET"]}}],"collection":[{"href":"https:\/\/myspainfood.com\/fi\/wp-json\/wp\/v2\/product"}],"about":[{"href":"https:\/\/myspainfood.com\/fi\/wp-json\/wp\/v2\/types\/product"}],"wp:featuredmedia":[{"embeddable":true,"href":"https:\/\/myspainfood.com\/fi\/wp-json\/wp\/v2\/media\/41888"}],"wp:attachment":[{"href":"https:\/\/myspainfood.com\/fi\/wp-json\/wp\/v2\/media?parent=41882"}],"wp:term":[{"taxonomy":"product_brand","embeddable":true,"href":"https:\/\/myspainfood.com\/fi\/wp-json\/wp\/v2\/product_brand?post=41882"},{"taxonomy":"product_cat","embeddable":true,"href":"https:\/\/myspainfood.com\/fi\/wp-json\/wp\/v2\/product_cat?post=41882"},{"taxonomy":"product_tag","embeddable":true,"href":"https:\/\/myspainfood.com\/fi\/wp-json\/wp\/v2\/product_tag?post=41882"}],"curies":[{"name":"wp","href":"https:\/\/api.w.org\/{rel}","templated":true}]}}