{"id":42052,"date":"2025-04-10T12:11:39","date_gmt":"2025-04-10T10:11:39","guid":{"rendered":"https:\/\/myspainfood.com\/producto\/uuden-seelannin-simpukat-paistettuna-marinoituun-kastikkeeseen-7-10-kpl-portonovo\/"},"modified":"2025-09-08T11:06:22","modified_gmt":"2025-09-08T09:06:22","slug":"uuden-seelannin-simpukat-paistettuna-marinoituun-kastikkeeseen-7-10-kpl-portonovo","status":"publish","type":"product","link":"https:\/\/myspainfood.com\/fi\/producto\/uuden-seelannin-simpukat-paistettuna-marinoituun-kastikkeeseen-7-10-kpl-portonovo\/","title":{"rendered":"Uuden-Seelannin simpukat paistettuna marinoituun kastikkeeseen 7-10 kpl Portonovo"},"content":{"rendered":"<p>Keitet\u00e4\u00e4n ja paistetaan auringonkukka\u00f6ljyss\u00e4. Byssus poistetaan k\u00e4sin ja pakataan yksi kerrallaan. Mukana on ainutlaatuista marinadia, joka on valmistettu t\u00e4ysin luonnollisista ainesosista. Ainesosat: Ainesosat: Uuden-Seelannin simpukat, escabeche (auringonkukka\u00f6ljy, punaviinietikka, vesi, luontaiset aromit, mausteet ja suola).   <\/p>\n","protected":false},"excerpt":{"rendered":"<p>Keitet\u00e4\u00e4n ja paistetaan auringonkukka\u00f6ljyss\u00e4. Byssus poistetaan k\u00e4sin ja pakataan yksi kerrallaan. Mukana on ainutlaatuista marinadia, joka on valmistettu t\u00e4ysin luonnollisista ainesosista. Ainesosat: Ainesosat: Uuden-Seelannin simpukat, escabeche (auringonkukka\u00f6ljy, punaviinietikka, vesi, luontaiset aromit, mausteet ja suola).<\/p>\n","protected":false},"featured_media":42060,"template":"","meta":{"_et_pb_use_builder":"","_et_pb_old_content":"","_et_gb_content_width":""},"product_brand":[1428],"product_cat":[1945,4048],"product_tag":[],"class_list":{"0":"post-42052","1":"product","2":"type-product","3":"status-publish","4":"has-post-thumbnail","6":"product_brand-portonovo","7":"product_cat-sailyttaa","8":"product_cat-sinisimpukat","10":"first","11":"instock","12":"taxable","13":"shipping-taxable","14":"purchasable","15":"product-type-variable"},"_links":{"self":[{"href":"https:\/\/myspainfood.com\/fi\/wp-json\/wp\/v2\/product\/42052","targetHints":{"allow":["GET"]}}],"collection":[{"href":"https:\/\/myspainfood.com\/fi\/wp-json\/wp\/v2\/product"}],"about":[{"href":"https:\/\/myspainfood.com\/fi\/wp-json\/wp\/v2\/types\/product"}],"wp:featuredmedia":[{"embeddable":true,"href":"https:\/\/myspainfood.com\/fi\/wp-json\/wp\/v2\/media\/42060"}],"wp:attachment":[{"href":"https:\/\/myspainfood.com\/fi\/wp-json\/wp\/v2\/media?parent=42052"}],"wp:term":[{"taxonomy":"product_brand","embeddable":true,"href":"https:\/\/myspainfood.com\/fi\/wp-json\/wp\/v2\/product_brand?post=42052"},{"taxonomy":"product_cat","embeddable":true,"href":"https:\/\/myspainfood.com\/fi\/wp-json\/wp\/v2\/product_cat?post=42052"},{"taxonomy":"product_tag","embeddable":true,"href":"https:\/\/myspainfood.com\/fi\/wp-json\/wp\/v2\/product_tag?post=42052"}],"curies":[{"name":"wp","href":"https:\/\/api.w.org\/{rel}","templated":true}]}}