{"id":42370,"date":"2025-04-10T12:10:02","date_gmt":"2025-04-10T10:10:02","guid":{"rendered":"https:\/\/myspainfood.com\/producto\/chicon-oliivitikkarit-900-grammaa-pakkaus-6-kpl\/"},"modified":"2025-04-10T12:10:02","modified_gmt":"2025-04-10T10:10:02","slug":"chicon-oliivitikkarit-900-grammaa-pakkaus-6-kpl","status":"publish","type":"product","link":"https:\/\/myspainfood.com\/fi\/producto\/chicon-oliivitikkarit-900-grammaa-pakkaus-6-kpl\/","title":{"rendered":"Chic\u00f3n oliivitikkarit 900 grammaa pakkaus 6 kpl"},"content":{"rendered":"<h3><a href=\"https:\/\/aceitunaschiconlebron.com\/\" target=\"_blank\" rel=\"noopener noreferrer nofollow\">Chicon<\/a> Chupadedos Olives Ali\u00f1o -oliivien edut<\/h3>\n<p>Tiesitk\u00f6 n\u00e4iden Chicon Ali\u00f1o Olives Suckers -oliivien moninaisista eduista? Niill\u00e4 on suuri teho ehk\u00e4ist\u00e4 syd\u00e4n- ja verisuonitauteja yleens\u00e4. <\/p>\n<p>T\u00e4m\u00e4 johtuu sen korkeasta tyydyttym\u00e4tt\u00f6mien rasvojen pitoisuudesta. Lis\u00e4ksi se sis\u00e4lt\u00e4\u00e4 paljon rautaa ja kuitua ja on eritt\u00e4in kyll\u00e4inen, mik\u00e4 tekee siit\u00e4 t\u00e4ydellisen v\u00e4lipalan. <\/p>\n<p>Kokonaisten oliivien s\u00e4ilytt\u00e4minen viile\u00e4ss\u00e4 ja kuivassa paikassa, suojassa auringonvalolta, on suositeltavaa.<\/p>\n<p>Jos haluat ostaa oliiveja tai muita <a href=\"https:\/\/latiendadesami.com\/categoria-producto\/encurtidos\/\" rel=\"noopener noreferrer nofollow\" target=\"_blank\">suolakurkkuja<\/a>, \u00e4l\u00e4 ep\u00e4r\u00f6i tutustua verkkoluetteloomme, josta n\u00e4et laajan valikoiman <a href=\"https:\/\/latiendadesami.com\/categoria-producto\/encurtidos\/aceitunas\/\" target=\"_blank\" rel=\"noopener noreferrer nofollow\">oliiveja<\/a>.<\/p>\n","protected":false},"excerpt":{"rendered":"<p>Chicon Chupadedos Olives Ali\u00f1o -oliivien edut Tiesitk\u00f6 n\u00e4iden Chicon Ali\u00f1o Olives Suckers -oliivien moninaisista eduista? Niill\u00e4 on suuri teho ehk\u00e4ist\u00e4 syd\u00e4n- ja verisuonitauteja yleens\u00e4. T\u00e4m\u00e4 johtuu sen korkeasta tyydyttym\u00e4tt\u00f6mien rasvojen pitoisuudesta. Lis\u00e4ksi se sis\u00e4lt\u00e4\u00e4 paljon rautaa ja kuitua ja on eritt\u00e4in kyll\u00e4inen, mik\u00e4 tekee siit\u00e4 t\u00e4ydellisen v\u00e4lipalan. Kokonaisten oliivien s\u00e4ilytt\u00e4minen viile\u00e4ss\u00e4 ja kuivassa paikassa, suojassa [&hellip;]<\/p>\n","protected":false},"featured_media":42373,"template":"","meta":{"_et_pb_use_builder":"","_et_pb_old_content":"","_et_gb_content_width":""},"product_brand":[1036],"product_cat":[3141,3003],"product_tag":[4096],"class_list":{"0":"post-42370","1":"product","2":"type-product","3":"status-publish","4":"has-post-thumbnail","6":"product_brand-chicon","7":"product_cat-pikkelsia-fi","8":"product_cat-tukku","9":"product_tag-suckers-fi","11":"first","12":"instock","13":"taxable","14":"shipping-taxable","15":"purchasable","16":"product-type-variable"},"_links":{"self":[{"href":"https:\/\/myspainfood.com\/fi\/wp-json\/wp\/v2\/product\/42370","targetHints":{"allow":["GET"]}}],"collection":[{"href":"https:\/\/myspainfood.com\/fi\/wp-json\/wp\/v2\/product"}],"about":[{"href":"https:\/\/myspainfood.com\/fi\/wp-json\/wp\/v2\/types\/product"}],"wp:featuredmedia":[{"embeddable":true,"href":"https:\/\/myspainfood.com\/fi\/wp-json\/wp\/v2\/media\/42373"}],"wp:attachment":[{"href":"https:\/\/myspainfood.com\/fi\/wp-json\/wp\/v2\/media?parent=42370"}],"wp:term":[{"taxonomy":"product_brand","embeddable":true,"href":"https:\/\/myspainfood.com\/fi\/wp-json\/wp\/v2\/product_brand?post=42370"},{"taxonomy":"product_cat","embeddable":true,"href":"https:\/\/myspainfood.com\/fi\/wp-json\/wp\/v2\/product_cat?post=42370"},{"taxonomy":"product_tag","embeddable":true,"href":"https:\/\/myspainfood.com\/fi\/wp-json\/wp\/v2\/product_tag?post=42370"}],"curies":[{"name":"wp","href":"https:\/\/api.w.org\/{rel}","templated":true}]}}