{"id":42375,"date":"2025-04-10T12:10:38","date_gmt":"2025-04-10T10:10:38","guid":{"rendered":"https:\/\/myspainfood.com\/producto\/almagron-cogollos-de-alinada-de-almagro-salaattisydamet\/"},"modified":"2025-04-10T12:10:38","modified_gmt":"2025-04-10T10:10:38","slug":"almagron-cogollos-de-alinada-de-almagro-salaattisydamet","status":"publish","type":"product","link":"https:\/\/myspainfood.com\/fi\/producto\/almagron-cogollos-de-alinada-de-almagro-salaattisydamet\/","title":{"rendered":"Almagron &#8221;Cogollos de Ali\u00f1ada de Almagro&#8221; (salaattisyd\u00e4met)."},"content":{"rendered":"<p>Munakoiso Almagro-kastikkeella on perinteinen tuote Campo de Calatravan alueelta, La <a href=\"https:\/\/www.laencajera.es\/berenjenas-de-almagro\" target=\"_blank\" rel=\"noopener noreferrer nofollow\">Manchan<\/a> syd\u00e4mest\u00e4.<\/p>\n<p>Suojatulla maantieteellisell\u00e4 merkinn\u00e4ll\u00e4 varustettu tuote, josta on tullut gastronominen vertailukohde aperitiivina, l\u00e4mpimiss\u00e4 tai kylmiss\u00e4 ruokalajeissa.<\/p>\n<p>Ainesosat: Vesi, suola, viinietikka, pippuri, fenkoli, luonnolliset mausteet (valkosipuli, kumina, paprika, oliivi\u00f6ljy), arominvahventeet (E-621), happamuudens\u00e4\u00e4t\u00f6aineet (E-330), s\u00e4il\u00f6nt\u00e4aineet (E-270, E-211, E-202E-223), hapettumisenestoaine (E-300) ja luonnolliset aromit.<\/p>\n<p>S\u00e4ilyt\u00e4 viile\u00e4ss\u00e4 ja kuivassa paikassa 3\u00baC ja 10\u00baC v\u00e4lill\u00e4.<\/p>\n<p>Suojaa auringonvalolta ja voimakkailta hajuilta.<\/p>\n<p>Almagron munakoiso, kun pakkaus on avattu, s\u00e4ilytet\u00e4\u00e4n j\u00e4\u00e4kaapissa ja kulutetaan 30 p\u00e4iv\u00e4n kuluessa.<\/p>\n<p>Jos haluat ostaa oliiveja tai muunlaisia <a href=\"https:\/\/latiendadesami.com\/categoria-producto\/encurtidos\/\" rel=\"noopener noreferrer nofollow\" target=\"_blank\">suolakurkkuja<\/a>, \u00e4l\u00e4 ep\u00e4r\u00f6i katsoa verkkoluetteloamme ja tutustua laajaan <a href=\"https:\/\/latiendadesami.com\/categoria-producto\/encurtidos\/berenjenas\/\" target=\"_blank\" rel=\"noopener noreferrer nofollow\">munakoisovalikoimaamme<\/a>.<\/p>\n<p>Tuotemerkki on La Encajonera, vuonna 1990 perustettu perheyritys, joka sijaitsee La Manchan syd\u00e4mess\u00e4, ALMAGROn kaupungissa Ciudad Realin maakunnassa.<\/p>\n<p>Tuotteiden valmistusprosessi alkaa samalta kasvualueelta, jossa valitaan paras laatutuote.<\/p>\n<p>Tehdas on varustettu edistyneimm\u00e4ll\u00e4 teknologialla, mutta samalla se s\u00e4ilytt\u00e4\u00e4 k\u00e4sity\u00f6l\u00e4isten perinteet ja taitotiedon.<\/p>\n","protected":false},"excerpt":{"rendered":"<p>Munakoiso Almagro-kastikkeella on perinteinen tuote Campo de Calatravan alueelta, La Manchan syd\u00e4mest\u00e4. Suojatulla maantieteellisell\u00e4 merkinn\u00e4ll\u00e4 varustettu tuote, josta on tullut gastronominen vertailukohde aperitiivina, l\u00e4mpimiss\u00e4 tai kylmiss\u00e4 ruokalajeissa. Ainesosat: Vesi, suola, viinietikka, pippuri, fenkoli, luonnolliset mausteet (valkosipuli, kumina, paprika, oliivi\u00f6ljy), arominvahventeet (E-621), happamuudens\u00e4\u00e4t\u00f6aineet (E-330), s\u00e4il\u00f6nt\u00e4aineet (E-270, E-211, E-202E-223), hapettumisenestoaine (E-300) ja luonnolliset aromit. S\u00e4ilyt\u00e4 viile\u00e4ss\u00e4 ja [&hellip;]<\/p>\n","protected":false},"featured_media":42376,"template":"","meta":{"_et_pb_use_builder":"","_et_pb_old_content":"","_et_gb_content_width":""},"product_brand":[],"product_cat":[2113,1779],"product_tag":[2115],"class_list":{"0":"post-42375","1":"product","2":"type-product","3":"status-publish","4":"has-post-thumbnail","6":"product_cat-munakoisot","7":"product_cat-pikkelsia","8":"product_tag-alinada-fi","10":"first","11":"instock","12":"taxable","13":"shipping-taxable","14":"purchasable","15":"product-type-simple"},"_links":{"self":[{"href":"https:\/\/myspainfood.com\/fi\/wp-json\/wp\/v2\/product\/42375","targetHints":{"allow":["GET"]}}],"collection":[{"href":"https:\/\/myspainfood.com\/fi\/wp-json\/wp\/v2\/product"}],"about":[{"href":"https:\/\/myspainfood.com\/fi\/wp-json\/wp\/v2\/types\/product"}],"wp:featuredmedia":[{"embeddable":true,"href":"https:\/\/myspainfood.com\/fi\/wp-json\/wp\/v2\/media\/42376"}],"wp:attachment":[{"href":"https:\/\/myspainfood.com\/fi\/wp-json\/wp\/v2\/media?parent=42375"}],"wp:term":[{"taxonomy":"product_brand","embeddable":true,"href":"https:\/\/myspainfood.com\/fi\/wp-json\/wp\/v2\/product_brand?post=42375"},{"taxonomy":"product_cat","embeddable":true,"href":"https:\/\/myspainfood.com\/fi\/wp-json\/wp\/v2\/product_cat?post=42375"},{"taxonomy":"product_tag","embeddable":true,"href":"https:\/\/myspainfood.com\/fi\/wp-json\/wp\/v2\/product_tag?post=42375"}],"curies":[{"name":"wp","href":"https:\/\/api.w.org\/{rel}","templated":true}]}}