{"id":42546,"date":"2025-04-10T12:11:35","date_gmt":"2025-04-10T10:11:35","guid":{"rendered":"https:\/\/myspainfood.com\/producto\/sokerin-sekoitus-sokerin-piirustus-hymyilee-1-kg-damel\/"},"modified":"2025-04-10T12:11:35","modified_gmt":"2025-04-10T10:11:35","slug":"sokerin-sekoitus-sokerin-piirustus-hymyilee-1-kg-damel","status":"publish","type":"product","link":"https:\/\/myspainfood.com\/fi\/producto\/sokerin-sekoitus-sokerin-piirustus-hymyilee-1-kg-damel\/","title":{"rendered":"Sokerin sekoitus Sokerin piirustus hymyilee 1 kg DAMEL"},"content":{"rendered":"","protected":false},"excerpt":{"rendered":"<p>Damel on hauska maailma, joka saa sinut voimaan hyvin. Joka kerta, kun avaat Damel-pussin, saat kasvoillesi tyytyv\u00e4isyyden ja nautinnon hymyn.<\/p>\n<p>Damelista l\u00f6yd\u00e4t laajan valikoiman korkealaatuisia tuotteita, jotka ovat t\u00e4ynn\u00e4 makuja, v\u00e4rej\u00e4 ja kuvioita. Suunniteltu sinulle milloin tahansa ja mihin tahansa tilaisuuteen: pienist\u00e4 pusseista, suurista formaateista, sekoitetuista mauista tai juuri siit\u00e4 mausta, jota rakastat eniten! <\/p>\n","protected":false},"featured_media":42550,"template":"","meta":{"_et_pb_use_builder":"","_et_pb_old_content":"","_et_gb_content_width":""},"product_brand":[1435],"product_cat":[7763,1945],"product_tag":[],"class_list":{"0":"post-42546","1":"product","2":"type-product","3":"status-publish","4":"has-post-thumbnail","6":"product_brand-damel","7":"product_cat-joulun-erikoisohjelma","8":"product_cat-sailyttaa","10":"first","11":"outofstock","12":"taxable","13":"shipping-taxable","14":"purchasable","15":"product-type-simple"},"_links":{"self":[{"href":"https:\/\/myspainfood.com\/fi\/wp-json\/wp\/v2\/product\/42546","targetHints":{"allow":["GET"]}}],"collection":[{"href":"https:\/\/myspainfood.com\/fi\/wp-json\/wp\/v2\/product"}],"about":[{"href":"https:\/\/myspainfood.com\/fi\/wp-json\/wp\/v2\/types\/product"}],"wp:featuredmedia":[{"embeddable":true,"href":"https:\/\/myspainfood.com\/fi\/wp-json\/wp\/v2\/media\/42550"}],"wp:attachment":[{"href":"https:\/\/myspainfood.com\/fi\/wp-json\/wp\/v2\/media?parent=42546"}],"wp:term":[{"taxonomy":"product_brand","embeddable":true,"href":"https:\/\/myspainfood.com\/fi\/wp-json\/wp\/v2\/product_brand?post=42546"},{"taxonomy":"product_cat","embeddable":true,"href":"https:\/\/myspainfood.com\/fi\/wp-json\/wp\/v2\/product_cat?post=42546"},{"taxonomy":"product_tag","embeddable":true,"href":"https:\/\/myspainfood.com\/fi\/wp-json\/wp\/v2\/product_tag?post=42546"}],"curies":[{"name":"wp","href":"https:\/\/api.w.org\/{rel}","templated":true}]}}