{"id":42589,"date":"2025-04-10T12:11:39","date_gmt":"2025-04-10T10:11:39","guid":{"rendered":"https:\/\/myspainfood.com\/producto\/sanmer-mustat-helmiaisoliivit-kivella-314-ml\/"},"modified":"2025-09-02T10:51:39","modified_gmt":"2025-09-02T08:51:39","slug":"sanmer-mustat-helmiaisoliivit-kivella-314-ml","status":"publish","type":"product","link":"https:\/\/myspainfood.com\/fi\/producto\/sanmer-mustat-helmiaisoliivit-kivella-314-ml\/","title":{"rendered":"Sanmer Mustat helmi\u00e4isoliivit kivell\u00e4 314 ml"},"content":{"rendered":"<p>Intensiivisen musta v\u00e4ri, voimakas kiilto, mehukas hedelm\u00e4liha ja miellytt\u00e4v\u00e4 rakenne. Sopii erinomaisesti tuoreiden salaattien ja pizzojen seuraksi, herkullinen mink\u00e4 tahansa miedon ruoan kanssa. <\/p>\n","protected":false},"excerpt":{"rendered":"<p>Intensiivisen musta v\u00e4ri, voimakas kiilto, mehukas hedelm\u00e4liha ja miellytt\u00e4v\u00e4 rakenne. Sopii erinomaisesti tuoreiden salaattien ja pizzojen seuraksi, herkullinen mink\u00e4 tahansa miedon ruoan kanssa.<\/p>\n","protected":false},"featured_media":42599,"template":"","meta":{"_et_pb_use_builder":"","_et_pb_old_content":"","_et_gb_content_width":""},"product_brand":[1069,1303],"product_cat":[1781,1779],"product_tag":[2043,7077],"class_list":{"0":"post-42589","1":"product","2":"type-product","3":"status-publish","4":"has-post-thumbnail","6":"product_brand-sangar","7":"product_brand-sanmer","8":"product_cat-oliivit","9":"product_cat-pikkelsia","10":"product_tag-kamomilla","11":"product_tag-musta","13":"first","14":"outofstock","15":"taxable","16":"shipping-taxable","17":"product-type-variable"},"_links":{"self":[{"href":"https:\/\/myspainfood.com\/fi\/wp-json\/wp\/v2\/product\/42589","targetHints":{"allow":["GET"]}}],"collection":[{"href":"https:\/\/myspainfood.com\/fi\/wp-json\/wp\/v2\/product"}],"about":[{"href":"https:\/\/myspainfood.com\/fi\/wp-json\/wp\/v2\/types\/product"}],"wp:featuredmedia":[{"embeddable":true,"href":"https:\/\/myspainfood.com\/fi\/wp-json\/wp\/v2\/media\/42599"}],"wp:attachment":[{"href":"https:\/\/myspainfood.com\/fi\/wp-json\/wp\/v2\/media?parent=42589"}],"wp:term":[{"taxonomy":"product_brand","embeddable":true,"href":"https:\/\/myspainfood.com\/fi\/wp-json\/wp\/v2\/product_brand?post=42589"},{"taxonomy":"product_cat","embeddable":true,"href":"https:\/\/myspainfood.com\/fi\/wp-json\/wp\/v2\/product_cat?post=42589"},{"taxonomy":"product_tag","embeddable":true,"href":"https:\/\/myspainfood.com\/fi\/wp-json\/wp\/v2\/product_tag?post=42589"}],"curies":[{"name":"wp","href":"https:\/\/api.w.org\/{rel}","templated":true}]}}