{"id":42694,"date":"2025-04-10T12:12:05","date_gmt":"2025-04-10T10:12:05","guid":{"rendered":"https:\/\/myspainfood.com\/producto\/santos-sodupe-rioja-nuori-titis-rose\/"},"modified":"2026-01-29T12:38:42","modified_gmt":"2026-01-29T11:38:42","slug":"santos-sodupe-rioja-nuori-titis-rose","status":"publish","type":"product","link":"https:\/\/myspainfood.com\/fi\/producto\/santos-sodupe-rioja-nuori-titis-rose\/","title":{"rendered":"Santos Sodupe Rioja nuori TITIS ROS\u00c9"},"content":{"rendered":"<p>Vaaleanpunainen<\/p>\n<p>Kylm\u00e4 maserointi<\/p>\n<p>Matalapainepuristus, vapaasti juokseva mehu<\/p>\n<p>Flotaation puhdistus<\/p>\n<p>L\u00e4mp\u00f6tilavalvottu k\u00e4yminen<\/p>\n<p>Tekniset tiedot<\/p>\n<p>  Nuori Ros\u00e9<\/p>\n<p>  100% punainen grenache<\/p>\n<p>  Bodegas Santos Sodupe<\/p>\n<p>  San Asensio, La Rioja<\/p>\n<p>  D.O.C. Rioja<\/p>\n<p>  75cl \/ 12,5%vol.<\/p>\n<p>  Sis\u00e4lt\u00e4\u00e4 sulfiitteja<\/p>\n<p>maistelu<\/p>\n<p>Vaalean puhdas vaaleanpunainen, lohenpunaiset korostukset<\/p>\n<p>Kuorellinen ja elegantti, valkoisia hedelmi\u00e4 ja sitrushedelmi\u00e4.<\/p>\n<p>Pitk\u00e4 ja pehme\u00e4, elegantti ja viipyilev\u00e4 hapokkuus.<\/p>\n","protected":false},"excerpt":{"rendered":"<p>Vaaleanpunainen Kylm\u00e4 maserointi Matalapainepuristus, vapaasti juokseva mehu Flotaation puhdistus L\u00e4mp\u00f6tilavalvottu k\u00e4yminen Tekniset tiedot Nuori Ros\u00e9 100% punainen grenache Bodegas Santos Sodupe San Asensio, La Rioja D.O.C. Rioja 75cl \/ 12,5%vol. Sis\u00e4lt\u00e4\u00e4 sulfiitteja maistelu Vaalean puhdas vaaleanpunainen, lohenpunaiset korostukset Kuorellinen ja elegantti, valkoisia hedelmi\u00e4 ja sitrushedelmi\u00e4. Pitk\u00e4 ja pehme\u00e4, elegantti ja viipyilev\u00e4 hapokkuus.<\/p>\n","protected":false},"featured_media":42700,"template":"","meta":{"_et_pb_use_builder":"","_et_pb_old_content":"","_et_gb_content_width":""},"product_brand":[1459],"product_cat":[4907,4909],"product_tag":[],"class_list":{"0":"post-42694","1":"product","2":"type-product","3":"status-publish","4":"has-post-thumbnail","6":"product_brand-santos-sodupe","7":"product_cat-juomat","8":"product_cat-viini","10":"first","11":"outofstock","12":"taxable","13":"shipping-taxable","14":"product-type-variable"},"_links":{"self":[{"href":"https:\/\/myspainfood.com\/fi\/wp-json\/wp\/v2\/product\/42694","targetHints":{"allow":["GET"]}}],"collection":[{"href":"https:\/\/myspainfood.com\/fi\/wp-json\/wp\/v2\/product"}],"about":[{"href":"https:\/\/myspainfood.com\/fi\/wp-json\/wp\/v2\/types\/product"}],"wp:featuredmedia":[{"embeddable":true,"href":"https:\/\/myspainfood.com\/fi\/wp-json\/wp\/v2\/media\/42700"}],"wp:attachment":[{"href":"https:\/\/myspainfood.com\/fi\/wp-json\/wp\/v2\/media?parent=42694"}],"wp:term":[{"taxonomy":"product_brand","embeddable":true,"href":"https:\/\/myspainfood.com\/fi\/wp-json\/wp\/v2\/product_brand?post=42694"},{"taxonomy":"product_cat","embeddable":true,"href":"https:\/\/myspainfood.com\/fi\/wp-json\/wp\/v2\/product_cat?post=42694"},{"taxonomy":"product_tag","embeddable":true,"href":"https:\/\/myspainfood.com\/fi\/wp-json\/wp\/v2\/product_tag?post=42694"}],"curies":[{"name":"wp","href":"https:\/\/api.w.org\/{rel}","templated":true}]}}