{"id":42697,"date":"2025-04-10T12:12:05","date_gmt":"2025-04-10T10:12:05","guid":{"rendered":"https:\/\/myspainfood.com\/producto\/la-vieja-fabrica-bitter-orange-hill-280-g\/"},"modified":"2025-04-10T12:12:05","modified_gmt":"2025-04-10T10:12:05","slug":"la-vieja-fabrica-bitter-orange-hill-280-g","status":"publish","type":"product","link":"https:\/\/myspainfood.com\/fi\/producto\/la-vieja-fabrica-bitter-orange-hill-280-g\/","title":{"rendered":"La Vieja F\u00e1brica Bitter Orange Hill 280 g"},"content":{"rendered":"<p>La Vieja F\u00e1brican karvaan appelsiinin marmeladi on perinteinen espanjalainen tuote, joka erottuu aidon ja herkullisen makunsa ansiosta. Se on valmistettu parhaista katkeroista appelsiineista perinteisten reseptien mukaan, ja siin\u00e4 on t\u00e4ydellinen tasapaino makeuden ja katkeruuden v\u00e4lill\u00e4. T\u00e4m\u00e4 marmeladi sopii erinomaisesti aamiaisen, v\u00e4lipalojen tai j\u00e4lkiruokien seuraksi, ja se tuo p\u00f6yt\u00e4\u00e4nne Espanjan perinteisten makujen rikkauden.  <\/p>\n<p>&nbsp;<\/p>\n<p><span class=\"info-key \"><strong>Elintarvikkeen nimi<\/strong>:<\/span> Bitter appelsiinimarmeladi. <\/p>\n<p><span class=\"info-key \"><strong>Toimijan nimi<\/strong>:<\/span> \u00c1ngel Camacho Alimentaci\u00f3n, S.L.<\/p>\n<p><span class=\"info-key \"><strong>Toiminnanharjoittajan osoite<\/strong>:<\/span> Avda. del Pilar, 6 - 41530 Mor\u00f3n de la Frontera (Sevilla).<\/p>\n<p><span class=\"info-key \"><strong>Elintarvikkeen alkuper\u00e4paikka<\/strong>:<\/span> Espanjan tuote.<\/p>\n<p><span class=\"info-key \"><strong>Nettom\u00e4\u00e4r\u00e4<\/strong>:<\/span> 365 g<\/p>\n<p><span class=\"info-key \"><strong>Muut pakolliset merkint\u00e4tiedot<\/strong>:<\/span> Valmistettu 40 grammasta appelsiineja 100 grammassa.<\/p>\n<p><strong>Kokonaissokeripitoisuus<\/strong> 65 g\/100 g.<\/p>\n","protected":false},"excerpt":{"rendered":"<p>La Vieja F\u00e1brican karvaan appelsiinin marmeladi on perinteinen espanjalainen tuote, joka erottuu aidon ja herkullisen makunsa ansiosta. Se on valmistettu parhaista katkeroista appelsiineista perinteisten reseptien mukaan, ja siin\u00e4 on t\u00e4ydellinen tasapaino makeuden ja katkeruuden v\u00e4lill\u00e4. T\u00e4m\u00e4 marmeladi sopii erinomaisesti aamiaisen, v\u00e4lipalojen tai j\u00e4lkiruokien seuraksi, ja se tuo p\u00f6yt\u00e4\u00e4nne Espanjan perinteisten makujen rikkauden. &nbsp; Elintarvikkeen nimi: [&hellip;]<\/p>\n","protected":false},"featured_media":42703,"template":"","meta":{"_et_pb_use_builder":"","_et_pb_old_content":"","_et_gb_content_width":""},"product_brand":[1460],"product_cat":[1945],"product_tag":[],"class_list":{"0":"post-42697","1":"product","2":"type-product","3":"status-publish","4":"has-post-thumbnail","6":"product_brand-la-vieja-fabrica","7":"product_cat-sailyttaa","9":"first","10":"outofstock","11":"taxable","12":"shipping-taxable","13":"product-type-variable"},"_links":{"self":[{"href":"https:\/\/myspainfood.com\/fi\/wp-json\/wp\/v2\/product\/42697","targetHints":{"allow":["GET"]}}],"collection":[{"href":"https:\/\/myspainfood.com\/fi\/wp-json\/wp\/v2\/product"}],"about":[{"href":"https:\/\/myspainfood.com\/fi\/wp-json\/wp\/v2\/types\/product"}],"wp:featuredmedia":[{"embeddable":true,"href":"https:\/\/myspainfood.com\/fi\/wp-json\/wp\/v2\/media\/42703"}],"wp:attachment":[{"href":"https:\/\/myspainfood.com\/fi\/wp-json\/wp\/v2\/media?parent=42697"}],"wp:term":[{"taxonomy":"product_brand","embeddable":true,"href":"https:\/\/myspainfood.com\/fi\/wp-json\/wp\/v2\/product_brand?post=42697"},{"taxonomy":"product_cat","embeddable":true,"href":"https:\/\/myspainfood.com\/fi\/wp-json\/wp\/v2\/product_cat?post=42697"},{"taxonomy":"product_tag","embeddable":true,"href":"https:\/\/myspainfood.com\/fi\/wp-json\/wp\/v2\/product_tag?post=42697"}],"curies":[{"name":"wp","href":"https:\/\/api.w.org\/{rel}","templated":true}]}}