{"id":42739,"date":"2025-04-10T12:12:05","date_gmt":"2025-04-10T10:12:05","guid":{"rendered":"https:\/\/myspainfood.com\/producto\/santos-sodupe-rioja-allekirjoitus-punaviini-graciano-rioja\/"},"modified":"2026-01-29T12:27:19","modified_gmt":"2026-01-29T11:27:19","slug":"santos-sodupe-rioja-allekirjoitus-punaviini-graciano-rioja","status":"publish","type":"product","link":"https:\/\/myspainfood.com\/fi\/producto\/santos-sodupe-rioja-allekirjoitus-punaviini-graciano-rioja\/","title":{"rendered":"Santos Sodupe Rioja allekirjoitus punaviini GRACIANO Rioja"},"content":{"rendered":"<p>100% Graciano<\/p>\n<p>16 kuukautta tammitynnyreiss\u00e4<\/p>\n<p>Ranskan<\/p>\n<p>Vanhat viinik\u00f6ynn\u00f6kset<\/p>\n<p>Sadonkorjuu valitaan viinik\u00f6ynn\u00f6ksen yhteydess\u00e4<\/p>\n<p>Kultamitali Top-viini 2021<\/p>\n<p>Civas Gold Kultamitali 2023<\/p>\n<p>Tekniset tiedot<\/p>\n<p>Allekirjoitus Punainen<\/p>\n<p>100% graciano<\/p>\n<p>Bodegas Santos Sodupe<\/p>\n<p>San Asensio, La Rioja<\/p>\n<p>D.O.C. Rioja<\/p>\n<p>75cl \/ 12,5%vol.<\/p>\n<p>Sis\u00e4lt\u00e4\u00e4 sulfiitteja<\/p>\n<p>maistelu<\/p>\n<p>Kirsikanpunainen okrav\u00e4risill\u00e4 s\u00e4vyill\u00e4<\/p>\n<p>Mausteisia ja puumaisia s\u00e4vyj\u00e4 sek\u00e4 kypsi\u00e4 punaisia hedelmi\u00e4.<\/p>\n<p>Lihaisa ja pitk\u00e4, jalo tanniini, t\u00e4ytel\u00e4isyys ja rakenne.<\/p>\n","protected":false},"excerpt":{"rendered":"<p>100% Graciano 16 kuukautta tammitynnyreiss\u00e4 Ranskan Vanhat viinik\u00f6ynn\u00f6kset Sadonkorjuu valitaan viinik\u00f6ynn\u00f6ksen yhteydess\u00e4 Kultamitali Top-viini 2021 Civas Gold Kultamitali 2023 Tekniset tiedot Allekirjoitus Punainen 100% graciano Bodegas Santos Sodupe San Asensio, La Rioja D.O.C. Rioja 75cl \/ 12,5%vol. Sis\u00e4lt\u00e4\u00e4 sulfiitteja maistelu Kirsikanpunainen okrav\u00e4risill\u00e4 s\u00e4vyill\u00e4 Mausteisia ja puumaisia s\u00e4vyj\u00e4 sek\u00e4 kypsi\u00e4 punaisia hedelmi\u00e4. Lihaisa ja pitk\u00e4, jalo [&hellip;]<\/p>\n","protected":false},"featured_media":42742,"template":"","meta":{"_et_pb_use_builder":"","_et_pb_old_content":"","_et_gb_content_width":""},"product_brand":[1459],"product_cat":[4907,4909],"product_tag":[],"class_list":{"0":"post-42739","1":"product","2":"type-product","3":"status-publish","4":"has-post-thumbnail","6":"product_brand-santos-sodupe","7":"product_cat-juomat","8":"product_cat-viini","10":"first","11":"outofstock","12":"taxable","13":"shipping-taxable","14":"product-type-variable"},"_links":{"self":[{"href":"https:\/\/myspainfood.com\/fi\/wp-json\/wp\/v2\/product\/42739","targetHints":{"allow":["GET"]}}],"collection":[{"href":"https:\/\/myspainfood.com\/fi\/wp-json\/wp\/v2\/product"}],"about":[{"href":"https:\/\/myspainfood.com\/fi\/wp-json\/wp\/v2\/types\/product"}],"wp:featuredmedia":[{"embeddable":true,"href":"https:\/\/myspainfood.com\/fi\/wp-json\/wp\/v2\/media\/42742"}],"wp:attachment":[{"href":"https:\/\/myspainfood.com\/fi\/wp-json\/wp\/v2\/media?parent=42739"}],"wp:term":[{"taxonomy":"product_brand","embeddable":true,"href":"https:\/\/myspainfood.com\/fi\/wp-json\/wp\/v2\/product_brand?post=42739"},{"taxonomy":"product_cat","embeddable":true,"href":"https:\/\/myspainfood.com\/fi\/wp-json\/wp\/v2\/product_cat?post=42739"},{"taxonomy":"product_tag","embeddable":true,"href":"https:\/\/myspainfood.com\/fi\/wp-json\/wp\/v2\/product_tag?post=42739"}],"curies":[{"name":"wp","href":"https:\/\/api.w.org\/{rel}","templated":true}]}}