{"id":42750,"date":"2025-04-10T12:12:05","date_gmt":"2025-04-10T10:12:05","guid":{"rendered":"https:\/\/myspainfood.com\/producto\/senorio-de-nava-ribera-del-duero-2022-75-cl\/"},"modified":"2026-01-29T12:34:16","modified_gmt":"2026-01-29T11:34:16","slug":"senorio-de-nava-ribera-del-duero-2022-75-cl","status":"publish","type":"product","link":"https:\/\/myspainfood.com\/fi\/producto\/senorio-de-nava-ribera-del-duero-2022-75-cl\/","title":{"rendered":"Se\u00f1or\u00edo De Nava Ribera Del Duero 2022 75 cl"},"content":{"rendered":"<p>Tutustu aitoon Ribera del Dueron makuun Se\u00f1or\u00edo De Navan kanssa! T\u00e4m\u00e4 arvostettu viini, jolla on Denominaci\u00f3n de Origen Ribera del Duero -merkint\u00e4, ilment\u00e4\u00e4 t\u00e4m\u00e4n kuuluisan espanjalaisen viinialueen olemusta. <\/p>\n<p>Se\u00f1or\u00edo De Nava Ribera Del Duero on tulosta huolellisesta valinnasta Tempranillo-ryp\u00e4leit\u00e4, alueen tunnusomaista lajiketta, joka on kasvatettu etuoikeutetuilla viinitarhoilla Duero-joen laakson auringon kylvyss\u00e4. T\u00e4m\u00e4 viini, jonka k\u00e4yminen on hallittua ja joka kypsyy huolellisesti tammitynnyreiss\u00e4, erottuu monitahoisesta luonteestaan ja poikkeuksellisesta tasapainostaan. <\/p>\n<p>Maku on intensiivinen, kyps\u00e4n hedelm\u00e4inen, hienovarainen, tammen vivahteita sis\u00e4lt\u00e4v\u00e4 ja rakenteeltaan selke\u00e4, joka huipentuu pitk\u00e4\u00e4n ja tyydytt\u00e4v\u00e4\u00e4n lopputulokseen. Se\u00f1or\u00edo De Nava Ribera Del Duero on t\u00e4ydellinen seuralainen erityisiin tilaisuuksiin, tyylikk\u00e4ist\u00e4 illallisista ep\u00e4virallisiin tapaamisiin yst\u00e4vien kanssa. <\/p>\n<p>Anna Ribera del Dueron tyylikkyyden ja perinteiden vietell\u00e4 itsesi jokaisella kulauksella Se\u00f1or\u00edo De Navaa. Nauti yhden Espanjan merkitt\u00e4vimm\u00e4n viinialueen viininvalmistuksellisesta erinomaisuudesta ja tee jokaisesta tilaisuudesta ikimuistoinen t\u00e4m\u00e4n hienon viinin avulla!  <\/p>\n","protected":false},"excerpt":{"rendered":"<p>Se\u00f1or\u00edo De Nava Ribera Del Duero on tulosta huolellisesta valinnasta Tempranillo-ryp\u00e4leit\u00e4, alueen tunnusomaista lajiketta, joka on kasvatettu etuoikeutetuilla viinitarhoilla Duero-joen laakson auringon kylvyss\u00e4. T\u00e4m\u00e4 viini, jonka k\u00e4yminen on hallittua ja joka kypsyy huolellisesti tammitynnyreiss\u00e4, erottuu monitahoisesta luonteestaan ja poikkeuksellisesta tasapainostaan. <\/p>\n","protected":false},"featured_media":42756,"template":"","meta":{"_et_pb_use_builder":"","_et_pb_old_content":"","_et_gb_content_width":""},"product_brand":[1224],"product_cat":[4907,4909],"product_tag":[],"class_list":{"0":"post-42750","1":"product","2":"type-product","3":"status-publish","4":"has-post-thumbnail","6":"product_brand-senorio-de-nava","7":"product_cat-juomat","8":"product_cat-viini","10":"first","11":"outofstock","12":"taxable","13":"shipping-taxable","14":"product-type-variable"},"_links":{"self":[{"href":"https:\/\/myspainfood.com\/fi\/wp-json\/wp\/v2\/product\/42750","targetHints":{"allow":["GET"]}}],"collection":[{"href":"https:\/\/myspainfood.com\/fi\/wp-json\/wp\/v2\/product"}],"about":[{"href":"https:\/\/myspainfood.com\/fi\/wp-json\/wp\/v2\/types\/product"}],"wp:featuredmedia":[{"embeddable":true,"href":"https:\/\/myspainfood.com\/fi\/wp-json\/wp\/v2\/media\/42756"}],"wp:attachment":[{"href":"https:\/\/myspainfood.com\/fi\/wp-json\/wp\/v2\/media?parent=42750"}],"wp:term":[{"taxonomy":"product_brand","embeddable":true,"href":"https:\/\/myspainfood.com\/fi\/wp-json\/wp\/v2\/product_brand?post=42750"},{"taxonomy":"product_cat","embeddable":true,"href":"https:\/\/myspainfood.com\/fi\/wp-json\/wp\/v2\/product_cat?post=42750"},{"taxonomy":"product_tag","embeddable":true,"href":"https:\/\/myspainfood.com\/fi\/wp-json\/wp\/v2\/product_tag?post=42750"}],"curies":[{"name":"wp","href":"https:\/\/api.w.org\/{rel}","templated":true}]}}