{"id":43025,"date":"2025-04-10T12:11:27","date_gmt":"2025-04-10T10:11:27","guid":{"rendered":"https:\/\/myspainfood.com\/producto\/roscos-de-vino-y-almenda-pussi-300-grammaa-la-ponderosa-la-ponderosa\/"},"modified":"2025-04-10T12:11:27","modified_gmt":"2025-04-10T10:11:27","slug":"roscos-de-vino-y-almenda-pussi-300-grammaa-la-ponderosa-la-ponderosa","status":"publish","type":"product","link":"https:\/\/myspainfood.com\/fi\/producto\/roscos-de-vino-y-almenda-pussi-300-grammaa-la-ponderosa-la-ponderosa\/","title":{"rendered":"Roscos de vino y almenda pussi 300 grammaa La Ponderosa La Ponderosa"},"content":{"rendered":"<p>Viini- ja mantelimunkit ovat sekoitus tuotteesta, jonka maku ja pehme\u00e4 rakenne tekev\u00e4t siit\u00e4 perinteisen tuotteen, joka miellytt\u00e4\u00e4 vaativimmankin makuun.<\/p>\n<p>Ainesosat<\/p>\n<p>Vehn\u00e4jauho, iberialainen silava (antioksidantti: E-320), sokeri, viini (sis\u00e4lt\u00e4\u00e4 sulfiitteja) (12 %), mantelit (5 %), anis, kaneli, seesaminsiemenet, anisaromi ja sitruuna-aromi. Saattaa sis\u00e4lt\u00e4\u00e4 pieni\u00e4 m\u00e4\u00e4ri\u00e4 maap\u00e4hkin\u00f6it\u00e4. <\/p>\n<p>Allergeenit<\/p>\n<p>Sis\u00e4lt\u00e4\u00e4 gluteenia, p\u00e4hkin\u00f6it\u00e4, seesamia ja sulfiitteja. Saattaa sis\u00e4lt\u00e4\u00e4 pieni\u00e4 m\u00e4\u00e4ri\u00e4 maap\u00e4hkin\u00f6it\u00e4. <\/p>\n","protected":false},"excerpt":{"rendered":"<p>Viini- ja mantelimunkit ovat sekoitus tuotteesta, jonka maku ja pehme\u00e4 rakenne tekev\u00e4t siit\u00e4 perinteisen tuotteen, joka miellytt\u00e4\u00e4 vaativimmankin makuun. Ainesosat Vehn\u00e4jauho, iberialainen silava (antioksidantti: E-320), sokeri, viini (sis\u00e4lt\u00e4\u00e4 sulfiitteja) (12 %), mantelit (5 %), anis, kaneli, seesaminsiemenet, anisaromi ja sitruuna-aromi. Saattaa sis\u00e4lt\u00e4\u00e4 pieni\u00e4 m\u00e4\u00e4ri\u00e4 maap\u00e4hkin\u00f6it\u00e4. Allergeenit Sis\u00e4lt\u00e4\u00e4 gluteenia, p\u00e4hkin\u00f6it\u00e4, seesamia ja sulfiitteja. Saattaa sis\u00e4lt\u00e4\u00e4 pieni\u00e4 [&hellip;]<\/p>\n","protected":false},"featured_media":43030,"template":"","meta":{"_et_pb_use_builder":"","_et_pb_old_content":"","_et_gb_content_width":""},"product_brand":[1417],"product_cat":[7763,1945],"product_tag":[],"class_list":{"0":"post-43025","1":"product","2":"type-product","3":"status-publish","4":"has-post-thumbnail","6":"product_brand-la-ponderosa","7":"product_cat-joulun-erikoisohjelma","8":"product_cat-sailyttaa","10":"first","11":"outofstock","12":"taxable","13":"shipping-taxable","14":"product-type-variable"},"_links":{"self":[{"href":"https:\/\/myspainfood.com\/fi\/wp-json\/wp\/v2\/product\/43025","targetHints":{"allow":["GET"]}}],"collection":[{"href":"https:\/\/myspainfood.com\/fi\/wp-json\/wp\/v2\/product"}],"about":[{"href":"https:\/\/myspainfood.com\/fi\/wp-json\/wp\/v2\/types\/product"}],"wp:featuredmedia":[{"embeddable":true,"href":"https:\/\/myspainfood.com\/fi\/wp-json\/wp\/v2\/media\/43030"}],"wp:attachment":[{"href":"https:\/\/myspainfood.com\/fi\/wp-json\/wp\/v2\/media?parent=43025"}],"wp:term":[{"taxonomy":"product_brand","embeddable":true,"href":"https:\/\/myspainfood.com\/fi\/wp-json\/wp\/v2\/product_brand?post=43025"},{"taxonomy":"product_cat","embeddable":true,"href":"https:\/\/myspainfood.com\/fi\/wp-json\/wp\/v2\/product_cat?post=43025"},{"taxonomy":"product_tag","embeddable":true,"href":"https:\/\/myspainfood.com\/fi\/wp-json\/wp\/v2\/product_tag?post=43025"}],"curies":[{"name":"wp","href":"https:\/\/api.w.org\/{rel}","templated":true}]}}