{"id":43176,"date":"2025-04-10T12:11:39","date_gmt":"2025-04-10T10:11:39","guid":{"rendered":"https:\/\/myspainfood.com\/producto\/portonovon-uuden-seelannin-simpukat-paistettuna-marinoituun-kastikkeeseen-80-100-kappaletta\/"},"modified":"2025-04-10T12:11:39","modified_gmt":"2025-04-10T10:11:39","slug":"portonovon-uuden-seelannin-simpukat-paistettuna-marinoituun-kastikkeeseen-80-100-kappaletta","status":"publish","type":"product","link":"https:\/\/myspainfood.com\/fi\/producto\/portonovon-uuden-seelannin-simpukat-paistettuna-marinoituun-kastikkeeseen-80-100-kappaletta\/","title":{"rendered":"Portonovon Uuden-Seelannin simpukat paistettuna marinoituun kastikkeeseen 80-100 kappaletta"},"content":{"rendered":"<p>Keitet\u00e4\u00e4n ja paistetaan auringonkukka\u00f6ljyss\u00e4. Byssus poistetaan k\u00e4sin ja pakataan yksi kerrallaan. Mukana on ainutlaatuinen marinadi, joka on valmistettu t\u00e4ysin luonnollisista ainesosista: Uuden-Seelannin simpukat, escabeche (auringonkukka\u00f6ljy, punaviinietikka, vesi, luontaiset aromit, mausteet ja suola).  <\/p>\n","protected":false},"excerpt":{"rendered":"<p>Keitet\u00e4\u00e4n ja paistetaan auringonkukka\u00f6ljyss\u00e4. Byssus poistetaan k\u00e4sin ja pakataan yksi kerrallaan. Mukana on ainutlaatuinen marinadi, joka on valmistettu t\u00e4ysin luonnollisista ainesosista: Uuden-Seelannin simpukat, escabeche (auringonkukka\u00f6ljy, punaviinietikka, vesi, luontaiset aromit, mausteet ja suola).<\/p>\n","protected":false},"featured_media":43182,"template":"","meta":{"_et_pb_use_builder":"","_et_pb_old_content":"","_et_gb_content_width":""},"product_brand":[1428],"product_cat":[1945,4048],"product_tag":[],"class_list":{"0":"post-43176","1":"product","2":"type-product","3":"status-publish","4":"has-post-thumbnail","6":"product_brand-portonovo","7":"product_cat-sailyttaa","8":"product_cat-sinisimpukat","10":"first","11":"outofstock","12":"taxable","13":"shipping-taxable","14":"product-type-variable"},"_links":{"self":[{"href":"https:\/\/myspainfood.com\/fi\/wp-json\/wp\/v2\/product\/43176","targetHints":{"allow":["GET"]}}],"collection":[{"href":"https:\/\/myspainfood.com\/fi\/wp-json\/wp\/v2\/product"}],"about":[{"href":"https:\/\/myspainfood.com\/fi\/wp-json\/wp\/v2\/types\/product"}],"wp:featuredmedia":[{"embeddable":true,"href":"https:\/\/myspainfood.com\/fi\/wp-json\/wp\/v2\/media\/43182"}],"wp:attachment":[{"href":"https:\/\/myspainfood.com\/fi\/wp-json\/wp\/v2\/media?parent=43176"}],"wp:term":[{"taxonomy":"product_brand","embeddable":true,"href":"https:\/\/myspainfood.com\/fi\/wp-json\/wp\/v2\/product_brand?post=43176"},{"taxonomy":"product_cat","embeddable":true,"href":"https:\/\/myspainfood.com\/fi\/wp-json\/wp\/v2\/product_cat?post=43176"},{"taxonomy":"product_tag","embeddable":true,"href":"https:\/\/myspainfood.com\/fi\/wp-json\/wp\/v2\/product_tag?post=43176"}],"curies":[{"name":"wp","href":"https:\/\/api.w.org\/{rel}","templated":true}]}}