{"id":43259,"date":"2025-04-10T12:10:04","date_gmt":"2025-04-10T10:10:04","guid":{"rendered":"https:\/\/myspainfood.com\/producto\/senorio-de-nava-2021-ribera-viini-60-kpl\/"},"modified":"2025-04-10T12:10:04","modified_gmt":"2025-04-10T10:10:04","slug":"senorio-de-nava-2021-ribera-viini-60-kpl","status":"publish","type":"product","link":"https:\/\/myspainfood.com\/fi\/producto\/senorio-de-nava-2021-ribera-viini-60-kpl\/","title":{"rendered":"Se\u00f1or\u00edo de Nava 2021 Ribera viini 60 kpl"},"content":{"rendered":"<p>Maistiaiset Kirsikanpunainen v\u00e4ri, hyvin peitt\u00e4v\u00e4, granaatinv\u00e4rinen reunus; elinvoimainen ja nuorekas ulkon\u00e4k\u00f6, elegantti, kirkas, erottamaton, joka t\u00e4ytt\u00e4\u00e4 lasin punaisella pitsill\u00e4, kun se putoaa pullosta. Monimutkainen ja hieno tuoksu; hyvin sitke\u00e4 mausteisuus, jossa huippuna balsamicoaromeja, paahdettua kahvia ja lakritsaa. Suussa on keskittyneisyytt\u00e4, upea rakenne, runsas, hyv\u00e4 tanniinisuus, tasapainoinen, mehev\u00e4 ja j\u00e4tt\u00e4\u00e4 hienostuneisuuden tunteen. Elegantti ja aistimusten kirjo on laaja.   <\/p>\n<p>Gastronomia-suositellut ruokalajit Lihan, kalan, paistien ja tuorejuustojen seuraksi.<\/p>\n","protected":false},"excerpt":{"rendered":"<p>Maistiaiset Kirsikanpunainen v\u00e4ri, hyvin peitt\u00e4v\u00e4, granaatinv\u00e4rinen reunus; elinvoimainen ja nuorekas ulkon\u00e4k\u00f6, elegantti, kirkas, erottamaton, joka t\u00e4ytt\u00e4\u00e4 lasin punaisella pitsill\u00e4, kun se putoaa pullosta. Monimutkainen ja hieno tuoksu; hyvin sitke\u00e4 mausteisuus, jossa huippuna balsamicoaromeja, paahdettua kahvia ja lakritsaa. Suussa on keskittyneisyytt\u00e4, upea rakenne, runsas, hyv\u00e4 tanniinisuus, tasapainoinen, mehev\u00e4 ja j\u00e4tt\u00e4\u00e4 hienostuneisuuden tunteen. Elegantti ja aistimusten kirjo [&hellip;]<\/p>\n","protected":false},"featured_media":43262,"template":"","meta":{"_et_pb_use_builder":"","_et_pb_old_content":"","_et_gb_content_width":""},"product_brand":[1224],"product_cat":[7390,3003],"product_tag":[5265],"class_list":{"0":"post-43259","1":"product","2":"type-product","3":"status-publish","4":"has-post-thumbnail","6":"product_brand-senorio-de-nava","7":"product_cat-juomat-fi","8":"product_cat-tukku","9":"product_tag-kasvatus","11":"first","12":"outofstock","13":"taxable","14":"shipping-taxable","15":"purchasable","16":"product-type-simple"},"_links":{"self":[{"href":"https:\/\/myspainfood.com\/fi\/wp-json\/wp\/v2\/product\/43259","targetHints":{"allow":["GET"]}}],"collection":[{"href":"https:\/\/myspainfood.com\/fi\/wp-json\/wp\/v2\/product"}],"about":[{"href":"https:\/\/myspainfood.com\/fi\/wp-json\/wp\/v2\/types\/product"}],"wp:featuredmedia":[{"embeddable":true,"href":"https:\/\/myspainfood.com\/fi\/wp-json\/wp\/v2\/media\/43262"}],"wp:attachment":[{"href":"https:\/\/myspainfood.com\/fi\/wp-json\/wp\/v2\/media?parent=43259"}],"wp:term":[{"taxonomy":"product_brand","embeddable":true,"href":"https:\/\/myspainfood.com\/fi\/wp-json\/wp\/v2\/product_brand?post=43259"},{"taxonomy":"product_cat","embeddable":true,"href":"https:\/\/myspainfood.com\/fi\/wp-json\/wp\/v2\/product_cat?post=43259"},{"taxonomy":"product_tag","embeddable":true,"href":"https:\/\/myspainfood.com\/fi\/wp-json\/wp\/v2\/product_tag?post=43259"}],"curies":[{"name":"wp","href":"https:\/\/api.w.org\/{rel}","templated":true}]}}