{"id":43395,"date":"2025-04-10T12:11:14","date_gmt":"2025-04-10T10:11:14","guid":{"rendered":"https:\/\/myspainfood.com\/producto\/pico-manteli-nougat-200-grammaa-jijona\/"},"modified":"2025-04-10T12:11:14","modified_gmt":"2025-04-10T10:11:14","slug":"pico-manteli-nougat-200-grammaa-jijona","status":"publish","type":"product","link":"https:\/\/myspainfood.com\/fi\/producto\/pico-manteli-nougat-200-grammaa-jijona\/","title":{"rendered":"Pic\u00f3 Manteli Nougat 200 grammaa Jijona"},"content":{"rendered":"<p>Hunaja ja mantelit ovat kaksi keskeist\u00e4 ainesosaa, jotka muodostavat Jijonassa valmistetun nougatin, jolle s\u00e4\u00e4ntelyneuvosto on my\u00f6nt\u00e4nyt suojatun maantieteellisen merkinn\u00e4n sinetin. Sen alkuper\u00e4n selvitt\u00e4miseksi on katsottava taaksep\u00e4in ja alasp\u00e4in, maahan. Ensimm\u00e4iset turronerot olivat itse asiassa maanviljelij\u00f6it\u00e4, jotka viljeliv\u00e4t mantelipuita ja ker\u00e4siv\u00e4t hunajaa, mutta talvella, kun satoi lunta, heid\u00e4n oli selviydytt\u00e4v\u00e4 hengiss\u00e4. Siksi he keksiv\u00e4t muuttaa tuottamansa raaka-aineet elintarvikkeeksi, jota he voisivat myyd\u00e4 silloisilla messuilla.   <\/p>\n<p>Alicanten maakunnan ilmastolliset ja geologiset olosuhteet soveltuvat erityisen hyvin mantelipuiden viljelyyn, sill\u00e4 mantelipuut kasvavat vain V\u00e4limeren ilmastossa. Toinen t\u00e4m\u00e4n puun erityispiirre on se, ett\u00e4 lis\u00e4\u00e4nty\u00e4kseen se on p\u00f6lytett\u00e4v\u00e4, mink\u00e4 vuoksi mehil\u00e4isten toimintaa ja hunajan tuotantoa on helpotettava. Jotta nougat voisi olla muutakin kuin pelkk\u00e4 sokerin, mantelin ja hunajan sekoitus, on noudatettava tiukkoja ja vanhoja tuotanto- ja laatuprosesseja.  <\/p>\n<p>Ainesosat Paahdetut mantelit 64 %, sokeri, hunaja, kananmunan valkuainen ja emulgointiaine e-471.<\/p>\n<p><strong>VIIMEINEN VOIMASSAOLOP\u00c4IV\u00c4 02\/2024<\/strong><\/p>\n","protected":false},"excerpt":{"rendered":"<p>Hunaja ja mantelit ovat kaksi keskeist\u00e4 ainesosaa, jotka muodostavat Jijonassa valmistetun nougatin, jolle s\u00e4\u00e4ntelyneuvosto on my\u00f6nt\u00e4nyt suojatun maantieteellisen merkinn\u00e4n sinetin. Sen alkuper\u00e4n selvitt\u00e4miseksi on katsottava taaksep\u00e4in ja alasp\u00e4in, maahan. Ensimm\u00e4iset turronerot olivat itse asiassa maanviljelij\u00f6it\u00e4, jotka viljeliv\u00e4t mantelipuita ja ker\u00e4siv\u00e4t hunajaa, mutta talvella, kun satoi lunta, heid\u00e4n oli selviydytt\u00e4v\u00e4 hengiss\u00e4. Siksi he keksiv\u00e4t muuttaa tuottamansa [&hellip;]<\/p>\n","protected":false},"featured_media":43401,"template":"","meta":{"_et_pb_use_builder":"","_et_pb_old_content":"","_et_gb_content_width":""},"product_brand":[1414],"product_cat":[7763,1945],"product_tag":[],"class_list":{"0":"post-43395","1":"product","2":"type-product","3":"status-publish","4":"has-post-thumbnail","6":"product_brand-pico","7":"product_cat-joulun-erikoisohjelma","8":"product_cat-sailyttaa","10":"first","11":"outofstock","12":"taxable","13":"shipping-taxable","14":"product-type-variable"},"_links":{"self":[{"href":"https:\/\/myspainfood.com\/fi\/wp-json\/wp\/v2\/product\/43395","targetHints":{"allow":["GET"]}}],"collection":[{"href":"https:\/\/myspainfood.com\/fi\/wp-json\/wp\/v2\/product"}],"about":[{"href":"https:\/\/myspainfood.com\/fi\/wp-json\/wp\/v2\/types\/product"}],"wp:featuredmedia":[{"embeddable":true,"href":"https:\/\/myspainfood.com\/fi\/wp-json\/wp\/v2\/media\/43401"}],"wp:attachment":[{"href":"https:\/\/myspainfood.com\/fi\/wp-json\/wp\/v2\/media?parent=43395"}],"wp:term":[{"taxonomy":"product_brand","embeddable":true,"href":"https:\/\/myspainfood.com\/fi\/wp-json\/wp\/v2\/product_brand?post=43395"},{"taxonomy":"product_cat","embeddable":true,"href":"https:\/\/myspainfood.com\/fi\/wp-json\/wp\/v2\/product_cat?post=43395"},{"taxonomy":"product_tag","embeddable":true,"href":"https:\/\/myspainfood.com\/fi\/wp-json\/wp\/v2\/product_tag?post=43395"}],"curies":[{"name":"wp","href":"https:\/\/api.w.org\/{rel}","templated":true}]}}