{"id":43523,"date":"2025-04-10T12:11:40","date_gmt":"2025-04-10T10:11:40","guid":{"rendered":"https:\/\/myspainfood.com\/producto\/sardiinit-auringonkukkaoljyssa-12-14-kpl-111-g\/"},"modified":"2025-04-10T12:11:40","modified_gmt":"2025-04-10T10:11:40","slug":"sardiinit-auringonkukkaoljyssa-12-14-kpl-111-g","status":"publish","type":"product","link":"https:\/\/myspainfood.com\/fi\/producto\/sardiinit-auringonkukkaoljyssa-12-14-kpl-111-g\/","title":{"rendered":"Sardiinit auringonkukka\u00f6ljyss\u00e4 12\/14 kpl 111 g"},"content":{"rendered":"<p>Tutustu meren herkulliseen makuun auringonkukka\u00f6ljyss\u00e4 olevilla korkealaatuisilla sardiineillamme! Jokainen suupala on tuoreuden ja laadun r\u00e4j\u00e4hdys, joka ilahduttaa makuaistiasi ja vie sinut eksoottisimmille rannikoille. <\/p>\n<p>Sardiinimme kalastetaan huolellisesti puhtaimmista vesist\u00e4 ja valitaan siten, ett\u00e4 niiden vertaansa vailla oleva tuoreus ja maku taataan. Parhaassa auringonkukka\u00f6ljyss\u00e4 liotetut sardiinit s\u00e4ilyv\u00e4t pehmein\u00e4 ja niiden luonnollinen maku s\u00e4ilyy, joten jokainen suupala on unohtumaton kokemus. <\/p>\n<p>Runsaasti omega-3-rasvahappoja, v\u00e4ltt\u00e4m\u00e4tt\u00f6mi\u00e4 vitamiineja ja kivenn\u00e4isaineita sis\u00e4lt\u00e4v\u00e4t sardiinit auringonkukka\u00f6ljyss\u00e4 ovat paitsi herkullisia, my\u00f6s ravitsevia valintoja p\u00e4ivitt\u00e4iseen ruokavalioon. K\u00e4yt\u00e4 niit\u00e4 tuoreiden salaattien ja gourmet-v\u00e4lipalojen t\u00e4htiraaka-aineena tai nauti ne yksinkertaisesti suoraan purkista. <\/p>\n<p>Valmistatpa sitten hienon illallisen tai etsit terveellist\u00e4 v\u00e4lipalaa mukaan otettavaksi, meid\u00e4n sardiinimme auringonkukka\u00f6ljyss\u00e4 ovat t\u00e4ydellinen valinta. Uskalla kokeilla niit\u00e4 ja huomaa, miksi ne ovat kaikkien ruokaharrastajien parhaiten varjeltu salaisuus! <\/p>\n<p>Hanki purkkisi sardiineja auringonkukka\u00f6ljyss\u00e4 jo t\u00e4n\u00e4\u00e4n ja lis\u00e4\u00e4 ripauksen merenel\u00e4vien makua suosikkiruokiin!<\/p>\n","protected":false},"excerpt":{"rendered":"<p>Tutustu meren herkulliseen makuun auringonkukka\u00f6ljyss\u00e4 olevilla korkealaatuisilla sardiineillamme! Jokainen suupala on tuoreuden ja laadun r\u00e4j\u00e4hdys, joka ilahduttaa makuaistiasi ja vie sinut eksoottisimmille rannikoille. <\/p>\n","protected":false},"featured_media":43525,"template":"","meta":{"_et_pb_use_builder":"","_et_pb_old_content":"","_et_gb_content_width":""},"product_brand":[1358],"product_cat":[1945,3780],"product_tag":[],"class_list":{"0":"post-43523","1":"product","2":"type-product","3":"status-publish","4":"has-post-thumbnail","6":"product_brand-areoso","7":"product_cat-sailyttaa","8":"product_cat-sardinillat","10":"first","11":"outofstock","12":"taxable","13":"shipping-taxable","14":"product-type-simple"},"_links":{"self":[{"href":"https:\/\/myspainfood.com\/fi\/wp-json\/wp\/v2\/product\/43523","targetHints":{"allow":["GET"]}}],"collection":[{"href":"https:\/\/myspainfood.com\/fi\/wp-json\/wp\/v2\/product"}],"about":[{"href":"https:\/\/myspainfood.com\/fi\/wp-json\/wp\/v2\/types\/product"}],"wp:featuredmedia":[{"embeddable":true,"href":"https:\/\/myspainfood.com\/fi\/wp-json\/wp\/v2\/media\/43525"}],"wp:attachment":[{"href":"https:\/\/myspainfood.com\/fi\/wp-json\/wp\/v2\/media?parent=43523"}],"wp:term":[{"taxonomy":"product_brand","embeddable":true,"href":"https:\/\/myspainfood.com\/fi\/wp-json\/wp\/v2\/product_brand?post=43523"},{"taxonomy":"product_cat","embeddable":true,"href":"https:\/\/myspainfood.com\/fi\/wp-json\/wp\/v2\/product_cat?post=43523"},{"taxonomy":"product_tag","embeddable":true,"href":"https:\/\/myspainfood.com\/fi\/wp-json\/wp\/v2\/product_tag?post=43523"}],"curies":[{"name":"wp","href":"https:\/\/api.w.org\/{rel}","templated":true}]}}