{"id":44115,"date":"2025-04-10T12:10:50","date_gmt":"2025-04-10T10:10:50","guid":{"rendered":"https:\/\/myspainfood.com\/producto\/savustettu-anjovis-ja-haudutettu-artisokka-35-yksikkoa\/"},"modified":"2025-06-24T13:05:21","modified_gmt":"2025-06-24T11:05:21","slug":"savustettu-anjovis-ja-haudutettu-artisokka-35-yksikkoa","status":"publish","type":"product","link":"https:\/\/myspainfood.com\/fi\/producto\/savustettu-anjovis-ja-haudutettu-artisokka-35-yksikkoa\/","title":{"rendered":"Savustettu anjovis ja haudutettu artisokka 35 yksikk\u00f6\u00e4"},"content":{"rendered":"<p>\u00d6ljy\u00e4 (85 % auringonkukka\u00f6ljy, 15 % oliivi\u00f6ljy), haudutettua artisokkaa, savustettuja anjoviksia, anjoviksilla t\u00e4ytettyj\u00e4 oliiveja ja paprikaa.<\/p>\n","protected":false},"excerpt":{"rendered":"<p>\u00d6ljy\u00e4 (85 % auringonkukka\u00f6ljy, 15 % oliivi\u00f6ljy), haudutettua artisokkaa, savustettuja anjoviksia, anjoviksilla t\u00e4ytettyj\u00e4 oliiveja ja paprikaa.<\/p>\n","protected":false},"featured_media":44120,"template":"","meta":{"_et_pb_use_builder":"","_et_pb_old_content":"","_et_gb_content_width":""},"product_brand":[1277],"product_cat":[1872,1781,1779,1874,2815,1873],"product_tag":[],"class_list":{"0":"post-44115","1":"product","2":"type-product","3":"status-publish","4":"has-post-thumbnail","6":"product_brand-bokeo","7":"product_cat-kylma","8":"product_cat-oliivit","9":"product_cat-pikkelsia","10":"product_cat-pintxos-fi","11":"product_cat-sardellit-fi-2","12":"product_cat-sardellit","13":"product_shipping_class-kylmalahetys","15":"first","16":"outofstock","17":"taxable","18":"shipping-taxable","19":"purchasable","20":"product-type-simple"},"_links":{"self":[{"href":"https:\/\/myspainfood.com\/fi\/wp-json\/wp\/v2\/product\/44115","targetHints":{"allow":["GET"]}}],"collection":[{"href":"https:\/\/myspainfood.com\/fi\/wp-json\/wp\/v2\/product"}],"about":[{"href":"https:\/\/myspainfood.com\/fi\/wp-json\/wp\/v2\/types\/product"}],"wp:featuredmedia":[{"embeddable":true,"href":"https:\/\/myspainfood.com\/fi\/wp-json\/wp\/v2\/media\/44120"}],"wp:attachment":[{"href":"https:\/\/myspainfood.com\/fi\/wp-json\/wp\/v2\/media?parent=44115"}],"wp:term":[{"taxonomy":"product_brand","embeddable":true,"href":"https:\/\/myspainfood.com\/fi\/wp-json\/wp\/v2\/product_brand?post=44115"},{"taxonomy":"product_cat","embeddable":true,"href":"https:\/\/myspainfood.com\/fi\/wp-json\/wp\/v2\/product_cat?post=44115"},{"taxonomy":"product_tag","embeddable":true,"href":"https:\/\/myspainfood.com\/fi\/wp-json\/wp\/v2\/product_tag?post=44115"}],"curies":[{"name":"wp","href":"https:\/\/api.w.org\/{rel}","templated":true}]}}