{"id":44286,"date":"2025-04-10T12:11:27","date_gmt":"2025-04-10T10:11:27","guid":{"rendered":"https:\/\/myspainfood.com\/producto\/valikoimapussi-400-grammaa-la-ponderosa\/"},"modified":"2025-04-10T12:11:27","modified_gmt":"2025-04-10T10:11:27","slug":"valikoimapussi-400-grammaa-la-ponderosa","status":"publish","type":"product","link":"https:\/\/myspainfood.com\/fi\/producto\/valikoimapussi-400-grammaa-la-ponderosa\/","title":{"rendered":"Valikoimapussi 400 grammaa La Ponderosa"},"content":{"rendered":"<p>Kuvaus<\/p>\n<p>T\u00e4st\u00e4 valikoimasta l\u00f6yd\u00e4t perinteisimm\u00e4t joulunajan tuotteet, minis\u00e4kki 400 grs. Yhdest\u00e4 tuotteesta l\u00f6yd\u00e4t valikoiman: <\/p>\n<p>- Viini\u00e4 ja mantelimunkkeja. Miniversio hienosta viinidonitsistamme. Py\u00f6re\u00e4n muotoinen, keskell\u00e4 reik\u00e4, valmistettu makeasta viinist\u00e4, manteleista, seesaminsiemenist\u00e4 ja tomusokerista.  <\/p>\n<p>- Polvoroncitos de almendra. Mit\u00e4 olisi joulu ilman perinteisi\u00e4 polvorononeja? Vaikka polvoroncitos-juustomme ovatkin alkuper\u00e4isi\u00e4 pienempi\u00e4, niiss\u00e4 s\u00e4ilyy niille ominainen mantelin maku.  <\/p>\n<p>- Kanelinen pikkuleip\u00e4. Joulun kuningas yhdess\u00e4 polvor\u00f3nin kanssa. Mantecadon miniversio valmistetaan samoista ainesosista: voista, jauhoista, mantelijauhosta, seesaminsiemenist\u00e4 ja kanelista.  <\/p>\n<p>Ainesosat<\/p>\n<p>Mini-kanelivoi: Vehn\u00e4jauho, sokeri, iberialainen silava (antioksidantti: E-320), kaneli (1 %) ja seesaminsiemenet. Saattaa sis\u00e4lt\u00e4\u00e4 pieni\u00e4 m\u00e4\u00e4ri\u00e4 p\u00e4hkin\u00f6it\u00e4, maap\u00e4hkin\u00f6it\u00e4 ja sulfiitteja. <\/p>\n<p>Mini-mantelipolvor\u00f3n: Vehn\u00e4jauho, sokeri, iberialainen sianrasva (antioksidantti: E-320), mantelit (8 %), kaneli, neilikka ja sitruuna-aromi. Saattaa sis\u00e4lt\u00e4\u00e4 pieni\u00e4 m\u00e4\u00e4ri\u00e4 maap\u00e4hkin\u00f6it\u00e4, seesamia ja sulfiitteja. <\/p>\n<p>Viini- ja manteli-minidonitsi: Vehn\u00e4jauho, iberialainen silava (antioksidantti: E-320), sokeri, viini (sis\u00e4lt\u00e4\u00e4 sulfiitteja) (12 %), mantelit (5 %), anis, kaneli, seesaminsiemenet, anisaromi ja sitruuna-aromi. Saattaa sis\u00e4lt\u00e4\u00e4 pieni\u00e4 m\u00e4\u00e4ri\u00e4 maap\u00e4hkin\u00f6it\u00e4. <\/p>\n<p>Allergeenit<\/p>\n<p>Sis\u00e4lt\u00e4\u00e4 gluteenia, p\u00e4hkin\u00f6it\u00e4, seesamia ja sulfiitteja. Saattaa sis\u00e4lt\u00e4\u00e4 pieni\u00e4 m\u00e4\u00e4ri\u00e4 maap\u00e4hkin\u00f6it\u00e4. <\/p>\n","protected":false},"excerpt":{"rendered":"<p>Kuvaus T\u00e4st\u00e4 valikoimasta l\u00f6yd\u00e4t perinteisimm\u00e4t joulunajan tuotteet, minis\u00e4kki 400 grs. Yhdest\u00e4 tuotteesta l\u00f6yd\u00e4t valikoiman: - Viini\u00e4 ja mantelimunkkeja. Miniversio hienosta viinidonitsistamme. Py\u00f6re\u00e4n muotoinen, keskell\u00e4 reik\u00e4, valmistettu makeasta viinist\u00e4, manteleista, seesaminsiemenist\u00e4 ja tomusokerista. - Polvoroncitos de almendra. Mit\u00e4 olisi joulu ilman perinteisi\u00e4 polvorononeja? Vaikka polvoroncitos-juustomme ovatkin alkuper\u00e4isi\u00e4 pienempi\u00e4, niiss\u00e4 s\u00e4ilyy niille ominainen mantelin maku. - Kanelinen [&hellip;]<\/p>\n","protected":false},"featured_media":44292,"template":"","meta":{"_et_pb_use_builder":"","_et_pb_old_content":"","_et_gb_content_width":""},"product_brand":[1417],"product_cat":[7763,1945],"product_tag":[],"class_list":{"0":"post-44286","1":"product","2":"type-product","3":"status-publish","4":"has-post-thumbnail","6":"product_brand-la-ponderosa","7":"product_cat-joulun-erikoisohjelma","8":"product_cat-sailyttaa","10":"first","11":"outofstock","12":"taxable","13":"shipping-taxable","14":"product-type-variable"},"_links":{"self":[{"href":"https:\/\/myspainfood.com\/fi\/wp-json\/wp\/v2\/product\/44286","targetHints":{"allow":["GET"]}}],"collection":[{"href":"https:\/\/myspainfood.com\/fi\/wp-json\/wp\/v2\/product"}],"about":[{"href":"https:\/\/myspainfood.com\/fi\/wp-json\/wp\/v2\/types\/product"}],"wp:featuredmedia":[{"embeddable":true,"href":"https:\/\/myspainfood.com\/fi\/wp-json\/wp\/v2\/media\/44292"}],"wp:attachment":[{"href":"https:\/\/myspainfood.com\/fi\/wp-json\/wp\/v2\/media?parent=44286"}],"wp:term":[{"taxonomy":"product_brand","embeddable":true,"href":"https:\/\/myspainfood.com\/fi\/wp-json\/wp\/v2\/product_brand?post=44286"},{"taxonomy":"product_cat","embeddable":true,"href":"https:\/\/myspainfood.com\/fi\/wp-json\/wp\/v2\/product_cat?post=44286"},{"taxonomy":"product_tag","embeddable":true,"href":"https:\/\/myspainfood.com\/fi\/wp-json\/wp\/v2\/product_tag?post=44286"}],"curies":[{"name":"wp","href":"https:\/\/api.w.org\/{rel}","templated":true}]}}