{"id":44323,"date":"2025-04-10T12:11:27","date_gmt":"2025-04-10T10:11:27","guid":{"rendered":"https:\/\/myspainfood.com\/producto\/kotitekoinen-pikkuleipa-500-grammaa-pussi-la-ponderosa\/"},"modified":"2025-04-10T12:11:27","modified_gmt":"2025-04-10T10:11:27","slug":"kotitekoinen-pikkuleipa-500-grammaa-pussi-la-ponderosa","status":"publish","type":"product","link":"https:\/\/myspainfood.com\/fi\/producto\/kotitekoinen-pikkuleipa-500-grammaa-pussi-la-ponderosa\/","title":{"rendered":"Kotitekoinen pikkuleip\u00e4 500 grammaa pussi La Ponderosa"},"content":{"rendered":"<p>Suklaa, sitruuna, kaneli&#8230; Markkinoilla on monia mantecados-makuja, mutta jos jotkin niist\u00e4 ovat joulup\u00f6yd\u00e4n ehdoton valinta, ne ovat kotitekoisia mantecadoja. Laadun yhdistelm\u00e4, sill\u00e4 kotitekoiset mantecadot valmistetaan parhaista raaka-aineista, ja maassamme jo vuosia kaupan olleen tuotteen k\u00e4sity\u00f6taito ja perinteet tekev\u00e4t siit\u00e4 yhden myydyimmist\u00e4 tuotteista asiakkaidemme keskuudessa. <\/p>\n<p>Ainesosat:<\/p>\n<p>Vehn\u00e4jauho, sokeri, iberialainen silava (antioksidantti: E-320), kaneli ja seesaminsiemenet. Saattaa sis\u00e4lt\u00e4\u00e4 pieni\u00e4 m\u00e4\u00e4ri\u00e4 p\u00e4hkin\u00f6it\u00e4, maap\u00e4hkin\u00f6it\u00e4 ja sulfiitteja. <\/p>\n<p>Allergeenit<\/p>\n<p>Sis\u00e4lt\u00e4\u00e4 gluteenia ja seesamia. Saattaa sis\u00e4lt\u00e4\u00e4 pieni\u00e4 m\u00e4\u00e4ri\u00e4 p\u00e4hkin\u00f6it\u00e4, maap\u00e4hkin\u00f6it\u00e4 ja sulfiitteja. <\/p>\n","protected":false},"excerpt":{"rendered":"<p>Suklaa, sitruuna, kaneli&#8230; Markkinoilla on monia mantecados-makuja, mutta jos jotkin niist\u00e4 ovat joulup\u00f6yd\u00e4n ehdoton valinta, ne ovat kotitekoisia mantecadoja. Laadun yhdistelm\u00e4, sill\u00e4 kotitekoiset mantecadot valmistetaan parhaista raaka-aineista, ja maassamme jo vuosia kaupan olleen tuotteen k\u00e4sity\u00f6taito ja perinteet tekev\u00e4t siit\u00e4 yhden myydyimmist\u00e4 tuotteista asiakkaidemme keskuudessa. Ainesosat: Vehn\u00e4jauho, sokeri, iberialainen silava (antioksidantti: E-320), kaneli ja seesaminsiemenet. Saattaa [&hellip;]<\/p>\n","protected":false},"featured_media":44329,"template":"","meta":{"_et_pb_use_builder":"","_et_pb_old_content":"","_et_gb_content_width":""},"product_brand":[1417],"product_cat":[7763,1945],"product_tag":[],"class_list":{"0":"post-44323","1":"product","2":"type-product","3":"status-publish","4":"has-post-thumbnail","6":"product_brand-la-ponderosa","7":"product_cat-joulun-erikoisohjelma","8":"product_cat-sailyttaa","10":"first","11":"outofstock","12":"taxable","13":"shipping-taxable","14":"product-type-variable"},"_links":{"self":[{"href":"https:\/\/myspainfood.com\/fi\/wp-json\/wp\/v2\/product\/44323","targetHints":{"allow":["GET"]}}],"collection":[{"href":"https:\/\/myspainfood.com\/fi\/wp-json\/wp\/v2\/product"}],"about":[{"href":"https:\/\/myspainfood.com\/fi\/wp-json\/wp\/v2\/types\/product"}],"wp:featuredmedia":[{"embeddable":true,"href":"https:\/\/myspainfood.com\/fi\/wp-json\/wp\/v2\/media\/44329"}],"wp:attachment":[{"href":"https:\/\/myspainfood.com\/fi\/wp-json\/wp\/v2\/media?parent=44323"}],"wp:term":[{"taxonomy":"product_brand","embeddable":true,"href":"https:\/\/myspainfood.com\/fi\/wp-json\/wp\/v2\/product_brand?post=44323"},{"taxonomy":"product_cat","embeddable":true,"href":"https:\/\/myspainfood.com\/fi\/wp-json\/wp\/v2\/product_cat?post=44323"},{"taxonomy":"product_tag","embeddable":true,"href":"https:\/\/myspainfood.com\/fi\/wp-json\/wp\/v2\/product_tag?post=44323"}],"curies":[{"name":"wp","href":"https:\/\/api.w.org\/{rel}","templated":true}]}}