{"id":44747,"date":"2025-04-10T12:07:16","date_gmt":"2025-04-10T10:07:16","guid":{"rendered":"https:\/\/myspainfood.com\/producto\/kukkahunaja-1-kg-la-celda-real\/"},"modified":"2025-04-10T12:07:16","modified_gmt":"2025-04-10T10:07:16","slug":"kukkahunaja-1-kg-la-celda-real","status":"publish","type":"product","link":"https:\/\/myspainfood.com\/fi\/producto\/kukkahunaja-1-kg-la-celda-real\/","title":{"rendered":"Kukkahunaja 1 kg La Celda Real"},"content":{"rendered":"<p style=\"text-align: left\">Miel de Flores 1 kg on tuote, jota valmistetaan laajoissa tiloissa, joissa on automatisoidut <a href=\"https:\/\/es.wikipedia.org\/wiki\/Miel\" target=\"_blank\" rel=\"noopener noreferrer nofollow\">tuotantolinjat<\/a> ja integroitu laatuj\u00e4rjestelm\u00e4.<\/p>\n<p style=\"text-align: left\">Kokeneet mehil\u00e4ishoitajat ker\u00e4\u00e4v\u00e4t tuotteen, ja se pakataan siten, ett\u00e4 sen luonnolliset ominaisuudet s\u00e4ilyv\u00e4t mahdollisimman hyvin.<\/p>\n<p style=\"text-align: left\">T\u00e4m\u00e4 tuote kehittyy kaikkien sen tekij\u00f6iden kokemuksen, tiet\u00e4myksen ja innostuksen ansiosta, ja se sitoutuu tasapainoisesti parhaaseen perinteeseen, s\u00e4ilytt\u00e4\u00e4 menneisyyden hyv\u00e4n ty\u00f6n ja varmistaa <strong>lopputuotteen laadun<\/strong> tuotantoprosessien avulla <strong>.<\/strong><\/p>\n<p style=\"text-align: left\">Hunaja on t\u00e4ysravinto, jota mehil\u00e4iset valmistavat kukista ker\u00e4\u00e4m\u00e4st\u00e4\u00e4n nektarista.<\/p>\n<p style=\"text-align: left\">Se on kullanv\u00e4rist\u00e4, viskoosia, makeaa ja herkullista nestett\u00e4, jota mehil\u00e4iset pit\u00e4v\u00e4t kes\u00e4kauden aikana ravinnokseen.<\/p>\n<p style=\"text-align: left\">Sill\u00e4 on monia etuja, kuten:<\/p>\n<ul style=\"text-align: left\">\n<li>Se on sokerin korvike. Luonnollinen ja herkullinen. <\/li>\n<li>Se vahvistaa puolustuskyky\u00e4si. Se suojaa sinua orgaanisesti. <\/li>\n<li>Ehk\u00e4isee infektioita. Se huolehtii terveydest\u00e4si. <\/li>\n<li>Se antaa sinulle ylim\u00e4\u00e4r\u00e4ist\u00e4 energiaa p\u00e4ivitt\u00e4in.<\/li>\n<li>  Edist\u00e4\u00e4 ruoansulatusta<\/li>\n<\/ul>\n<p style=\"text-align: left\">Jos haluat ostaa Miel de Flores 1 kg tai mit\u00e4 tahansa muuta <a href=\"https:\/\/latiendadesami.com\/categoria-producto\/conservas\/\" rel=\"noopener noreferrer nofollow\" target=\"_blank\">purkkiruokaa<\/a>, \u00e4l\u00e4 ep\u00e4r\u00f6i katsoa verkkoluetteloamme n\u00e4hd\u00e4ksesi laajan valikoimamme.<\/p>\n<p style=\"text-align: left\">Kirjoita meille saadaksesi lis\u00e4tietoja.<\/p>\n","protected":false},"excerpt":{"rendered":"<p>Kukkahunaja 1 kg<\/p>\n","protected":false},"featured_media":44757,"template":"","meta":{"_et_pb_use_builder":"","_et_pb_old_content":"","_et_gb_content_width":""},"product_brand":[1210],"product_cat":[3002,1945],"product_tag":[],"class_list":{"0":"post-44747","1":"product","2":"type-product","3":"status-publish","4":"has-post-thumbnail","6":"product_brand-la-celda-real","7":"product_cat-hunaja","8":"product_cat-sailyttaa","10":"first","11":"instock","12":"taxable","13":"shipping-taxable","14":"purchasable","15":"product-type-variable"},"_links":{"self":[{"href":"https:\/\/myspainfood.com\/fi\/wp-json\/wp\/v2\/product\/44747","targetHints":{"allow":["GET"]}}],"collection":[{"href":"https:\/\/myspainfood.com\/fi\/wp-json\/wp\/v2\/product"}],"about":[{"href":"https:\/\/myspainfood.com\/fi\/wp-json\/wp\/v2\/types\/product"}],"wp:featuredmedia":[{"embeddable":true,"href":"https:\/\/myspainfood.com\/fi\/wp-json\/wp\/v2\/media\/44757"}],"wp:attachment":[{"href":"https:\/\/myspainfood.com\/fi\/wp-json\/wp\/v2\/media?parent=44747"}],"wp:term":[{"taxonomy":"product_brand","embeddable":true,"href":"https:\/\/myspainfood.com\/fi\/wp-json\/wp\/v2\/product_brand?post=44747"},{"taxonomy":"product_cat","embeddable":true,"href":"https:\/\/myspainfood.com\/fi\/wp-json\/wp\/v2\/product_cat?post=44747"},{"taxonomy":"product_tag","embeddable":true,"href":"https:\/\/myspainfood.com\/fi\/wp-json\/wp\/v2\/product_tag?post=44747"}],"curies":[{"name":"wp","href":"https:\/\/api.w.org\/{rel}","templated":true}]}}