{"id":45009,"date":"2025-04-10T12:11:40","date_gmt":"2025-04-10T10:11:40","guid":{"rendered":"https:\/\/myspainfood.com\/producto\/salmorejo-cordobes-ekstra-neitsytoliivioljy-arteoliva-1-litraa\/"},"modified":"2026-01-29T12:02:20","modified_gmt":"2026-01-29T11:02:20","slug":"salmorejo-cordobes-ekstra-neitsytoliivioljy-arteoliva-1-litraa","status":"publish","type":"product","link":"https:\/\/myspainfood.com\/fi\/producto\/salmorejo-cordobes-ekstra-neitsytoliivioljy-arteoliva-1-litraa\/","title":{"rendered":"Salmorejo Cordob\u00e9s ekstra neitsytoliivi\u00f6ljy ArteOliva 1 litraa"},"content":{"rendered":"<p>Tyypillist\u00e4 Cordoban kylm\u00e4\u00e4 kermaa, joka on valmistettu p\u00e4\u00e4asiassa tuoreista, valikoiduista tomaateista, ekstra-neitsytoliivi\u00f6ljyst\u00e4, leiv\u00e4st\u00e4 ja valkosipulista.<\/p>\n","protected":false},"excerpt":{"rendered":"<p>Tyypillist\u00e4 Cordoban kylm\u00e4\u00e4 kermaa, joka on valmistettu p\u00e4\u00e4asiassa tuoreista, valikoiduista tomaateista, ekstra-neitsytoliivi\u00f6ljyst\u00e4, leiv\u00e4st\u00e4 ja valkosipulista.<\/p>\n","protected":false},"featured_media":45014,"template":"","meta":{"_et_pb_use_builder":"","_et_pb_old_content":"","_et_gb_content_width":""},"product_brand":[1457],"product_cat":[2497,4907,1872,1945],"product_tag":[],"class_list":{"0":"post-45009","1":"product","2":"type-product","3":"status-publish","4":"has-post-thumbnail","6":"product_brand-arteoliva","7":"product_cat-ekstra-neitsytoliivi","8":"product_cat-juomat","9":"product_cat-kylma","10":"product_cat-sailyttaa","11":"product_shipping_class-kylmalahetys","13":"first","14":"outofstock","15":"taxable","16":"shipping-taxable","17":"product-type-variable"},"_links":{"self":[{"href":"https:\/\/myspainfood.com\/fi\/wp-json\/wp\/v2\/product\/45009","targetHints":{"allow":["GET"]}}],"collection":[{"href":"https:\/\/myspainfood.com\/fi\/wp-json\/wp\/v2\/product"}],"about":[{"href":"https:\/\/myspainfood.com\/fi\/wp-json\/wp\/v2\/types\/product"}],"wp:featuredmedia":[{"embeddable":true,"href":"https:\/\/myspainfood.com\/fi\/wp-json\/wp\/v2\/media\/45014"}],"wp:attachment":[{"href":"https:\/\/myspainfood.com\/fi\/wp-json\/wp\/v2\/media?parent=45009"}],"wp:term":[{"taxonomy":"product_brand","embeddable":true,"href":"https:\/\/myspainfood.com\/fi\/wp-json\/wp\/v2\/product_brand?post=45009"},{"taxonomy":"product_cat","embeddable":true,"href":"https:\/\/myspainfood.com\/fi\/wp-json\/wp\/v2\/product_cat?post=45009"},{"taxonomy":"product_tag","embeddable":true,"href":"https:\/\/myspainfood.com\/fi\/wp-json\/wp\/v2\/product_tag?post=45009"}],"curies":[{"name":"wp","href":"https:\/\/api.w.org\/{rel}","templated":true}]}}