{"id":45158,"date":"2025-04-10T12:05:33","date_gmt":"2025-04-10T10:05:33","guid":{"rendered":"https:\/\/myspainfood.com\/producto\/munakoiso-makuinen-oliivi\/"},"modified":"2025-04-10T12:05:33","modified_gmt":"2025-04-10T10:05:33","slug":"munakoiso-makuinen-oliivi","status":"publish","type":"product","link":"https:\/\/myspainfood.com\/fi\/producto\/munakoiso-makuinen-oliivi\/","title":{"rendered":"Munakoiso makuinen oliivi"},"content":{"rendered":"<p>Munakoison makuinen oliivi on eritt\u00e4in miedon makuinen, joten se on rohkea <a href=\"https:\/\/www.laencajera.es\/aceitunas\" target=\"_blank\" rel=\"noopener noreferrer nofollow\">alkupala<\/a>, joka on aina ruokahalua her\u00e4tt\u00e4v\u00e4.<\/p>\n<p>Lis\u00e4ksi se sopii erinomaisesti lusikkaruokien lisukkeeksi. Niit\u00e4 voi nauttia viinilasillisen kanssa. <\/p>\n<p>Ainesosat: Oliivit, vesi, pippuri, suola, etikka, luonnolliset mausteet (valkosipuli, kumina, paprika ja \u00f6ljy), arominvahventeet (E-631, E-627, E-621), happamuudens\u00e4\u00e4t\u00f6aine (E-330), s\u00e4il\u00f6nt\u00e4aineet (E-270, E-202, E-211), hapettumisenestoaine (E-330) ja luonnolliset aromit. Saattaa sis\u00e4lt\u00e4\u00e4 sulfiitteja. <\/p>\n<p>S\u00e4ilyt\u00e4 viile\u00e4ss\u00e4 ja kuivassa paikassa 3\u00baC ja 10\u00baC v\u00e4lill\u00e4. S\u00e4ilyt\u00e4 poissa auringonvalolta ja voimakkailta hajuilta. <\/p>\n<p>Munakoiso makuinen oliivi, kun se on avattu, s\u00e4ilytet\u00e4\u00e4n j\u00e4\u00e4kaapissa ja kulutetaan 30 p\u00e4iv\u00e4n kuluessa.<\/p>\n<p>Jos haluat ostaa oliiveja tai muunlaisia <a href=\"https:\/\/latiendadesami.com\/categoria-producto\/encurtidos\/\" rel=\"noopener noreferrer nofollow\" target=\"_blank\">suolakurkkuja<\/a>, \u00e4l\u00e4 ep\u00e4r\u00f6i katsoa verkkoluetteloamme ja tutustua laajaan <a href=\"https:\/\/latiendadesami.com\/categoria-producto\/encurtidos\/berenjenas\/\" target=\"_blank\" rel=\"noopener noreferrer nofollow\">munakoisovalikoimaamme<\/a>.<\/p>\n<p>Tuotemerkki on La Encajonera, vuonna 1990 perustettu perheyritys, joka sijaitsee La Manchan syd\u00e4mess\u00e4, ALMAGROn kaupungissa Ciudad Realin maakunnassa.<\/p>\n<p>Tuotteiden valmistusprosessi alkaa samalta kasvualueelta, jossa valitaan paras laatutuote.<\/p>\n<p>Tehdas on varustettu edistyneimm\u00e4ll\u00e4 teknologialla, mutta samalla se s\u00e4ilytt\u00e4\u00e4 k\u00e4sity\u00f6l\u00e4isten perinteet ja taitotiedon.<\/p>\n","protected":false},"excerpt":{"rendered":"<p>Munakoison makuinen oliivi on eritt\u00e4in miedon makuinen, joten se on rohkea alkupala, joka on aina ruokahalua her\u00e4tt\u00e4v\u00e4. Lis\u00e4ksi se sopii erinomaisesti lusikkaruokien lisukkeeksi. Niit\u00e4 voi nauttia viinilasillisen kanssa. Ainesosat: Oliivit, vesi, pippuri, suola, etikka, luonnolliset mausteet (valkosipuli, kumina, paprika ja \u00f6ljy), arominvahventeet (E-631, E-627, E-621), happamuudens\u00e4\u00e4t\u00f6aine (E-330), s\u00e4il\u00f6nt\u00e4aineet (E-270, E-202, E-211), hapettumisenestoaine (E-330) ja luonnolliset [&hellip;]<\/p>\n","protected":false},"featured_media":45166,"template":"","meta":{"_et_pb_use_builder":"","_et_pb_old_content":"","_et_gb_content_width":""},"product_brand":[1057],"product_cat":[1781,1779],"product_tag":[2156],"class_list":{"0":"post-45158","1":"product","2":"type-product","3":"status-publish","4":"has-post-thumbnail","6":"product_brand-la-encajera","7":"product_cat-oliivit","8":"product_cat-pikkelsia","9":"product_tag-munakoiso","11":"first","12":"outofstock","13":"taxable","14":"shipping-taxable","15":"product-type-variable"},"_links":{"self":[{"href":"https:\/\/myspainfood.com\/fi\/wp-json\/wp\/v2\/product\/45158","targetHints":{"allow":["GET"]}}],"collection":[{"href":"https:\/\/myspainfood.com\/fi\/wp-json\/wp\/v2\/product"}],"about":[{"href":"https:\/\/myspainfood.com\/fi\/wp-json\/wp\/v2\/types\/product"}],"wp:featuredmedia":[{"embeddable":true,"href":"https:\/\/myspainfood.com\/fi\/wp-json\/wp\/v2\/media\/45166"}],"wp:attachment":[{"href":"https:\/\/myspainfood.com\/fi\/wp-json\/wp\/v2\/media?parent=45158"}],"wp:term":[{"taxonomy":"product_brand","embeddable":true,"href":"https:\/\/myspainfood.com\/fi\/wp-json\/wp\/v2\/product_brand?post=45158"},{"taxonomy":"product_cat","embeddable":true,"href":"https:\/\/myspainfood.com\/fi\/wp-json\/wp\/v2\/product_cat?post=45158"},{"taxonomy":"product_tag","embeddable":true,"href":"https:\/\/myspainfood.com\/fi\/wp-json\/wp\/v2\/product_tag?post=45158"}],"curies":[{"name":"wp","href":"https:\/\/api.w.org\/{rel}","templated":true}]}}