{"id":46194,"date":"2025-04-10T12:11:40","date_gmt":"2025-04-10T10:11:40","guid":{"rendered":"https:\/\/myspainfood.com\/producto\/nieva-cojonudos-valkoinen-parsa-extra-13-16-erittain-paksu\/"},"modified":"2025-04-10T12:11:40","modified_gmt":"2025-04-10T10:11:40","slug":"nieva-cojonudos-valkoinen-parsa-extra-13-16-erittain-paksu","status":"publish","type":"product","link":"https:\/\/myspainfood.com\/fi\/producto\/nieva-cojonudos-valkoinen-parsa-extra-13-16-erittain-paksu\/","title":{"rendered":"Nieva &#8221;Cojonudos&#8221; Valkoinen parsa Extra 13\/16 Eritt\u00e4in paksu"},"content":{"rendered":"<p>Uppoudu Nievan eritt\u00e4in paksun valkoisen parsan hienouteen ja l\u00f6yd\u00e4 ainutlaatuinen kulinaarinen kokemus! Jokainen parsa valitaan huolellisesti ja viljell\u00e4\u00e4n hedelm\u00e4llisimmill\u00e4 mailla, mik\u00e4 takaa parhaan laadun ja tuoreuden jokaisessa suupalassa. <\/p>\n<p>Nieva-merkkiset valkoiset parsat erottuvat edukseen runsaan kokonsa ja kiinte\u00e4n, mehukkaan rakenteensa ansiosta. Poikkeuksellisen suuren halkaisijansa ansiosta n\u00e4m\u00e4 parsat ovat t\u00e4ydellinen valinta niille, jotka etsiv\u00e4t intensiivist\u00e4 makua ja herkullista koostumusta jokaisessa annoksessa. <\/p>\n<p>Valkoinen parsa on huolella viljellyilt\u00e4 pelloilta hankittu ja optimaalisen kyps\u00e4n\u00e4 korjattu luonnon aarre, joka ihastuttaa makuaistisi ja nostaa ruokasi uusiin gastronomisiin korkeuksiin.<\/p>\n<p>Nauti niiden miedosta, hieman kitker\u00e4st\u00e4 mausta ja mureasta mutta sitke\u00e4st\u00e4 rakenteesta. Nautitpa niit\u00e4 p\u00e4\u00e4ruokien lisukkeena, lis\u00e4sit niit\u00e4 tuoreisiin salaatteihin tai lis\u00e4sit niit\u00e4 gourmet-resepteihin, Nievan eritt\u00e4in paksut valkoiset parsat ovat t\u00e4ydellinen valinta hienon keitti\u00f6n yst\u00e4ville. <\/p>\n<p>Yll\u00e4t\u00e4 vieraasi valkoisen parsan gastronomisella erinomaisuudella ja tee jokaisesta ateriasta unohtumaton el\u00e4mys. Hanki ne nyt ja huomaa, miksi Nieva on synonyymi poikkeukselliselle laadulle ja maulle jokaisessa suupalassa! <\/p>\n","protected":false},"excerpt":{"rendered":"<p>Uppoudu Nievan eritt\u00e4in paksun valkoisen parsan hienouteen ja l\u00f6yd\u00e4 ainutlaatuinen kulinaarinen kokemus! Jokainen parsa valitaan huolellisesti ja viljell\u00e4\u00e4n hedelm\u00e4llisimmill\u00e4 mailla, mik\u00e4 takaa parhaan laadun ja tuoreuden jokaisessa suupalassa. <\/p>\n","protected":false},"featured_media":46197,"template":"","meta":{"_et_pb_use_builder":"","_et_pb_old_content":"","_et_gb_content_width":""},"product_brand":[1458],"product_cat":[6416,1945],"product_tag":[],"class_list":{"0":"post-46194","1":"product","2":"type-product","3":"status-publish","4":"has-post-thumbnail","6":"product_brand-nieva-cojonudos","7":"product_cat-parsa","8":"product_cat-sailyttaa","10":"first","11":"outofstock","12":"taxable","13":"shipping-taxable","14":"product-type-variable"},"_links":{"self":[{"href":"https:\/\/myspainfood.com\/fi\/wp-json\/wp\/v2\/product\/46194","targetHints":{"allow":["GET"]}}],"collection":[{"href":"https:\/\/myspainfood.com\/fi\/wp-json\/wp\/v2\/product"}],"about":[{"href":"https:\/\/myspainfood.com\/fi\/wp-json\/wp\/v2\/types\/product"}],"wp:featuredmedia":[{"embeddable":true,"href":"https:\/\/myspainfood.com\/fi\/wp-json\/wp\/v2\/media\/46197"}],"wp:attachment":[{"href":"https:\/\/myspainfood.com\/fi\/wp-json\/wp\/v2\/media?parent=46194"}],"wp:term":[{"taxonomy":"product_brand","embeddable":true,"href":"https:\/\/myspainfood.com\/fi\/wp-json\/wp\/v2\/product_brand?post=46194"},{"taxonomy":"product_cat","embeddable":true,"href":"https:\/\/myspainfood.com\/fi\/wp-json\/wp\/v2\/product_cat?post=46194"},{"taxonomy":"product_tag","embeddable":true,"href":"https:\/\/myspainfood.com\/fi\/wp-json\/wp\/v2\/product_tag?post=46194"}],"curies":[{"name":"wp","href":"https:\/\/api.w.org\/{rel}","templated":true}]}}