{"id":46772,"date":"2025-04-10T12:06:14","date_gmt":"2025-04-10T10:06:14","guid":{"rendered":"https:\/\/myspainfood.com\/producto\/kantabrian-anjovikset-120-g\/"},"modified":"2025-06-24T10:56:05","modified_gmt":"2025-06-24T08:56:05","slug":"kantabrian-anjovikset-120-g","status":"publish","type":"product","link":"https:\/\/myspainfood.com\/fi\/producto\/kantabrian-anjovikset-120-g\/","title":{"rendered":"Kantabrian anjovikset 120 g"},"content":{"rendered":"<p>Kantabrian anjovikset ovat markkinoiden arvostetuimpia ja arvostetuimpia, ja ne erottuvat edukseen hienon rakenteensa ja voimakkaan makunsa ansiosta. Arroyabe Cantabrian anjovikset ovat korkealaatuisia, ainoastaan Cantabrianmerelt\u00e4 pyydettyj\u00e4, Engraulis Encrasicholus -lajin sardelleja, jotka on tuotettu perinteisin menetelmin. <\/p>\n<p>Puoliksi s\u00e4il\u00f6ttyj\u00e4 sardelleja on kahta tyyppi\u00e4: \u00f6ljyss\u00e4 s\u00e4il\u00f6ttyj\u00e4 sardellifileit\u00e4 ja suolattuja sardelleja. Suolatut anjovikset pakataan t\u00f6lkkeihin, joihin lis\u00e4t\u00e4\u00e4n suolaa kev\u00e4\u00e4n rannikkokauden aikana, ja niiden annetaan kypsy\u00e4 9 kuukautta. Ne ovat paras ratkaisu niille, jotka haluavat valmistaa sardelleja oman makunsa mukaan, ja suolattuja sardelleja voi ostaa 2,5, 5 ja 10 kg:n t\u00f6lkeiss\u00e4.  <\/p>\n<p>Oliivi\u00f6ljyss\u00e4 olevien sardellifileiden lis\u00e4etuna on, ett\u00e4 kypsytyksen j\u00e4lkeen ne puhdistetaan ja fileoidaan k\u00e4sin perinteisten sardellinjalostustekniikoiden mukaisesti.<\/p>\n","protected":false},"excerpt":{"rendered":"<p>Kantabrian anjovikset ovat markkinoiden arvostetuimpia ja arvostetuimpia, ja ne erottuvat edukseen hienon rakenteensa ja voimakkaan makunsa ansiosta. Arroyabe Cantabrian anjovikset ovat korkealaatuisia, ainoastaan Cantabrianmerelt\u00e4 pyydettyj\u00e4, Engraulis Encrasicholus -lajin sardelleja, jotka on tuotettu perinteisin menetelmin. Puoliksi s\u00e4il\u00f6ttyj\u00e4 sardelleja on kahta tyyppi\u00e4: \u00f6ljyss\u00e4 s\u00e4il\u00f6ttyj\u00e4 sardellifileit\u00e4 ja suolattuja sardelleja. Suolatut anjovikset pakataan t\u00f6lkkeihin, joihin lis\u00e4t\u00e4\u00e4n suolaa kev\u00e4\u00e4n rannikkokauden [&hellip;]<\/p>\n","protected":false},"featured_media":46778,"template":"","meta":{"_et_pb_use_builder":"","_et_pb_old_content":"","_et_gb_content_width":""},"product_brand":[1127],"product_cat":[1872,1873],"product_tag":[],"class_list":{"0":"post-46772","1":"product","2":"type-product","3":"status-publish","4":"has-post-thumbnail","6":"product_brand-picarpicar","7":"product_cat-kylma","8":"product_cat-sardellit","9":"product_shipping_class-kylmalahetys","11":"first","12":"instock","13":"featured","14":"taxable","15":"shipping-taxable","16":"purchasable","17":"product-type-variable"},"_links":{"self":[{"href":"https:\/\/myspainfood.com\/fi\/wp-json\/wp\/v2\/product\/46772","targetHints":{"allow":["GET"]}}],"collection":[{"href":"https:\/\/myspainfood.com\/fi\/wp-json\/wp\/v2\/product"}],"about":[{"href":"https:\/\/myspainfood.com\/fi\/wp-json\/wp\/v2\/types\/product"}],"wp:featuredmedia":[{"embeddable":true,"href":"https:\/\/myspainfood.com\/fi\/wp-json\/wp\/v2\/media\/46778"}],"wp:attachment":[{"href":"https:\/\/myspainfood.com\/fi\/wp-json\/wp\/v2\/media?parent=46772"}],"wp:term":[{"taxonomy":"product_brand","embeddable":true,"href":"https:\/\/myspainfood.com\/fi\/wp-json\/wp\/v2\/product_brand?post=46772"},{"taxonomy":"product_cat","embeddable":true,"href":"https:\/\/myspainfood.com\/fi\/wp-json\/wp\/v2\/product_cat?post=46772"},{"taxonomy":"product_tag","embeddable":true,"href":"https:\/\/myspainfood.com\/fi\/wp-json\/wp\/v2\/product_tag?post=46772"}],"curies":[{"name":"wp","href":"https:\/\/api.w.org\/{rel}","templated":true}]}}