{"id":46862,"date":"2025-04-10T12:06:14","date_gmt":"2025-04-10T10:06:14","guid":{"rendered":"https:\/\/myspainfood.com\/producto\/sardellit-chop-chop-2-kg\/"},"modified":"2025-06-24T16:17:42","modified_gmt":"2025-06-24T14:17:42","slug":"sardellit-chop-chop-2-kg","status":"publish","type":"product","link":"https:\/\/myspainfood.com\/fi\/producto\/sardellit-chop-chop-2-kg\/","title":{"rendered":"Sardellit Chop &amp; Chop 2 kg"},"content":{"rendered":"<p>Boquer\u00f3n Picar&amp;Picar 2 kg GOLD SERIES on valkosipulilla ja persiljalla maustettuja sardelleja GOLD SERIES.<\/p>\n<p>Kyseess\u00e4 on hieno ja eritt\u00e4in suuri kala, joka esitet\u00e4\u00e4n 200 gramman tarjottimella.<\/p>\n<p>T\u00e4m\u00e4 <a href=\"https:\/\/picaripicar.com\/presentacion\/\" target=\"_blank\" rel=\"noopener noreferrer nofollow\">tuote<\/a> on s\u00e4il\u00f6tty auringonkukka\u00f6ljyss\u00e4, etikassa ja valkosipulissa.<\/p>\n<p>Alustan l\u00e4mp\u00f6tila on pidett\u00e4v\u00e4 0-4\u00baC:n v\u00e4lill\u00e4.<\/p>\n<p>Sen valmistukseen k\u00e4ytet\u00e4\u00e4n puhdistettuja sardellinfileit\u00e4, joiden liha on alun perin ruskehtavaa.<\/p>\n<p>Ne korostavat ulkokuorensa hopeanv\u00e4risi\u00e4 heijastuksia, ja ne upotetaan tarjottimeen (lasiin, ei koskaan metalliin, koska etikan etikkahappo vaikuttaisi siihen), jossa on suolaa, vett\u00e4 ja etikkaa, 3 tunniksi veteen ja noin 6 tunniksi etikkaan viile\u00e4ss\u00e4 paikassa.<\/p>\n<p>Anjoviksen selk\u00e4, joka oli aiemmin ruskea, muuttuu valkoiseksi, kun etikka vaikuttaa.<\/p>\n<p>Kun neste on valutettu, koristele runsaalla hienonnetulla valkosipulilla, oliivi\u00f6ljyll\u00e4 ja persiljalla.<\/p>\n<p>T\u00e4m\u00e4 ruoka nautitaan yleens\u00e4 kylm\u00e4n\u00e4 oluen kera (viini\u00e4 ei suositella, koska etikan ja viinin vuorovaikutus on huono).<\/p>\n<p>Se on hyvin tyypillinen aperitiivi Espanjassa, erityisesti l\u00e4mpimin\u00e4 kuukausina.<\/p>\n<p>Espanjassa on tyypillist\u00e4 n\u00e4hd\u00e4 niit\u00e4 tarjottimilla monien baarien ja ravintoloiden tiskeill\u00e4.<\/p>\n<p>Annos koristellaan usein suolakurkuilla: kapriksilla tai oliiveilla, ja se tarjoillaan perunalastujen kanssa suurella lautasella.<\/p>\n<p>Espanjassa t\u00e4t\u00e4 tuotetta myyd\u00e4\u00e4n suurissa supermarketeissa erikokoisissa muovipulloissa, joihin on lis\u00e4tt\u00e4v\u00e4 vain valkosipulia ja persiljaa.<\/p>\n<h2>Boquer\u00f3n Picar&amp;Picar 2 kg GOLD SERIES (kultainen sarja)<\/h2>\n<p>Jos haluat ostaa Boquer\u00f3n Picar&amp;Picar 2 kg SERIE ORO tai mit\u00e4 tahansa muuta <a href=\"https:\/\/latiendadesami.com\/categoria-producto\/frio\/\" rel=\"noopener noreferrer nofollow\" target=\"_blank\">kylm\u00e4\u00e4 ruokaa<\/a>, \u00e4l\u00e4 ep\u00e4r\u00f6i katsoa verkkokauppaamme.<\/p>\n<p>Meill\u00e4 on korkein laatu parhaaseen hintaan.<\/p>\n<p>Kirjoita meille, jos haluat lis\u00e4tietoja tai jos sinulla on kysytt\u00e4v\u00e4\u00e4 t\u00e4st\u00e4 tai mist\u00e4 tahansa muusta tuotteesta.<\/p>\n","protected":false},"excerpt":{"rendered":"<p>Boquer\u00f3n Picar&amp;Picar 2 kg GOLD SERIES on valkosipulilla ja persiljalla maustettuja sardelleja GOLD SERIES. Kyseess\u00e4 on hieno ja eritt\u00e4in suuri kala, joka esitet\u00e4\u00e4n 200 gramman tarjottimella. T\u00e4m\u00e4 tuote on s\u00e4il\u00f6tty auringonkukka\u00f6ljyss\u00e4, etikassa ja valkosipulissa. Alustan l\u00e4mp\u00f6tila on pidett\u00e4v\u00e4 0-4\u00baC:n v\u00e4lill\u00e4. Sen valmistukseen k\u00e4ytet\u00e4\u00e4n puhdistettuja sardellinfileit\u00e4, joiden liha on alun perin ruskehtavaa. Ne korostavat ulkokuorensa hopeanv\u00e4risi\u00e4 [&hellip;]<\/p>\n","protected":false},"featured_media":46869,"template":"","meta":{"_et_pb_use_builder":"","_et_pb_old_content":"","_et_gb_content_width":""},"product_brand":[1127],"product_cat":[1872,1896],"product_tag":[],"class_list":{"0":"post-46862","1":"product","2":"type-product","3":"status-publish","4":"has-post-thumbnail","6":"product_brand-picarpicar","7":"product_cat-kylma","8":"product_cat-sardellit-fi","9":"product_shipping_class-kylmalahetys","11":"first","12":"instock","13":"taxable","14":"shipping-taxable","15":"purchasable","16":"product-type-variable"},"_links":{"self":[{"href":"https:\/\/myspainfood.com\/fi\/wp-json\/wp\/v2\/product\/46862","targetHints":{"allow":["GET"]}}],"collection":[{"href":"https:\/\/myspainfood.com\/fi\/wp-json\/wp\/v2\/product"}],"about":[{"href":"https:\/\/myspainfood.com\/fi\/wp-json\/wp\/v2\/types\/product"}],"wp:featuredmedia":[{"embeddable":true,"href":"https:\/\/myspainfood.com\/fi\/wp-json\/wp\/v2\/media\/46869"}],"wp:attachment":[{"href":"https:\/\/myspainfood.com\/fi\/wp-json\/wp\/v2\/media?parent=46862"}],"wp:term":[{"taxonomy":"product_brand","embeddable":true,"href":"https:\/\/myspainfood.com\/fi\/wp-json\/wp\/v2\/product_brand?post=46862"},{"taxonomy":"product_cat","embeddable":true,"href":"https:\/\/myspainfood.com\/fi\/wp-json\/wp\/v2\/product_cat?post=46862"},{"taxonomy":"product_tag","embeddable":true,"href":"https:\/\/myspainfood.com\/fi\/wp-json\/wp\/v2\/product_tag?post=46862"}],"curies":[{"name":"wp","href":"https:\/\/api.w.org\/{rel}","templated":true}]}}