{"id":47105,"date":"2025-04-10T12:06:46","date_gmt":"2025-04-10T10:06:46","guid":{"rendered":"https:\/\/myspainfood.com\/producto\/parsa-d-o-navarra-5-hedelmaa-cambra\/"},"modified":"2025-04-10T12:06:46","modified_gmt":"2025-04-10T10:06:46","slug":"parsa-d-o-navarra-5-hedelmaa-cambra","status":"publish","type":"product","link":"https:\/\/myspainfood.com\/fi\/producto\/parsa-d-o-navarra-5-hedelmaa-cambra\/","title":{"rendered":"Parsa D. O. Navarra 5 hedelm\u00e4\u00e4 Cambra"},"content":{"rendered":"<p>Parsa <strong>D.O. Navarra<\/strong> lasipakkauksessa 5 hedelm\u00e4\u00e4 extra.<\/p>\n<p> Aitoa parsaa Navarrasta, joka on eritt\u00e4in suurikokoinen. <strong>Extra-laatua<\/strong>.<\/p>\n","protected":false},"excerpt":{"rendered":"<p>Parsa D.O. Navarra lasipakkauksessa 5 hedelm\u00e4\u00e4 extra. Aitoa parsaa Navarrasta, joka on eritt\u00e4in suurikokoinen. Extra-laatua.<\/p>\n","protected":false},"featured_media":47115,"template":"","meta":{"_et_pb_use_builder":"","_et_pb_old_content":"","_et_gb_content_width":""},"product_brand":[1129],"product_cat":[6416,1945],"product_tag":[9739],"class_list":{"0":"post-47105","1":"product","2":"type-product","3":"status-publish","4":"has-post-thumbnail","6":"product_brand-mateo","7":"product_cat-parsa","8":"product_cat-sailyttaa","9":"product_tag-navarra-fi","11":"first","12":"outofstock","13":"taxable","14":"shipping-taxable","15":"product-type-variable"},"_links":{"self":[{"href":"https:\/\/myspainfood.com\/fi\/wp-json\/wp\/v2\/product\/47105","targetHints":{"allow":["GET"]}}],"collection":[{"href":"https:\/\/myspainfood.com\/fi\/wp-json\/wp\/v2\/product"}],"about":[{"href":"https:\/\/myspainfood.com\/fi\/wp-json\/wp\/v2\/types\/product"}],"wp:featuredmedia":[{"embeddable":true,"href":"https:\/\/myspainfood.com\/fi\/wp-json\/wp\/v2\/media\/47115"}],"wp:attachment":[{"href":"https:\/\/myspainfood.com\/fi\/wp-json\/wp\/v2\/media?parent=47105"}],"wp:term":[{"taxonomy":"product_brand","embeddable":true,"href":"https:\/\/myspainfood.com\/fi\/wp-json\/wp\/v2\/product_brand?post=47105"},{"taxonomy":"product_cat","embeddable":true,"href":"https:\/\/myspainfood.com\/fi\/wp-json\/wp\/v2\/product_cat?post=47105"},{"taxonomy":"product_tag","embeddable":true,"href":"https:\/\/myspainfood.com\/fi\/wp-json\/wp\/v2\/product_tag?post=47105"}],"curies":[{"name":"wp","href":"https:\/\/api.w.org\/{rel}","templated":true}]}}