{"id":47228,"date":"2025-04-10T12:06:56","date_gmt":"2025-04-10T10:06:56","guid":{"rendered":"https:\/\/myspainfood.com\/producto\/gulas-arlequinitos\/"},"modified":"2025-08-20T15:02:05","modified_gmt":"2025-08-20T13:02:05","slug":"gulas-arlequinitos","status":"publish","type":"product","link":"https:\/\/myspainfood.com\/fi\/producto\/gulas-arlequinitos\/","title":{"rendered":"Arlequinitos Arlequinitos 230 grammaa"},"content":{"rendered":"<p>Arlequinitos de <a href=\"https:\/\/conservasarlequin.com\/arlequin\/\" target=\"_blank\" rel=\"noopener noreferrer nofollow\">Arlequ\u00edn<\/a> on k\u00e4sintehty s\u00e4il\u00f6tty tuote.<\/p>\n<p><strong>Paino: <\/strong>230g\/110g <strong>(netto\/puristettu <\/strong>)<\/p>\n<p><strong>S\u00e4ilyvyys:<\/strong> 5 vuotta<\/p>\n<p><strong>Luonnonsuojelu:<\/strong> Ymp\u00e4rist\u00f6<\/p>\n<p>Conservas <a href=\"https:\/\/latiendadesami.com\/marca\/arlequin\/\" target=\"_blank\" rel=\"noopener noreferrer nofollow\">Arlequ\u00ednin<\/a> teht\u00e4v\u00e4n\u00e4 on tarjota erinomaisia tuotteita, parasta palvelua ja laaja valikoima kalas\u00e4ilykkeit\u00e4 parhaaseen hintaan.<\/p>\n<p>He ovat my\u00f6s erikoistuneet sardelleihin, anjoviksiin, sardelleihin, Bonitoon, keltaev\u00e4tonnikalaan, simpukoihin, makrilliin, Gulas arlequinitosiin ja Sardinilloihin.<\/p>\n<p>Esimerkiksi El Pa\u00eds -sanomalehden Comidista sanoi ventrescasta: &#8221;Se on niin hentoa, melkein kermaista, ett\u00e4 sen kanssa tekee mieli menn\u00e4 naimisiin ja el\u00e4\u00e4 onnellisena, kunnes herra vie&#8221;.<\/p>\n<h4>S\u00e4ilykkeiden t\u00e4rkeimm\u00e4t edut<\/h4>\n<ol>\n<li>Ne s\u00e4ilytt\u00e4v\u00e4t kaikki elintarvikkeen ravitsemukselliset ominaisuudet. Ruoka s\u00e4ilytt\u00e4\u00e4 tuoreutensa. <\/li>\n<li>K\u00e4ytetyt elintarvikkeet ovat terveellisi\u00e4 ja sopivat siksi optimaaliseen ruokavalioon niiden korkean vitamiini- ja proteiinipitoisuuden ansiosta.<\/li>\n<li>N\u00e4iden tuotteiden k\u00e4ytt\u00f6ik\u00e4 on pidempi (tyypillisesti 2-5 vuotta).<\/li>\n<li>S\u00e4ilykkeet ovat eritt\u00e4in helppoja s\u00e4ilytt\u00e4\u00e4, sill\u00e4 niiden pakkaukset on helppo levitt\u00e4\u00e4.<\/li>\n<\/ol>\n<p>Jos haluat ostaa tonnikalaa tai muita <a href=\"https:\/\/latiendadesami.com\/categoria-producto\/conservas\/\" rel=\"noopener noreferrer nofollow\" target=\"_blank\">s\u00e4ilykkeit\u00e4<\/a>, \u00e4l\u00e4 ep\u00e4r\u00f6i katsoa verkkoluetteloamme ja tutustua laajaan <a href=\"https:\/\/latiendadesami.com\/categoria-producto\/conservas\/atun-y-bonito\/\" target=\"_blank\" rel=\"noopener noreferrer nofollow\">tonnikalavalikoimaamme<\/a>.<\/p>\n<p>Kirjoita meille saadaksesi lis\u00e4tietoja.<\/p>\n","protected":false},"excerpt":{"rendered":"<p>Arlequinitos de Arlequ\u00edn on k\u00e4sintehty s\u00e4il\u00f6tty tuote. Paino: 230g\/110g (netto\/puristettu ) S\u00e4ilyvyys: 5 vuotta Luonnonsuojelu: Ymp\u00e4rist\u00f6 Conservas Arlequ\u00ednin teht\u00e4v\u00e4n\u00e4 on tarjota erinomaisia tuotteita, parasta palvelua ja laaja valikoima kalas\u00e4ilykkeit\u00e4 parhaaseen hintaan. He ovat my\u00f6s erikoistuneet sardelleihin, anjoviksiin, sardelleihin, Bonitoon, keltaev\u00e4tonnikalaan, simpukoihin, makrilliin, Gulas arlequinitosiin ja Sardinilloihin. Esimerkiksi El Pa\u00eds -sanomalehden Comidista sanoi ventrescasta: &#8221;Se on [&hellip;]<\/p>\n","protected":false},"featured_media":47234,"template":"","meta":{"_et_pb_use_builder":"","_et_pb_old_content":"","_et_gb_content_width":""},"product_brand":[1162],"product_cat":[1945],"product_tag":[],"class_list":{"0":"post-47228","1":"product","2":"type-product","3":"status-publish","4":"has-post-thumbnail","6":"product_brand-arlequin","7":"product_cat-sailyttaa","9":"first","10":"outofstock","11":"taxable","12":"shipping-taxable","13":"purchasable","14":"product-type-variable"},"_links":{"self":[{"href":"https:\/\/myspainfood.com\/fi\/wp-json\/wp\/v2\/product\/47228","targetHints":{"allow":["GET"]}}],"collection":[{"href":"https:\/\/myspainfood.com\/fi\/wp-json\/wp\/v2\/product"}],"about":[{"href":"https:\/\/myspainfood.com\/fi\/wp-json\/wp\/v2\/types\/product"}],"wp:featuredmedia":[{"embeddable":true,"href":"https:\/\/myspainfood.com\/fi\/wp-json\/wp\/v2\/media\/47234"}],"wp:attachment":[{"href":"https:\/\/myspainfood.com\/fi\/wp-json\/wp\/v2\/media?parent=47228"}],"wp:term":[{"taxonomy":"product_brand","embeddable":true,"href":"https:\/\/myspainfood.com\/fi\/wp-json\/wp\/v2\/product_brand?post=47228"},{"taxonomy":"product_cat","embeddable":true,"href":"https:\/\/myspainfood.com\/fi\/wp-json\/wp\/v2\/product_cat?post=47228"},{"taxonomy":"product_tag","embeddable":true,"href":"https:\/\/myspainfood.com\/fi\/wp-json\/wp\/v2\/product_tag?post=47228"}],"curies":[{"name":"wp","href":"https:\/\/api.w.org\/{rel}","templated":true}]}}