{"id":47330,"date":"2025-04-10T12:06:58","date_gmt":"2025-04-10T10:06:58","guid":{"rendered":"https:\/\/myspainfood.com\/producto\/mini-baby-harkapavut\/"},"modified":"2025-09-06T13:41:54","modified_gmt":"2025-09-06T11:41:54","slug":"mini-baby-harkapavut","status":"publish","type":"product","link":"https:\/\/myspainfood.com\/fi\/producto\/mini-baby-harkapavut\/","title":{"rendered":"Mini baby h\u00e4rk\u00e4pavut"},"content":{"rendered":"<p><a href=\"https:\/\/www.alsurvegetales.com\/producto\/id\/12\/habas-frita-mini-baby\" target=\"_blank\" rel=\"noopener noreferrer nofollow\">Alsurin<\/a> tuottamat mini baby-h\u00e4rk\u00e4pavut korjataan k\u00e4sin parhaan mahdollisen laadun takaamiseksi.<\/p>\n<p>Tuote valitaan sen koon perusteella ja ihanteellisella kypsymisajankohdalla, jolloin saavutetaan paras mahdollinen maku ja kuoren hienous.<\/p>\n<p>T\u00e4m\u00e4n vuoksi vain 8 prosenttia sadosta k\u00e4ytet\u00e4\u00e4n lopulliseen pakkaamiseen, jossa oliivi\u00f6ljy toimii s\u00e4il\u00f6nt\u00e4aineena.<\/p>\n<p>S\u00e4ilyt\u00e4 viile\u00e4ss\u00e4, kuivassa paikassa. Kun avattu, j\u00e4\u00e4hdyt\u00e4 ja kuluta 7 p\u00e4iv\u00e4n kuluessa. <\/p>\n<p>Ainesosat: Neitsytoliivi\u00f6ljy (31 %), suola ja sitruunahappo happamuudens\u00e4\u00e4t\u00f6aine.<\/p>\n<p>Alsur on perheyritys, jossa ruoka on p\u00e4\u00e4henkil\u00f6.<\/p>\n<h4>S\u00e4ilykkeiden t\u00e4rkeimm\u00e4t edut<\/h4>\n<ol>\n<li>Ne s\u00e4ilytt\u00e4v\u00e4t kaikki elintarvikkeen ravitsemukselliset ominaisuudet. Ruoka s\u00e4ilytt\u00e4\u00e4 tuoreutensa. <\/li>\n<li>K\u00e4ytetyt elintarvikkeet ovat terveellisi\u00e4 ja sopivat siksi optimaaliseen ruokavalioon niiden korkean vitamiini- ja proteiinipitoisuuden ansiosta.<\/li>\n<li>N\u00e4iden tuotteiden k\u00e4ytt\u00f6ik\u00e4 on pidempi (tyypillisesti 2-5 vuotta).<\/li>\n<li>S\u00e4ilykkeet ovat eritt\u00e4in helppoja s\u00e4ilytt\u00e4\u00e4, sill\u00e4 niiden pakkaukset on helppo levitt\u00e4\u00e4.<\/li>\n<\/ol>\n<p>Jos haluat ostaa baby baby h\u00e4rk\u00e4papuja tonnikalan kanssa tai mit\u00e4 tahansa muuta <a href=\"https:\/\/latiendadesami.com\/categoria-producto\/conservas\/\" rel=\"noopener noreferrer nofollow\" target=\"_blank\">s\u00e4ilykeruokaa<\/a>, \u00e4l\u00e4 ep\u00e4r\u00f6i tutustua verkkoluetteloomme ja n\u00e4hd\u00e4ksesi laajan <a href=\"https:\/\/latiendadesami.com\/categoria-producto\/conservas\/atun-y-bonito\/\" target=\"_blank\" rel=\"noopener noreferrer nofollow\">tonnikalavalikoimamme<\/a>.<\/p>\n<p>Kirjoita meille saadaksesi lis\u00e4tietoja.<\/p>\n","protected":false},"excerpt":{"rendered":"<p>Baby h\u00e4rk\u00e4pavut<\/p>\n","protected":false},"featured_media":47339,"template":"","meta":{"_et_pb_use_builder":"","_et_pb_old_content":"","_et_gb_content_width":""},"product_brand":[1196],"product_cat":[1945,3730],"product_tag":[],"class_list":{"0":"post-47330","1":"product","2":"type-product","3":"status-publish","4":"has-post-thumbnail","6":"product_brand-alsur","7":"product_cat-sailyttaa","8":"product_cat-vihannekset","10":"first","11":"instock","12":"taxable","13":"shipping-taxable","14":"purchasable","15":"product-type-variable"},"_links":{"self":[{"href":"https:\/\/myspainfood.com\/fi\/wp-json\/wp\/v2\/product\/47330","targetHints":{"allow":["GET"]}}],"collection":[{"href":"https:\/\/myspainfood.com\/fi\/wp-json\/wp\/v2\/product"}],"about":[{"href":"https:\/\/myspainfood.com\/fi\/wp-json\/wp\/v2\/types\/product"}],"wp:featuredmedia":[{"embeddable":true,"href":"https:\/\/myspainfood.com\/fi\/wp-json\/wp\/v2\/media\/47339"}],"wp:attachment":[{"href":"https:\/\/myspainfood.com\/fi\/wp-json\/wp\/v2\/media?parent=47330"}],"wp:term":[{"taxonomy":"product_brand","embeddable":true,"href":"https:\/\/myspainfood.com\/fi\/wp-json\/wp\/v2\/product_brand?post=47330"},{"taxonomy":"product_cat","embeddable":true,"href":"https:\/\/myspainfood.com\/fi\/wp-json\/wp\/v2\/product_cat?post=47330"},{"taxonomy":"product_tag","embeddable":true,"href":"https:\/\/myspainfood.com\/fi\/wp-json\/wp\/v2\/product_tag?post=47330"}],"curies":[{"name":"wp","href":"https:\/\/api.w.org\/{rel}","templated":true}]}}