{"id":48570,"date":"2025-04-10T12:07:42","date_gmt":"2025-04-10T10:07:42","guid":{"rendered":"https:\/\/myspainfood.com\/producto\/chili-15-kg-nettopaino\/"},"modified":"2025-09-02T10:39:42","modified_gmt":"2025-09-02T08:39:42","slug":"chili-15-kg-nettopaino","status":"publish","type":"product","link":"https:\/\/myspainfood.com\/fi\/producto\/chili-15-kg-nettopaino\/","title":{"rendered":"Chili 1,5 kg nettopaino"},"content":{"rendered":"<p>Piparra 1,5 kg nettopaino etikassa antaa <a href=\"https:\/\/es.wikipedia.org\/wiki\/Guindilla_de_Ibarra\" target=\"_blank\" rel=\"noopener noreferrer nofollow\">ruokalajeillemme<\/a> sen mausteisen vivahteen, joka tekee niist\u00e4 erottuvia.<\/p>\n<p>T\u00e4m\u00e4 tuote saa suupielet v\u00e4r\u00e4htelem\u00e4\u00e4n, ja sit\u00e4 arvostetaan suuresti muhennosten tai maukkaiden kastikkeiden seurana.<\/p>\n<p>Baskimaan keitti\u00f6n moniin perinteisiin ainesosiin kuuluu piparra-chilipippuri.<\/p>\n<p>Erikoinen chili, sill\u00e4 se ei kirvele juuri lainkaan.<\/p>\n<p>Se sopii hyvin kaikenlaisiin ruokalistoihin, ja my\u00f6s ne, jotka eiv\u00e4t erityisesti pid\u00e4 t\u00e4st\u00e4 mausta, ottavat sen hyvin vastaan.<\/p>\n<p>T\u00e4st\u00e4 astiasta per\u00e4isin olevat 1,5 kg:n nettopainoiset Piparra-lajikkeet ovat keskikokoisia ja ne valmistetaan etikan kanssa.<\/p>\n<p>Aito kosketus, jolla piparraa yleens\u00e4 tarjoillaan ja joka saa kehosi v\u00e4risem\u00e4\u00e4n voimakkaan maun l\u00e4pi jokaisella suupalalla.<\/p>\n<p>Joitakin helmikanan ominaisuuksia:<\/p>\n<ul>\n<li>Alentaa kolesterolia.<\/li>\n<li>Stimuloi verenkiertoa ja hengitysteiden verenkiertoa.<\/li>\n<li>Uskotaan, ett\u00e4 se voi auttaa v\u00e4hent\u00e4m\u00e4\u00e4n ylipainoa nopeuttamalla aineenvaihduntaa.<\/li>\n<li>Joidenkin tutkimusten mukaan se suojaa vatsaa saamalla sen tuottamaan enemm\u00e4n limaa.<\/li>\n<\/ul>\n<p>Jos haluat ostaa oliiveja tai muita <a href=\"https:\/\/latiendadesami.com\/categoria-producto\/encurtidos\/\" rel=\"noopener noreferrer nofollow\" target=\"_blank\">suolakurkkuja<\/a>, \u00e4l\u00e4 ep\u00e4r\u00f6i tutustua verkkoluetteloomme ja n\u00e4hd\u00e4ksesi <a href=\"https:\/\/latiendadesami.com\/categoria-producto\/encurtidos\/pepinillos\/\" target=\"_blank\" rel=\"noopener noreferrer nofollow\">suolakurkkujen<\/a> laajan valikoiman.<\/p>\n","protected":false},"excerpt":{"rendered":"<p>Piparra 1,5 kg nettopaino etikassa antaa ruokalajeillemme sen mausteisen vivahteen, joka tekee niist\u00e4 erottuvia. T\u00e4m\u00e4 tuote saa suupielet v\u00e4r\u00e4htelem\u00e4\u00e4n, ja sit\u00e4 arvostetaan suuresti muhennosten tai maukkaiden kastikkeiden seurana. Baskimaan keitti\u00f6n moniin perinteisiin ainesosiin kuuluu piparra-chilipippuri. Erikoinen chili, sill\u00e4 se ei kirvele juuri lainkaan. Se sopii hyvin kaikenlaisiin ruokalistoihin, ja my\u00f6s ne, jotka eiv\u00e4t erityisesti pid\u00e4 [&hellip;]<\/p>\n","protected":false},"featured_media":48574,"template":"","meta":{"_et_pb_use_builder":"","_et_pb_old_content":"","_et_gb_content_width":""},"product_brand":[1069],"product_cat":[4021,1779],"product_tag":[9876],"class_list":{"0":"post-48570","1":"product","2":"type-product","3":"status-publish","4":"has-post-thumbnail","6":"product_brand-sangar","7":"product_cat-chilipaprikat","8":"product_cat-pikkelsia","9":"product_tag-piparra-fi","11":"first","12":"outofstock","13":"taxable","14":"shipping-taxable","15":"purchasable","16":"product-type-simple"},"_links":{"self":[{"href":"https:\/\/myspainfood.com\/fi\/wp-json\/wp\/v2\/product\/48570","targetHints":{"allow":["GET"]}}],"collection":[{"href":"https:\/\/myspainfood.com\/fi\/wp-json\/wp\/v2\/product"}],"about":[{"href":"https:\/\/myspainfood.com\/fi\/wp-json\/wp\/v2\/types\/product"}],"wp:featuredmedia":[{"embeddable":true,"href":"https:\/\/myspainfood.com\/fi\/wp-json\/wp\/v2\/media\/48574"}],"wp:attachment":[{"href":"https:\/\/myspainfood.com\/fi\/wp-json\/wp\/v2\/media?parent=48570"}],"wp:term":[{"taxonomy":"product_brand","embeddable":true,"href":"https:\/\/myspainfood.com\/fi\/wp-json\/wp\/v2\/product_brand?post=48570"},{"taxonomy":"product_cat","embeddable":true,"href":"https:\/\/myspainfood.com\/fi\/wp-json\/wp\/v2\/product_cat?post=48570"},{"taxonomy":"product_tag","embeddable":true,"href":"https:\/\/myspainfood.com\/fi\/wp-json\/wp\/v2\/product_tag?post=48570"}],"curies":[{"name":"wp","href":"https:\/\/api.w.org\/{rel}","templated":true}]}}