{"id":48648,"date":"2025-04-10T12:07:46","date_gmt":"2025-04-10T10:07:46","guid":{"rendered":"https:\/\/myspainfood.com\/producto\/manzanilla-4-kg-kaliiperi-180-200\/"},"modified":"2025-04-10T12:07:46","modified_gmt":"2025-04-10T10:07:46","slug":"manzanilla-4-kg-kaliiperi-180-200","status":"publish","type":"product","link":"https:\/\/myspainfood.com\/fi\/producto\/manzanilla-4-kg-kaliiperi-180-200\/","title":{"rendered":"Manzanilla 4 kg kaliiperi 180\/200"},"content":{"rendered":"<p>Manzanilla-oliivit 180\/200 kaliiperi 4kg s\u00e4ilytt\u00e4v\u00e4t <a href=\"https:\/\/www.google.com\/search?q=aceituna+manzanilla+calibre&amp;tbm=isch&amp;ved=2ahUKEwjzs-WOhPD1AhWHh1wKHXXjAgAQ2-cCegQIABAA&amp;oq=aceituna+manzanilla+calibre&amp;gs_lcp=CgNpbWcQA1CzBli4GGC8GWgAcAB4AIABbYgBzQySAQQxNy4ymAEAoAEBqgELZ3dzLXdpei1pbWfAAQE&amp;sclient=img&amp;ei=6FcCYvOfBoeP8gL1xgs&amp;bih=780&amp;biw=1577\" target=\"_blank\" rel=\"noopener noreferrer nofollow\">alkuper\u00e4isen<\/a> muotonsa ja kiven hedelm\u00e4n sis\u00e4ll\u00e4.<\/p>\n<p>Oliivipuun (Olea europaea) eri lajikkeita kutsutaan kamomillaksi.<\/p>\n<p>T\u00e4m\u00e4 nimi on annettu my\u00f6s niiden tuottamalle hedelm\u00e4lle tai oliiville.<\/p>\n<p>T\u00e4rkeimm\u00e4t lajikkeet ovat manzanilla sevillana, manzanilla cacere\u00f1a ja manzanilla alore\u00f1a.<\/p>\n<p>Kokonaisten oliivien s\u00e4ilytt\u00e4minen viile\u00e4ss\u00e4 ja kuivassa paikassa, suojassa auringonvalolta, on suositeltavaa.<\/p>\n<h3>Hy\u00f6dyt Kamomilla 180\/200 kaliiperi 4kg<\/h3>\n<p>Tiesitk\u00f6 n\u00e4iden oliivien moninaisista hy\u00f6dyist\u00e4? Ne ehk\u00e4isev\u00e4t eritt\u00e4in tehokkaasti syd\u00e4n- ja verenkiertoelinten sairauksia yleens\u00e4. <\/p>\n<p>T\u00e4m\u00e4 johtuu sen korkeasta tyydyttym\u00e4tt\u00f6mien rasvojen pitoisuudesta. Lis\u00e4ksi se sis\u00e4lt\u00e4\u00e4 paljon rautaa ja kuitua ja on eritt\u00e4in kyll\u00e4inen, mik\u00e4 tekee siit\u00e4 t\u00e4ydellisen v\u00e4lipalan. <\/p>\n<p>Jos haluat ostaa oliiveja tai muita <a href=\"https:\/\/latiendadesami.com\/categoria-producto\/encurtidos\/\" rel=\"noopener noreferrer nofollow\" target=\"_blank\">suolakurkkuja<\/a>, \u00e4l\u00e4 ep\u00e4r\u00f6i tutustua verkkoluetteloomme, josta n\u00e4et laajan valikoiman <a href=\"https:\/\/latiendadesami.com\/categoria-producto\/encurtidos\/aceitunas\/\" target=\"_blank\" rel=\"noopener noreferrer nofollow\">oliiveja<\/a>.<\/p>\n","protected":false},"excerpt":{"rendered":"<p>Manzanilla-oliivit 180\/200 kaliiperi 4kg s\u00e4ilytt\u00e4v\u00e4t alkuper\u00e4isen muotonsa ja kiven hedelm\u00e4n sis\u00e4ll\u00e4. Oliivipuun (Olea europaea) eri lajikkeita kutsutaan kamomillaksi. T\u00e4m\u00e4 nimi on annettu my\u00f6s niiden tuottamalle hedelm\u00e4lle tai oliiville. T\u00e4rkeimm\u00e4t lajikkeet ovat manzanilla sevillana, manzanilla cacere\u00f1a ja manzanilla alore\u00f1a. Kokonaisten oliivien s\u00e4ilytt\u00e4minen viile\u00e4ss\u00e4 ja kuivassa paikassa, suojassa auringonvalolta, on suositeltavaa. Hy\u00f6dyt Kamomilla 180\/200 kaliiperi 4kg Tiesitk\u00f6 [&hellip;]<\/p>\n","protected":false},"featured_media":48650,"template":"","meta":{"_et_pb_use_builder":"","_et_pb_old_content":"","_et_gb_content_width":""},"product_brand":[1069],"product_cat":[1781,1779],"product_tag":[2043],"class_list":{"0":"post-48648","1":"product","2":"type-product","3":"status-publish","4":"has-post-thumbnail","6":"product_brand-sangar","7":"product_cat-oliivit","8":"product_cat-pikkelsia","9":"product_tag-kamomilla","11":"first","12":"outofstock","13":"taxable","14":"shipping-taxable","15":"purchasable","16":"product-type-simple"},"_links":{"self":[{"href":"https:\/\/myspainfood.com\/fi\/wp-json\/wp\/v2\/product\/48648","targetHints":{"allow":["GET"]}}],"collection":[{"href":"https:\/\/myspainfood.com\/fi\/wp-json\/wp\/v2\/product"}],"about":[{"href":"https:\/\/myspainfood.com\/fi\/wp-json\/wp\/v2\/types\/product"}],"wp:featuredmedia":[{"embeddable":true,"href":"https:\/\/myspainfood.com\/fi\/wp-json\/wp\/v2\/media\/48650"}],"wp:attachment":[{"href":"https:\/\/myspainfood.com\/fi\/wp-json\/wp\/v2\/media?parent=48648"}],"wp:term":[{"taxonomy":"product_brand","embeddable":true,"href":"https:\/\/myspainfood.com\/fi\/wp-json\/wp\/v2\/product_brand?post=48648"},{"taxonomy":"product_cat","embeddable":true,"href":"https:\/\/myspainfood.com\/fi\/wp-json\/wp\/v2\/product_cat?post=48648"},{"taxonomy":"product_tag","embeddable":true,"href":"https:\/\/myspainfood.com\/fi\/wp-json\/wp\/v2\/product_tag?post=48648"}],"curies":[{"name":"wp","href":"https:\/\/api.w.org\/{rel}","templated":true}]}}